{"id":99,"date":"2016-05-13T13:13:35","date_gmt":"2016-05-13T11:13:35","guid":{"rendered":"http:\/\/www.cressy.ch\/?page_id=99"},"modified":"2016-05-13T13:13:35","modified_gmt":"2016-05-13T11:13:35","slug":"fete-du-sapin-2013","status":"publish","type":"page","link":"https:\/\/cressy.ch\/index.php\/historique\/2013-2\/fete-du-sapin-2013\/","title":{"rendered":"F\u00eate du sapin 2013"},"content":{"rendered":"<div class=\"content\">\n<p>En ce 15 d\u00e9cembre 2013, le brouillard a envahi tout le quartier de Cressy. Un brouillard si dense que l\u2019on ne voyait pas \u00e0 deux m\u00e8tres. Heureusement les lumi\u00e8res de l\u2019\u00e9cole et des deux sapins ont illumin\u00e9 les lieux. On aurait presque pu voir sortir les trolls, gnomes et elfes de sous les troncs des arbres ou \u00e9merger d\u2019on ne sait trop o\u00f9.<\/p>\n<p>Et bien non ! Le quartier s\u2019est agit\u00e9 sous les efforts des lutins de l\u2019AHC qui pr\u00e9paraient la F\u00eate du Sapin : mettre les tables et bancs, installer les nappes, brancher les fours \u00e0 raclette, arranger les fromages-oignons-cornichons-pomme de terre, disposer la vaisselle, d\u00e9corer les lieux avec de belles affiches, installer les bancs pour \u00e9couter les contes, apporter le vin chaud-th\u00e9 de No\u00ebl-sirop chaud\u2026<\/p>\n<p>Les fours \u00e9taient chauds quand les gens ont commenc\u00e9 \u00e0 arriver et les raclettes ont rapidement criss\u00e9 de joie dans les po\u00ealons. Pendant ce temps, les enfants sont all\u00e9s s\u2019asseoir pour \u00e9couter l\u2019histoire de Mira le phoque et de celle qui explique pourquoi les adultes ne re\u00e7oivent pas de paquets du P\u00e8re No\u00ebl.<br \/>\nNous allons prendre un moment pour vous l\u2019expliquer, car c\u2019est important que tout un chacun soit au courant. Un jour le P\u00e8re No\u00ebl rencontra un \u00e2ne qui lui proposa de distribuer les paquets \u00e0 sa place. Le P\u00e8re No\u00ebl accepta avec grand plaisir, car il \u00e9tait \u00e9puis\u00e9. Mais comme vous le savez un \u00e2ne ne sait pas lire. Il distribua donc au hasard les diff\u00e9rents paquets qu\u2019il y avait dans la hotte.<br \/>\nEt l\u00e0, ce fut la consternation ! Une vielle dame re\u00e7ut une lolette, un enfant de 5 ans un livre sans image\u2026<br \/>\nLes pleurs et les grincements de dents envahirent la Terre cette ann\u00e9e l\u00e0. Donc depuis, le P\u00e8re No\u00ebl d\u00e9cida que lui distribuerait les cadeaux des enfants et les adultes eux s\u2019occuperaient de leurs cadeaux.<\/p>\n<p>Et d\u2019ailleurs, ce dernier, malgr\u00e9 sa fatigue, a d\u00e9cid\u00e9 de venir \u00e0 la rencontre des petits de Cressy qui ont ouvert leurs yeux de surprise \u00e0 sa vue.<br \/>\nC\u2019\u00e9tait trop mignon de les voir si admiratifs. Les plus grands, eux, ont essay\u00e9 de lui tirer la barbe. Ah, les coquins !<\/p>\n<p>Le pr\u00e9au bruissait de mille sons : les \u00e9changes de paroles, l\u2019entrechoquement des verres, la mastication des mandibules, la fonte du fromage, les rires des gens, les jeux des enfants et la r\u00e9sonnance de la musique.<\/p>\n<p>Le quartier a donc eu un moment d\u2019\u00e9claircie durant cette journ\u00e9e si opaque.<\/p>\n<\/div>\n<div class=\"clear-block clear\"><\/div>\n","protected":false},"excerpt":{"rendered":"<p>En ce 15 d\u00e9cembre 2013, le brouillard a envahi tout le quartier de Cressy. Un brouillard si dense que l\u2019on ne voyait pas \u00e0 deux m\u00e8tres. Heureusement les lumi\u00e8res de l\u2019\u00e9cole et des deux sapins ont illumin\u00e9 les lieux. On aurait presque pu voir sortir les trolls, gnomes et elfes \u2026 <a class=\"continue-reading-link\" href=\"https:\/\/cressy.ch\/index.php\/historique\/2013-2\/fete-du-sapin-2013\/\"> Continue reading <span class=\"meta-nav\">&rarr; <\/span><\/a><\/p>\n","protected":false},"author":1,"featured_media":0,"parent":45,"menu_order":0,"comment_status":"closed","ping_status":"closed","template":"","meta":{"jetpack_post_was_ever_published":false,"footnotes":""},"jetpack_sharing_enabled":true,"jetpack_shortlink":"https:\/\/wp.me\/P7Ajlu-1B","jetpack-related-posts":[{"id":481,"url":"https:\/\/cressy.ch\/index.php\/historique\/2017-2\/la-fete-du-sapin-2017-a-eu-lieu\/","url_meta":{"origin":99,"position":0},"title":"LA FETE DU SAPIN 2017 A EU LIEU","author":"chperetti","date":"12 d\u00e9cembre 2017","format":false,"excerpt":"La bise a largement souffl\u00e9 et refroidi l\u2019air depuis 2 jours, les fourmis-lutins se sont donc habill\u00e9es en cons\u00e9quence pour venir installer toutes l\u2019infrastructure de la F\u00eate du Sapin ce dimanche 3 d\u00e9cembre. Mais \u00e0 force de porter, installer, r\u00e9fl\u00e9chir, scotcher, d\u00e9corer, accrocher, grimper, se plier et simplement marcher les\u2026","rel":"","context":"Article similaire","block_context":{"text":"Article similaire","link":""},"img":{"alt_text":"","src":"","width":0,"height":0},"classes":[]},{"id":121,"url":"https:\/\/cressy.ch\/index.php\/historique\/2011-2\/fete-du-sapin-2011\/","url_meta":{"origin":99,"position":1},"title":"F\u00eate du sapin 2011","author":"chperetti","date":"13 mai 2016","format":false,"excerpt":"\u00a0 cliquez\u00a0\u00a0 ici\u00a0\u00a0 pour voir toutes\u00a0les photos\u00a0\u00a0\u00a0\u00a0\u00a0\u00a0\u00a0\u00a0\u00a0\u00a0\u00a0\u00a0\u00a0\u00a0\u00a0\u00a0\u00a0\u00a0\u00a0\u00a0\u00a0\u00a0\u00a0\u00a0\u00a0\u00a0\u00a0\u00a0\u00a0\u00a0\u00a0\u00a0\u00a0\u00a0\u00a0\u00a0\u00a0\u00a0\u00a0\u00a0\u00a0 La F\u00eate du Sapin \u00e0 Cressy Les lutins de l\u2019AHC (association des habitants de Cressy) se sont \u00e9vertu\u00e9s \u00e0 cr\u00e9er une jolie ambiance de pr\u00e9-f\u00eate pour la F\u00eate du Sapin \u00e0 Cressy, le dimanche 18 d\u00e9cembre. Au vu du monde pr\u00e9sent et malgr\u00e9\u2026","rel":"","context":"Article similaire","block_context":{"text":"Article similaire","link":""},"img":{"alt_text":"","src":"","width":0,"height":0},"classes":[]},{"id":90,"url":"https:\/\/cressy.ch\/index.php\/historique\/2014-2\/fete-du-sapin-2014\/","url_meta":{"origin":99,"position":2},"title":"F\u00eate du Sapin 2014","author":"chperetti","date":"13 mai 2016","format":false,"excerpt":"Cette ann\u00e9e, les lutins de l\u2019AHC ont organis\u00e9 la F\u00eate du Sapin un peu plus t\u00f4t que d\u2019habitude. Les gens n\u2019\u00e9tant pas encore surcharg\u00e9s d\u2019activit\u00e9s et de stress pour les F\u00eates, ils ont eu le temps de venir partager le vin chaud et la raclette offerts par les lutins. Le\u2026","rel":"","context":"Article similaire","block_context":{"text":"Article similaire","link":""},"img":{"alt_text":"","src":"","width":0,"height":0},"classes":[]},{"id":85,"url":"https:\/\/cressy.ch\/index.php\/historique\/2015-2\/fete-du-sapin-2015\/","url_meta":{"origin":99,"position":3},"title":"F\u00eate du Sapin 2015","author":"chperetti","date":"13 mai 2016","format":false,"excerpt":"Etant donn\u00e9 que le quartier commence \u00e0 se parer de couleurs hivernales, les fourmis orange de l\u2019AHC, transform\u00e9es en lutins rouge pour cette occasion, ont d\u00e9cid\u00e9 de r\u00e9chauffer le c\u0153ur de ses habitants en leur proposant une bonne raclette. Elle ne sera pas cuite au feu de bois, car les\u2026","rel":"","context":"Article similaire","block_context":{"text":"Article similaire","link":""},"img":{"alt_text":"","src":"","width":0,"height":0},"classes":[]},{"id":113,"url":"https:\/\/cressy.ch\/index.php\/historique\/2012-2\/fete-du-sapin-2012\/","url_meta":{"origin":99,"position":4},"title":"F\u00eate du Sapin 2012","author":"chperetti","date":"13 mai 2016","format":false,"excerpt":"Il y a 3 jours la neige a essaim\u00e9 dans les rues genevoises, mais la pluie l\u2019a malheureusement chass\u00e9e le lendemain. Nous avons donc f\u00eat\u00e9 le Sapin sans neige et m\u00eame avec un temps tr\u00e8s doux. Pour une fois, nous, les lutins de l\u2019AHC, n\u2019avons pas \u00e9t\u00e9 transis de froid\u2026","rel":"","context":"Article similaire","block_context":{"text":"Article similaire","link":""},"img":{"alt_text":"","src":"","width":0,"height":0},"classes":[]},{"id":377,"url":"https:\/\/cressy.ch\/index.php\/historique\/2016-2\/est-2016\/","url_meta":{"origin":99,"position":5},"title":"La f\u00eate de Cressy a eu lieu","author":"chperetti","date":"1 novembre 2016","format":false,"excerpt":"Le 25 septembre, les fourmis orange ont trim\u00e9 depuis 7h30 pour mettre en place la F\u00eate Cressy. Elles \u00e9taient encore toute endormies. Certaines \u00e9taient d\u00e9j\u00e0 en habit d\u2019\u00e9t\u00e9, car le temps annonc\u00e9 \u00e9tait au beau et chaud et d\u2019autres \u00e9taient habill\u00e9es comme en hiver. Elles devaient encore s\u2019imaginer au chaud\u2026","rel":"","context":"Article similaire","block_context":{"text":"Article similaire","link":""},"img":{"alt_text":"","src":"","width":0,"height":0},"classes":[]}],"_links":{"self":[{"href":"https:\/\/cressy.ch\/index.php\/wp-json\/wp\/v2\/pages\/99"}],"collection":[{"href":"https:\/\/cressy.ch\/index.php\/wp-json\/wp\/v2\/pages"}],"about":[{"href":"https:\/\/cressy.ch\/index.php\/wp-json\/wp\/v2\/types\/page"}],"author":[{"embeddable":true,"href":"https:\/\/cressy.ch\/index.php\/wp-json\/wp\/v2\/users\/1"}],"replies":[{"embeddable":true,"href":"https:\/\/cressy.ch\/index.php\/wp-json\/wp\/v2\/comments?post=99"}],"version-history":[{"count":1,"href":"https:\/\/cressy.ch\/index.php\/wp-json\/wp\/v2\/pages\/99\/revisions"}],"predecessor-version":[{"id":100,"href":"https:\/\/cressy.ch\/index.php\/wp-json\/wp\/v2\/pages\/99\/revisions\/100"}],"up":[{"embeddable":true,"href":"https:\/\/cressy.ch\/index.php\/wp-json\/wp\/v2\/pages\/45"}],"wp:attachment":[{"href":"https:\/\/cressy.ch\/index.php\/wp-json\/wp\/v2\/media?parent=99"}],"curies":[{"name":"wp","href":"https:\/\/api.w.org\/{rel}","templated":true}]}}