{"id":97,"date":"2016-05-13T13:12:49","date_gmt":"2016-05-13T11:12:49","guid":{"rendered":"http:\/\/www.cressy.ch\/?page_id=97"},"modified":"2016-05-13T13:12:49","modified_gmt":"2016-05-13T11:12:49","slug":"fete-de-cressy-2013","status":"publish","type":"page","link":"https:\/\/cressy.ch\/index.php\/historique\/2013-2\/fete-de-cressy-2013\/","title":{"rendered":"F\u00eate de Cressy 2013"},"content":{"rendered":"<p>Cette ann\u00e9e la F\u00eate de Cressy s\u2019est d\u00e9roul\u00e9e sous un magnifique soleil d\u2019automne. Les fourmis orange ont eu les antennes creuses lors du choix de la date.<\/p>\n<p>&nbsp;<\/p>\n<p>La pr\u00e9paration de la f\u00eate a v\u00e9cu quelques petites anicroches qui ont furtivement mis les batteries des fourmis un peu \u00e0 plat. Mais elles ont une capacit\u00e9 grandiose ces petites b\u00eates l\u00e0, elles ont tr\u00e8s rapidement r\u00e9ussi \u00e0 rebondir et trouver des solutions.<\/p>\n<p>Il a fallu qu\u2019elles voient avec les services ext\u00e9rieurs comment g\u00e9rer une nouvelle situation\u00a0: le mat\u00e9riel (tables, bancs, vaubans, podium, tente) ne peut plus \u00eatre entrepos\u00e9 dans le pr\u00e9au tant que les enfants sont sous la responsabilit\u00e9 de l\u2019\u00e9cole, ce \u00e0 quoi elles adh\u00e8rent compl\u00e8tement. La s\u00e9curit\u00e9 de nos petits monstres est en jeu.<\/p>\n<p>Mais comment faire lorsque les services ext\u00e9rieurs ne travaillent pas le week-end\u00a0? Pour finir, ils ont trouv\u00e9 la solution\u00a0: mettre les chariots de tables-bancs et vaubans sur les places \u00ab\u00a0urgence\u00a0\u00bb qui se trouvent devant l\u2019\u00e9cole, monter le podium le vendredi lorsque les enfants \u00e9taient dans les classes et la tente apr\u00e8s 15h. Ouf\u00a0!<\/p>\n<p>Les TPG ont aussi mis les b\u00e2tons dans les \u00ab\u00a0pattes\u00a0\u00bb des fourmis. Elles sont tellement braves ces fourmis, qu\u2019elles ont m\u00eame compris leur souci.<\/p>\n<p>Rappelez-vous le vide-grenier du mois d\u2019avril\u00a0: le bus n\u2019a pas pu trouver son chemin vers le terminus du bus en raison d\u2019une voiture ayant eu l\u2019audace de se garer comme si elle \u00e9tait seule au monde. Le bus a donc \u00e9t\u00e9 stopp\u00e9 pendant un certain temps. Les TPG avaient \u00e9t\u00e9 super cool et n\u2019ont pas envoy\u00e9 de facture, mais ils demandent des garanties afin qu\u2019ils puissent desservir correctement leurs clients.<\/p>\n<p>Les fourmis ont donc d\u00e9cid\u00e9 de leur demander d\u2019organiser le changement de lieu du terminus au rond point de la route de Lo\u00ebx pour la journ\u00e9e, ce qu\u2019ils se sont empress\u00e9s d\u2019accepter.<\/p>\n<p>Mais ceci a bien s\u00fbr un prix: 950 Fr\u00a0! Waouh\u00a0! Comment vont-elles faire\u00a0? Ben, simplement demander aux Mairies de Bernex et Confignon de prendre en charge la facture.<\/p>\n<p>Bernex a tout de suite accept\u00e9 et a m\u00eame d\u00e9cid\u00e9 de payer la moiti\u00e9 de la facture, alors que la cl\u00e9 de r\u00e9partition entre les communes est de un tiers pour Bernex et de deux tiers pour Confignon.<\/p>\n<p>Par contre, Confignon n\u2019a toujours pas r\u00e9pondu alors que la demande leur a \u00e9t\u00e9 faite 5 semaines avant la F\u00eate.<\/p>\n<p>Elles ont malgr\u00e9 tout bon c\u0153ur et ont quand m\u00eame envoy\u00e9 une lettre de remerciement apr\u00e8s la F\u00eate concernant le soutien logistique que la commune a mis \u00e0 disposition entre les services ext\u00e9rieurs, la Police Municipale et le concierge de l\u2019\u00e9cole. Dans cette lettre, elles ont dit qu\u2019elles attendaient toujours une r\u00e9ponse de leur part. Donc peut-\u00eatre qu\u2019ils sont en discussion pour payer cette facture. Ah, ce qu\u2019elles sont r\u00eaveuses ces fourmis\u00a0!<\/p>\n<p>En attendant, la facture est pour moiti\u00e9 pour Bernex et pour l\u2019autre pour les fourmis.<\/p>\n<p>Heureusement qu\u2019elles se sont mises en quatre et ont travaill\u00e9 depuis plusieurs ann\u00e9es maintenant lors de la Rue aux Enfants et des Rencontres Musicales afin de cr\u00e9er un p\u00e9cule qui permettra de payer cette facture ainsi que d\u2019autres.<\/p>\n<p>Les fourmis ont depuis quelques temps des soucis avec l\u2019\u00e9lectricit\u00e9 \u00e0 disposition dans l\u2019\u00e9cole. A chaque fois, elles se font des frayeurs en faisant \u00ab\u00a0sauter\u00a0\u00bb les plombs. Elles ont tellement besoin d\u2019\u00e9nergie qu\u2019il a fallu qu\u2019elles se fassent conseiller par un \u00e9lectricien qui leur a mis un tableau \u00e9lectrique \u00e0 disposition. En fait, elles n\u2019\u00e9taient pas tr\u00e8s malignes et surchargeaient certaines prises. Il leur a propos\u00e9 un devis pour l\u2019acquisition de ce mat\u00e9riel. Et c\u2019est \u00e0 nouveau 900 Fr. Elles ont \u00e0 nouveau fait une demande de soutien financier aupr\u00e8s des deux Mairies et attendent la r\u00e9ponse.<\/p>\n<p>&nbsp;<\/p>\n<p>Voil\u00e0 pour les choses qui f\u00e2chent\u00a0! Passons maintenant \u00e0 la narration de cette belle journ\u00e9e.<\/p>\n<p>Qu\u2019est-ce que les fourmis ont pr\u00e9vu cette ann\u00e9e afin que cette journ\u00e9e devienne une telle r\u00e9ussite\u00a0?<\/p>\n<p>Ce qui est s\u00fbr c\u2019est qu\u2019elles se sont mises en quatre. Elles auraient bien voulu se mettre en huit, mais la contorsion n\u2019est pas encore leur fort. Et pourtant, elles ont bien observ\u00e9 (enfin celles qui avaient quartier libre un moment, donc au final tr\u00e8s peu) le spectacle de cirque de la troupe Alta\u00efr et ont m\u00eame essay\u00e9 le trap\u00e8ze apr\u00e8s comme beaucoup d\u2019autres enfants. Mais, cela n\u2019a pas \u00e9t\u00e9 tr\u00e8s concluant\u2026 elles ont plut\u00f4t eu peur quand elles se sont retrouv\u00e9es la t\u00eate \u00e0 l\u2019envers\u00a0!<\/p>\n<p>Alors elles se sont dit que peut-\u00eatre en apprenant \u00e0 danser le rock comme la rock dance company, elles arriveraient \u00e0 acqu\u00e9rir des muscles et une souplesse qui leur permettrait le \u00ab\u00a0pliage\u00a0\u00bb en huit. Car il faut les voir ces danseurs\u00a0! C\u2019\u00e9tait de toute beaut\u00e9 et d\u2019une \u00e9nergie impressionnante\u00a0! Ils ont d\u00e9gag\u00e9 quelque chose de fou. Apr\u00e8s tout le monde avait envie de faire comme eux. Mais voil\u00e0, ce n\u2019est pas aussi simple que \u00e7a\u00a0! Ils en passent des heures \u00e0 s\u2019exercer, nous n\u2019osons m\u00eame pas imaginer\u00a0! Oh, la, la mais les fourmis, elles, n\u2019ont pas le temps.<\/p>\n<p>Elles vont encore tenter une derni\u00e8re\u00a0chose : s\u2019imaginer pli\u00e9es en huit puis se dessiner gr\u00e2ce au stand de dessins et bricolage propos\u00e9s par l\u2019association AFJ (aide familiale de jour). Mais, elles se rendent tr\u00e8s vite compte que les enfants sont bien meilleurs qu\u2019elles dans cet art si difficile\u00a0!<\/p>\n<p>Elles se sont aussi rendu compte que les ballons se contorsionnent bien mieux qu\u2019elles en s\u2019envolant dans le ciel bleu.<\/p>\n<p>La fourmi secr\u00e9taire s\u2019est, quant \u00e0 elle, contorsionn\u00e9e les m\u00e9ninges afin de ne pas oublier d\u2019appeler Skyguide un quart d\u2019heure avant le l\u00e2cher de ballons. Elle a saoul\u00e9 toutes les autres fourmis \u00e0 tel point qu\u2019\u00e0 11h45 pr\u00e9cise une mar\u00e9e orange \u00e0 afflu\u00e9 vers elle pour lui demander si elle avait pass\u00e9 l\u2019appel.<\/p>\n<p>Apr\u00e8s toutes ces activit\u00e9s les fourmis ont d\u00e9cid\u00e9 la mort dans l\u2019\u00e2me qu\u2019elles ne se plieront plus qu\u2019en quatre \u00e0 l\u2019avenir. Elles sont r\u00e9alistes\u00a0! Elles ont d\u00e9j\u00e0 des difficult\u00e9s \u00e0 porter les tables, leur dos \u00e0 chaque fois est hors service pendant quelques jours\u00a0; donc se contorsionner\u2026 n\u2019en parlons m\u00eame plus\u00a0! Heureusement, les jeunes sont l\u00e0 pour prendre la rel\u00e8ve et acceptent de faire ces lourdes t\u00e2ches contre r\u00e9mun\u00e9ration. Il y en a m\u00eame deux qui ont brav\u00e9 les lois du sommeil et ont r\u00e9ussi \u00e0 sortir du lit \u00e0 huit heures\u00a0! Et \u00e0 la fin de la journ\u00e9e, il y en a m\u00eame un qui a aid\u00e9 sans r\u00e9mun\u00e9ration, alors que les adultes sont tout simplement partis sans proposer leur aide. Mais ceci c\u2019est aussi le reflet et l\u2019\u00e9volution de la soci\u00e9t\u00e9 actuelle et les fourmis ont appris \u00e0 l\u2019accepter. Peut-\u00eatre que tous ces adultes, qui ont profit\u00e9 de la journ\u00e9e, ont aussi certainement tr\u00e8s mal au dos comme elles.<\/p>\n<p>Un autre s\u2019est aussi pr\u00e9serv\u00e9 le dos: le poney. Il a pr\u00e9f\u00e9r\u00e9 r\u00e9partir le poids des enfants sur une charrette plut\u00f4t que de les faire s\u2019installer sur son dos. Quel malin\u00a0!<\/p>\n<p>Les fourmis ont tent\u00e9 une exp\u00e9rience afin de pr\u00e9server le dos de la jeunesse\u00a0: faire d\u00e9placer les tables toutes seules gr\u00e2ce \u00e0 de la prestidigitation. Ah\u2026 cela ne marche pas comme \u00e7a\u00a0? Pourtant, le magicien lui a bien r\u00e9ussi \u00e0 faire dispara\u00eetre et appara\u00eetre des choses pendant son spectacle\u00a0!<\/p>\n<p>Il y en a d\u2019autres qui ont essay\u00e9 des tours de magie\u00a0: ceux qui ont tent\u00e9 de trouver les billets gagnants de la tombola par de la clairvoyance. Mais cela n\u2019a pas forc\u00e9ment bien march\u00e9 non plus, car beaucoup sont revenus plusieurs fois.<\/p>\n<p>Pendant ce temps la musique vibre \u00e0 pleins tubes dans le quartier gr\u00e2ce \u00e0 de jeunes musiciens. On voit qu\u2019ils prennent \u00e9norm\u00e9ment de plaisir \u00e0 ce qu\u2019ils font.<\/p>\n<p>La fourmi \u00ab\u00a0micro\u00a0\u00bb tente discr\u00e8tement de faire un pas de danse, mais l\u2019exercice manque. Elle pr\u00e9f\u00e8re d\u00e9ambuler tranquillement entre les gens et expliquer les activit\u00e9s de la journ\u00e9e, \u00e9num\u00e9rer les diff\u00e9rents sponsors, d\u00e9crire le r\u00f4le de l\u2019AHC ainsi que la fonction et les particularit\u00e9s de chacun des membres du comit\u00e9 et inciter les gens \u00e0 se rendre \u00e0 des activit\u00e9s en cours. Elle est tellement excellente dans sa mani\u00e8re de faire que cinq minutes avant que les r\u00e9sultats du panier garni soient proclam\u00e9s cela a \u00e9t\u00e9 la ru\u00e9e pour venir en estimer le poids. C\u2019est un gar\u00e7on du quartier qui a gagn\u00e9 le panier\u00a0! En voil\u00e0 un qui s\u2019endormira en r\u00eavant de gagner aussi celui de l\u2019ann\u00e9e prochaine.<\/p>\n<p>Les diff\u00e9rentes attractions attirent les petits comme les plus grands.<\/p>\n","protected":false},"excerpt":{"rendered":"<p>Cette ann\u00e9e la F\u00eate de Cressy s\u2019est d\u00e9roul\u00e9e sous un magnifique soleil d\u2019automne. Les fourmis orange ont eu les antennes creuses lors du choix de la date. &nbsp; La pr\u00e9paration de la f\u00eate a v\u00e9cu quelques petites anicroches qui ont furtivement mis les batteries des fourmis un peu \u00e0 plat. \u2026 <a class=\"continue-reading-link\" href=\"https:\/\/cressy.ch\/index.php\/historique\/2013-2\/fete-de-cressy-2013\/\"> Continue reading <span class=\"meta-nav\">&rarr; <\/span><\/a><\/p>\n","protected":false},"author":1,"featured_media":0,"parent":45,"menu_order":0,"comment_status":"closed","ping_status":"closed","template":"","meta":{"jetpack_post_was_ever_published":false,"footnotes":""},"jetpack_sharing_enabled":true,"jetpack_shortlink":"https:\/\/wp.me\/P7Ajlu-1z","jetpack-related-posts":[{"id":111,"url":"https:\/\/cressy.ch\/index.php\/historique\/2012-2\/fete-de-cressy-2012\/","url_meta":{"origin":97,"position":0},"title":"F\u00eate de Cressy 2012","author":"chperetti","date":"13 mai 2016","format":false,"excerpt":"La F\u00eate de Cressy a eu les bons augures des cieux, ouf\u00a0! 24h apr\u00e8s la pluie a fait son retour\u00a0! Les fourmis orange de l\u2019AHC sont \u00e0 pied d\u2019\u0153uvre depuis 8h en ce dimanche brumeux du 23 septembre. Elles sont aid\u00e9es par des jeunes du quartier pour tout ce qui\u2026","rel":"","context":"Article similaire","block_context":{"text":"Article similaire","link":""},"img":{"alt_text":"","src":"","width":0,"height":0},"classes":[]},{"id":93,"url":"https:\/\/cressy.ch\/index.php\/historique\/2014-2\/matinee-de-nettoyage-2014\/","url_meta":{"origin":97,"position":1},"title":"Matin\u00e9e de nettoyage 2014","author":"chperetti","date":"13 mai 2016","format":false,"excerpt":"Le quartier de Cressy s\u2019est r\u00e9veill\u00e9 le dimanche 18 mai sous un magnifique soleil et une absence de bise, ouf\u2026 car cette ann\u00e9e le d\u00e9but du mois de mai a \u00e9t\u00e9 riche en vents. Les fourmis de l\u2019AHC sont pr\u00eates \u00e0 accueillir les habitants pour la matin\u00e9e nettoyage. A 10h,\u2026","rel":"","context":"Article similaire","block_context":{"text":"Article similaire","link":""},"img":{"alt_text":"","src":"","width":0,"height":0},"classes":[]},{"id":83,"url":"https:\/\/cressy.ch\/index.php\/historique\/2015-2\/fete-de-cressy-2015\/","url_meta":{"origin":97,"position":2},"title":"F\u00eate de Cressy 2015","author":"chperetti","date":"13 mai 2016","format":false,"excerpt":"Les fourmis orange de l\u2019AHC ont fait un r\u00eave pour cette ann\u00e9e exceptionnelle qui comm\u00e9more les 10 ans de sa cr\u00e9ation : que tout se passe bien pour l\u2019organisation de la F\u00eate de Cressy, que la manifestation soit appr\u00e9ci\u00e9e, que les gens apportent spontan\u00e9ment leur aide, que la pluie ne\u2026","rel":"","context":"Article similaire","block_context":{"text":"Article similaire","link":""},"img":{"alt_text":"","src":"","width":0,"height":0},"classes":[]},{"id":107,"url":"https:\/\/cressy.ch\/index.php\/historique\/2012-2\/ahc-fete-ses-benevoles\/","url_meta":{"origin":97,"position":3},"title":"AHC f\u00eate ses b\u00e9n\u00e9voles","author":"chperetti","date":"13 mai 2016","format":false,"excerpt":"\u00a0\u00a0\u00a0\u00a0\u00a0\u00a0\u00a0 \u00a0\u00a0\u00a0\u00a0 \u00a0 \u00a0 L\u2019AHC FETE SES BENEVOLES Il est 19h en ce 17 janvier 2012. L\u2019ombre de Sherlock Holmes, bien curieuse, traverse Cressy\u2026 et se pose des questions. La lumi\u00e8re dans le tea-room brille encore de tous ces feux. Des gens habill\u00e9s bien chaudement osent p\u00e9n\u00e9trer en faisant tinter\u2026","rel":"","context":"Article similaire","block_context":{"text":"Article similaire","link":""},"img":{"alt_text":"","src":"","width":0,"height":0},"classes":[]},{"id":377,"url":"https:\/\/cressy.ch\/index.php\/historique\/2016-2\/est-2016\/","url_meta":{"origin":97,"position":4},"title":"La f\u00eate de Cressy a eu lieu","author":"chperetti","date":"1 novembre 2016","format":false,"excerpt":"Le 25 septembre, les fourmis orange ont trim\u00e9 depuis 7h30 pour mettre en place la F\u00eate Cressy. Elles \u00e9taient encore toute endormies. Certaines \u00e9taient d\u00e9j\u00e0 en habit d\u2019\u00e9t\u00e9, car le temps annonc\u00e9 \u00e9tait au beau et chaud et d\u2019autres \u00e9taient habill\u00e9es comme en hiver. Elles devaient encore s\u2019imaginer au chaud\u2026","rel":"","context":"Article similaire","block_context":{"text":"Article similaire","link":""},"img":{"alt_text":"","src":"","width":0,"height":0},"classes":[]},{"id":87,"url":"https:\/\/cressy.ch\/index.php\/historique\/2014-2\/fete-de-cressy-2014\/","url_meta":{"origin":97,"position":5},"title":"F\u00eate de Cressy 2014","author":"chperetti","date":"13 mai 2016","format":false,"excerpt":"F\u00eate de Cressy - 28 septembre 2014 Mais pourquoi donc ? Ben, ce sera la F\u00eate de Cressy, et les fourmis orange de l\u2019AHC ont \u00e0 nouveau concoct\u00e9 un beau programme ! Cette ann\u00e9e, la f\u00eate va se d\u00e9placer sur la place du terminus du bus. En effet, la proximit\u00e9\u2026","rel":"","context":"Article similaire","block_context":{"text":"Article similaire","link":""},"img":{"alt_text":"","src":"","width":0,"height":0},"classes":[]}],"_links":{"self":[{"href":"https:\/\/cressy.ch\/index.php\/wp-json\/wp\/v2\/pages\/97"}],"collection":[{"href":"https:\/\/cressy.ch\/index.php\/wp-json\/wp\/v2\/pages"}],"about":[{"href":"https:\/\/cressy.ch\/index.php\/wp-json\/wp\/v2\/types\/page"}],"author":[{"embeddable":true,"href":"https:\/\/cressy.ch\/index.php\/wp-json\/wp\/v2\/users\/1"}],"replies":[{"embeddable":true,"href":"https:\/\/cressy.ch\/index.php\/wp-json\/wp\/v2\/comments?post=97"}],"version-history":[{"count":1,"href":"https:\/\/cressy.ch\/index.php\/wp-json\/wp\/v2\/pages\/97\/revisions"}],"predecessor-version":[{"id":98,"href":"https:\/\/cressy.ch\/index.php\/wp-json\/wp\/v2\/pages\/97\/revisions\/98"}],"up":[{"embeddable":true,"href":"https:\/\/cressy.ch\/index.php\/wp-json\/wp\/v2\/pages\/45"}],"wp:attachment":[{"href":"https:\/\/cressy.ch\/index.php\/wp-json\/wp\/v2\/media?parent=97"}],"curies":[{"name":"wp","href":"https:\/\/api.w.org\/{rel}","templated":true}]}}