{"id":954,"date":"2024-10-08T17:29:31","date_gmt":"2024-10-08T15:29:31","guid":{"rendered":"https:\/\/cressy.ch\/?page_id=954"},"modified":"2024-10-08T17:32:05","modified_gmt":"2024-10-08T15:32:05","slug":"bal-denfer-et-sa-salle-de-lhorreur","status":"publish","type":"page","link":"https:\/\/cressy.ch\/index.php\/bal-denfer-et-sa-salle-de-lhorreur\/","title":{"rendered":"Le Bal d&#8217;Enfer et sa salle de l&#8217;horreur !!!!!!     Venez si vous osez."},"content":{"rendered":"\n<p>Le samedi 2 novembre 2024 <\/p>\n\n\n\n<p><\/p>\n\n\n\n<figure class=\"wp-block-image size-large\"><img loading=\"lazy\" decoding=\"async\" width=\"800\" height=\"566\" data-attachment-id=\"955\" data-permalink=\"https:\/\/cressy.ch\/index.php\/bal-denfer-et-sa-salle-de-lhorreur\/flyers-bal-denfer\/\" data-orig-file=\"https:\/\/i0.wp.com\/cressy.ch\/wp-content\/uploads\/2024\/10\/Flyers-bal-denfer.png?fit=2000%2C1414&amp;ssl=1\" data-orig-size=\"2000,1414\" data-comments-opened=\"0\" data-image-meta=\"{&quot;aperture&quot;:&quot;0&quot;,&quot;credit&quot;:&quot;&quot;,&quot;camera&quot;:&quot;&quot;,&quot;caption&quot;:&quot;&quot;,&quot;created_timestamp&quot;:&quot;0&quot;,&quot;copyright&quot;:&quot;&quot;,&quot;focal_length&quot;:&quot;0&quot;,&quot;iso&quot;:&quot;0&quot;,&quot;shutter_speed&quot;:&quot;0&quot;,&quot;title&quot;:&quot;&quot;,&quot;orientation&quot;:&quot;0&quot;}\" data-image-title=\"Flyers-bal-denfer\" data-image-description=\"\" data-image-caption=\"\" data-medium-file=\"https:\/\/i0.wp.com\/cressy.ch\/wp-content\/uploads\/2024\/10\/Flyers-bal-denfer.png?fit=300%2C212&amp;ssl=1\" data-large-file=\"https:\/\/i0.wp.com\/cressy.ch\/wp-content\/uploads\/2024\/10\/Flyers-bal-denfer.png?fit=800%2C566&amp;ssl=1\" src=\"https:\/\/i0.wp.com\/cressy.ch\/wp-content\/uploads\/2024\/10\/Flyers-bal-denfer.png?resize=800%2C566&#038;ssl=1\" alt=\"\" class=\"wp-image-955\" srcset=\"https:\/\/i0.wp.com\/cressy.ch\/wp-content\/uploads\/2024\/10\/Flyers-bal-denfer.png?resize=1024%2C724&amp;ssl=1 1024w, https:\/\/i0.wp.com\/cressy.ch\/wp-content\/uploads\/2024\/10\/Flyers-bal-denfer.png?resize=300%2C212&amp;ssl=1 300w, https:\/\/i0.wp.com\/cressy.ch\/wp-content\/uploads\/2024\/10\/Flyers-bal-denfer.png?resize=768%2C543&amp;ssl=1 768w, https:\/\/i0.wp.com\/cressy.ch\/wp-content\/uploads\/2024\/10\/Flyers-bal-denfer.png?resize=1536%2C1086&amp;ssl=1 1536w, https:\/\/i0.wp.com\/cressy.ch\/wp-content\/uploads\/2024\/10\/Flyers-bal-denfer.png?resize=150%2C106&amp;ssl=1 150w, https:\/\/i0.wp.com\/cressy.ch\/wp-content\/uploads\/2024\/10\/Flyers-bal-denfer.png?resize=212%2C150&amp;ssl=1 212w, https:\/\/i0.wp.com\/cressy.ch\/wp-content\/uploads\/2024\/10\/Flyers-bal-denfer.png?resize=1320%2C933&amp;ssl=1 1320w, https:\/\/i0.wp.com\/cressy.ch\/wp-content\/uploads\/2024\/10\/Flyers-bal-denfer.png?resize=600%2C424&amp;ssl=1 600w, https:\/\/i0.wp.com\/cressy.ch\/wp-content\/uploads\/2024\/10\/Flyers-bal-denfer.png?w=2000&amp;ssl=1 2000w, https:\/\/i0.wp.com\/cressy.ch\/wp-content\/uploads\/2024\/10\/Flyers-bal-denfer.png?w=1600&amp;ssl=1 1600w\" sizes=\"(max-width: 800px) 100vw, 800px\" data-recalc-dims=\"1\" \/><\/figure>\n","protected":false},"excerpt":{"rendered":"<p>Le samedi 2 novembre 2024<\/p>\n","protected":false},"author":5,"featured_media":0,"parent":0,"menu_order":0,"comment_status":"closed","ping_status":"closed","template":"","meta":{"jetpack_post_was_ever_published":false,"footnotes":""},"jetpack_sharing_enabled":true,"jetpack_shortlink":"https:\/\/wp.me\/P7Ajlu-fo","jetpack-related-posts":[{"id":860,"url":"https:\/\/cressy.ch\/index.php\/bienvenue-sur-le-site-de-lahc\/","url_meta":{"origin":954,"position":0},"title":"Le BAL des Monstres","author":"Nad\u00e8ge Pittet","date":"13 octobre 2022","format":false,"excerpt":"Nous avons le plaisir de vous conviez \u00e0 notre premier BAL DES MONSTRES le 5 novembre 2022 de 18h \u00e0 23.30 A Cressy, \u00e0 l'aula de l'\u00e9cole de Cressy.","rel":"","context":"Article similaire","block_context":{"text":"Article similaire","link":""},"img":{"alt_text":"","src":"","width":0,"height":0},"classes":[]},{"id":928,"url":"https:\/\/cressy.ch\/index.php\/le-bal-du-printemps-cressy\/","url_meta":{"origin":954,"position":1},"title":"Le Bal du Printemps, samedi 23 mars 2024","author":"Nad\u00e8ge Pittet","date":"14 mars 2024","format":false,"excerpt":"","rel":"","context":"Article similaire","block_context":{"text":"Article similaire","link":""},"img":{"alt_text":"","src":"https:\/\/i0.wp.com\/cressy.ch\/wp-content\/uploads\/2024\/03\/affiche-en-jpg.jpg?resize=350%2C200&ssl=1","width":350,"height":200,"srcset":"https:\/\/i0.wp.com\/cressy.ch\/wp-content\/uploads\/2024\/03\/affiche-en-jpg.jpg?resize=350%2C200&ssl=1 1x, https:\/\/i0.wp.com\/cressy.ch\/wp-content\/uploads\/2024\/03\/affiche-en-jpg.jpg?resize=525%2C300&ssl=1 1.5x, https:\/\/i0.wp.com\/cressy.ch\/wp-content\/uploads\/2024\/03\/affiche-en-jpg.jpg?resize=700%2C400&ssl=1 2x"},"classes":[]},{"id":99,"url":"https:\/\/cressy.ch\/index.php\/historique\/2013-2\/fete-du-sapin-2013\/","url_meta":{"origin":954,"position":2},"title":"F\u00eate du sapin 2013","author":"chperetti","date":"13 mai 2016","format":false,"excerpt":"En ce 15 d\u00e9cembre 2013, le brouillard a envahi tout le quartier de Cressy. Un brouillard si dense que l\u2019on ne voyait pas \u00e0 deux m\u00e8tres. Heureusement les lumi\u00e8res de l\u2019\u00e9cole et des deux sapins ont illumin\u00e9 les lieux. On aurait presque pu voir sortir les trolls, gnomes et elfes\u2026","rel":"","context":"Article similaire","block_context":{"text":"Article similaire","link":""},"img":{"alt_text":"","src":"","width":0,"height":0},"classes":[]},{"id":101,"url":"https:\/\/cressy.ch\/index.php\/historique\/2013-2\/matinee-de-nettoyage-2013\/","url_meta":{"origin":954,"position":3},"title":"Matin\u00e9e de nettoyage 2013","author":"chperetti","date":"13 mai 2016","format":false,"excerpt":"Il est d\u00e9j\u00e0 fin mai et le printemps peine \u00e0 s\u2019installer en cette ann\u00e9e 2013. \u00a0 Les fourmis ne se sont pas d\u00e9courag\u00e9es pour autant et ont organis\u00e9 la matin\u00e9e nettoyage du quartier de Cressy. Malheureusement le week-end choisi a co\u00efncid\u00e9 avec d\u2019autres activit\u00e9s\u00a0: la course de caisses \u00e0 savon\u2026","rel":"","context":"Article similaire","block_context":{"text":"Article similaire","link":""},"img":{"alt_text":"","src":"","width":0,"height":0},"classes":[]},{"id":111,"url":"https:\/\/cressy.ch\/index.php\/historique\/2012-2\/fete-de-cressy-2012\/","url_meta":{"origin":954,"position":4},"title":"F\u00eate de Cressy 2012","author":"chperetti","date":"13 mai 2016","format":false,"excerpt":"La F\u00eate de Cressy a eu les bons augures des cieux, ouf\u00a0! 24h apr\u00e8s la pluie a fait son retour\u00a0! Les fourmis orange de l\u2019AHC sont \u00e0 pied d\u2019\u0153uvre depuis 8h en ce dimanche brumeux du 23 septembre. Elles sont aid\u00e9es par des jeunes du quartier pour tout ce qui\u2026","rel":"","context":"Article similaire","block_context":{"text":"Article similaire","link":""},"img":{"alt_text":"","src":"","width":0,"height":0},"classes":[]},{"id":121,"url":"https:\/\/cressy.ch\/index.php\/historique\/2011-2\/fete-du-sapin-2011\/","url_meta":{"origin":954,"position":5},"title":"F\u00eate du sapin 2011","author":"chperetti","date":"13 mai 2016","format":false,"excerpt":"\u00a0 cliquez\u00a0\u00a0 ici\u00a0\u00a0 pour voir toutes\u00a0les photos\u00a0\u00a0\u00a0\u00a0\u00a0\u00a0\u00a0\u00a0\u00a0\u00a0\u00a0\u00a0\u00a0\u00a0\u00a0\u00a0\u00a0\u00a0\u00a0\u00a0\u00a0\u00a0\u00a0\u00a0\u00a0\u00a0\u00a0\u00a0\u00a0\u00a0\u00a0\u00a0\u00a0\u00a0\u00a0\u00a0\u00a0\u00a0\u00a0\u00a0\u00a0 La F\u00eate du Sapin \u00e0 Cressy Les lutins de l\u2019AHC (association des habitants de Cressy) se sont \u00e9vertu\u00e9s \u00e0 cr\u00e9er une jolie ambiance de pr\u00e9-f\u00eate pour la F\u00eate du Sapin \u00e0 Cressy, le dimanche 18 d\u00e9cembre. Au vu du monde pr\u00e9sent et malgr\u00e9\u2026","rel":"","context":"Article similaire","block_context":{"text":"Article similaire","link":""},"img":{"alt_text":"","src":"","width":0,"height":0},"classes":[]}],"_links":{"self":[{"href":"https:\/\/cressy.ch\/index.php\/wp-json\/wp\/v2\/pages\/954"}],"collection":[{"href":"https:\/\/cressy.ch\/index.php\/wp-json\/wp\/v2\/pages"}],"about":[{"href":"https:\/\/cressy.ch\/index.php\/wp-json\/wp\/v2\/types\/page"}],"author":[{"embeddable":true,"href":"https:\/\/cressy.ch\/index.php\/wp-json\/wp\/v2\/users\/5"}],"replies":[{"embeddable":true,"href":"https:\/\/cressy.ch\/index.php\/wp-json\/wp\/v2\/comments?post=954"}],"version-history":[{"count":3,"href":"https:\/\/cressy.ch\/index.php\/wp-json\/wp\/v2\/pages\/954\/revisions"}],"predecessor-version":[{"id":960,"href":"https:\/\/cressy.ch\/index.php\/wp-json\/wp\/v2\/pages\/954\/revisions\/960"}],"wp:attachment":[{"href":"https:\/\/cressy.ch\/index.php\/wp-json\/wp\/v2\/media?parent=954"}],"curies":[{"name":"wp","href":"https:\/\/api.w.org\/{rel}","templated":true}]}}