{"id":93,"date":"2016-05-13T13:09:33","date_gmt":"2016-05-13T11:09:33","guid":{"rendered":"http:\/\/www.cressy.ch\/?page_id=93"},"modified":"2016-05-13T13:09:33","modified_gmt":"2016-05-13T11:09:33","slug":"matinee-de-nettoyage-2014","status":"publish","type":"page","link":"https:\/\/cressy.ch\/index.php\/historique\/2014-2\/matinee-de-nettoyage-2014\/","title":{"rendered":"Matin\u00e9e de nettoyage 2014"},"content":{"rendered":"<p>Le quartier de Cressy s\u2019est r\u00e9veill\u00e9 le dimanche 18 mai sous un magnifique soleil et une absence de bise, ouf\u2026 car cette ann\u00e9e le d\u00e9but du mois de mai a \u00e9t\u00e9 riche en vents.<br \/>\nLes fourmis de l\u2019AHC sont pr\u00eates \u00e0 accueillir les habitants pour la matin\u00e9e nettoyage.<\/p>\n<p>A 10h, elles ont install\u00e9 la table, la seule pour une fois, car elles ont d\u00fb la porter depuis l\u2019\u00e9tage inf\u00e9rieure de l\u2019\u00e9cole. Elles n\u2019allaient pas en monter une de plus, car elles sont bien plus lourdes que celles que les services ext\u00e9rieurs am\u00e8nent.<br \/>\nEtant donn\u00e9 qu\u2019il y a un petit stock dans l\u2019\u00e9cole, les fourmis utilisent celui-l\u00e0. Mais, heureusement pour elles, \u00e0 d\u00e9faut de bras elles ont l\u2019organisation dans la peau et ont r\u00e9ussi \u00e0 tout installer sur une seule table : la machine \u00e0 caf\u00e9 avec les tasses, les capsules, le lait, le sucre et les cuill\u00e8res, les croissants, les barres de chocolat, les pommes, les boissons froides, les gants, le d\u00e9sinfectant pour les mains, les sacs poubelles et les divers prospectus autour du th\u00e8me des d\u00e9chets.<\/p>\n<p>Petits et grands sont arriv\u00e9s pour redonner au quartier son air de jeunesse. M\u00eame les tout petits dans leurs poussettes ont soutenu leurs parents et leurs grandes s\u0153urs ou grands fr\u00e8res.<br \/>\nCette ann\u00e9e, les fourmis ont innov\u00e9 en organisant un tri s\u00e9lectif des d\u00e9chets ramass\u00e9s : alu, verre, papier-cartons, encombrants, incin\u00e9rables et PET.<br \/>\nLa caisse du papier a remport\u00e9 la palme largement devant le PET. L\u2019alu, gr\u00e2ce aux cannettes, \u00e9tait juste derri\u00e8re et le verre (heureusement) a perdu \u00e0 \u201cplate couture\u201d. Mais ce qui a pris le plus de place en volume furent les incin\u00e9rables et les d\u00e9chets encombrants avec des fils \u00e9lectriques, des enjoliveurs de voiture, des planches de bois et des gravats.<br \/>\nIl y a m\u00eame un objet qui a retrouv\u00e9 son propri\u00e9taire : un enjoliveur. Un \u00ab \u00e9boueur \u00bb l\u2019avait accroch\u00e9 \u00e0 une barri\u00e8re en se disant que le propri\u00e9taire le verrait et le sortirait de son \u00e9tat de d\u00e9chet. Mais une fourmi a eu piti\u00e9 de cet objet solitaire et l\u2019a amen\u00e9 aupr\u00e8s de ses autres cong\u00e9n\u00e8res surnomm\u00e9s d\u00e9chets encombrants.<br \/>\nEt l\u00e0, le propri\u00e9taire a \u00e9carquill\u00e9 ses yeux en le d\u00e9couvrant, car pour lui il s\u2019\u00e9tait \u00e9gar\u00e9 et n\u2019allait jamais retrouver le chemin de la maison.<br \/>\nAh ces fourmis, elles sont capables de ces choses !&#8230;<\/p>\n<p>Pendant que les adultes \u00ab papotent le bout de gras \u00bb, les enfants s\u2019amusent avec le jeu que la Cosedec (Coop\u00e9rative romande de sensibilisation \u00e0 la gestion des d\u00e9chets) est venue animer.<br \/>\nIls doivent produire une tour infernale avec des bouteilles, des cannettes et des briques, avec les mains seulement car le panneau devant lequel est plac\u00e9 l\u2019enfant, obstrue la vision des \u00e9l\u00e9ments \u00e0 superposer dans le bon ordre sur une tige. Une fois termin\u00e9e, le \u00ab totem \u00bb d\u00e9voile un slogan : \u00ab rien ne se perd tout se r\u00e9cup\u00e8re \u00bb.<br \/>\nLes fourmis ont jou\u00e9 avec autant de plaisirs que les enfants.<\/p>\n<p>La matin\u00e9e termin\u00e9e, les fourmis, elles, doivent encore aller \u00e0 la d\u00e9charge pour jeter tout ce qui avait envahi le quartier.<br \/>\nMaintenant, Cressy va pouvoir passer 4 saisons tranquille<br \/>\navant de subir \u00e0 nouveau l\u2019assaut de ces &#8220;\u00e9boueurs&#8221; bienveillants pour leur quartier si appr\u00e9ci\u00e9 !<\/p>\n","protected":false},"excerpt":{"rendered":"<p>Le quartier de Cressy s\u2019est r\u00e9veill\u00e9 le dimanche 18 mai sous un magnifique soleil et une absence de bise, ouf\u2026 car cette ann\u00e9e le d\u00e9but du mois de mai a \u00e9t\u00e9 riche en vents. Les fourmis de l\u2019AHC sont pr\u00eates \u00e0 accueillir les habitants pour la matin\u00e9e nettoyage. A 10h, \u2026 <a class=\"continue-reading-link\" href=\"https:\/\/cressy.ch\/index.php\/historique\/2014-2\/matinee-de-nettoyage-2014\/\"> Continue reading <span class=\"meta-nav\">&rarr; <\/span><\/a><\/p>\n","protected":false},"author":1,"featured_media":0,"parent":43,"menu_order":0,"comment_status":"closed","ping_status":"closed","template":"","meta":{"jetpack_post_was_ever_published":false,"footnotes":""},"jetpack_sharing_enabled":true,"jetpack_shortlink":"https:\/\/wp.me\/P7Ajlu-1v","jetpack-related-posts":[{"id":115,"url":"https:\/\/cressy.ch\/index.php\/historique\/2012-2\/matinee-de-nettoyage-2012\/","url_meta":{"origin":93,"position":0},"title":"matin\u00e9e de nettoyage 2012","author":"chperetti","date":"13 mai 2016","format":false,"excerpt":"Cette ann\u00e9e les fourmis orange de l\u2019AHC ont quand m\u00eame d\u00e9cid\u00e9 d\u2019organiser la matin\u00e9e nettoyage de Cressy malgr\u00e9 un mois de juin bien charg\u00e9 pour elles. Eh oui, elles sont vraiment partout ces petites b\u00eates\u00a0! Elles ont particip\u00e9 \u00e0 la \u00ab\u00a0Rue aux Enfants\u00a0\u00bb \u00e0 Bernex, elles vont encha\u00eener avec la\u2026","rel":"","context":"Article similaire","block_context":{"text":"Article similaire","link":""},"img":{"alt_text":"","src":"","width":0,"height":0},"classes":[]},{"id":459,"url":"https:\/\/cressy.ch\/index.php\/historique\/2017-2\/matinee-de-nettoyage-2017\/","url_meta":{"origin":93,"position":1},"title":"Matin\u00e9e de Nettoyage 2017","author":"chperetti","date":"3 novembre 2017","format":false,"excerpt":"Le jour de la F\u00eate des M\u00e8res, le 14 mai, les fourmis orange ont \u00e9t\u00e9 prises de fr\u00e9n\u00e9sie et ont tout mis en place pour la matin\u00e9e nettoyage. Mais qu\u2019est-ce qui leur a pris\u00a0? Elles auraient d\u00fb \u00eatre en train d\u2019appr\u00e9cier un bon petit-d\u00e9jeuner pr\u00e9par\u00e9 par leurs enfants. Mais comme\u2026","rel":"","context":"Article similaire","block_context":{"text":"Article similaire","link":""},"img":{"alt_text":"","src":"","width":0,"height":0},"classes":[]},{"id":380,"url":"https:\/\/cressy.ch\/index.php\/historique\/2016-2\/la-matinee-de-nettoyage-a-eu-lieu\/","url_meta":{"origin":93,"position":2},"title":"La matin\u00e9e de nettoyage a eu lieu","author":"chperetti","date":"1 novembre 2016","format":false,"excerpt":"LA MATINEE NETTOYAGE A EU LIEU Quelle belle matin\u00e9e ! Ceci gr\u00e2ce au magnifique soleil qui a daign\u00e9 pointer ses rayons de chaleur et de lumi\u00e8re et gr\u00e2ce aux habitants venus aider les fourmis \u00e0 rendre leur quartier propre et sans d\u00e9chets. Tous les \u00e2ges ont \u00e9t\u00e9 repr\u00e9sent\u00e9s, il ne\u2026","rel":"","context":"Article similaire","block_context":{"text":"Article similaire","link":""},"img":{"alt_text":"","src":"https:\/\/i0.wp.com\/www.cressy.ch\/wp-content\/uploads\/2016\/06\/JourNet_2016_3-300x200.jpg?resize=350%2C200","width":350,"height":200},"classes":[]},{"id":97,"url":"https:\/\/cressy.ch\/index.php\/historique\/2013-2\/fete-de-cressy-2013\/","url_meta":{"origin":93,"position":3},"title":"F\u00eate de Cressy 2013","author":"chperetti","date":"13 mai 2016","format":false,"excerpt":"Cette ann\u00e9e la F\u00eate de Cressy s\u2019est d\u00e9roul\u00e9e sous un magnifique soleil d\u2019automne. Les fourmis orange ont eu les antennes creuses lors du choix de la date. \u00a0 La pr\u00e9paration de la f\u00eate a v\u00e9cu quelques petites anicroches qui ont furtivement mis les batteries des fourmis un peu \u00e0 plat.\u2026","rel":"","context":"Article similaire","block_context":{"text":"Article similaire","link":""},"img":{"alt_text":"","src":"","width":0,"height":0},"classes":[]},{"id":117,"url":"https:\/\/cressy.ch\/index.php\/historique\/2012-2\/vide-greniers-2012\/","url_meta":{"origin":93,"position":4},"title":"Vide greniers 2012","author":"chperetti","date":"13 mai 2016","format":false,"excerpt":"L'ouverture du \"Vide-greniers\" de Cressy approche et les fourmis orange de l\u2019AHC sont en pleine \u00e9bullition, surtout celle qui s\u2019occupe de la r\u00e9servation. Entre t\u00e9l\u00e9phones et mails, elle en perd son latin\u00a0! Elle jongle (une vraie virtuose) avec ces multiples listes\u00a0: liste d\u2019adresses, liste des membres AHC (car ils ont\u2026","rel":"","context":"Article similaire","block_context":{"text":"Article similaire","link":""},"img":{"alt_text":"","src":"","width":0,"height":0},"classes":[]},{"id":377,"url":"https:\/\/cressy.ch\/index.php\/historique\/2016-2\/est-2016\/","url_meta":{"origin":93,"position":5},"title":"La f\u00eate de Cressy a eu lieu","author":"chperetti","date":"1 novembre 2016","format":false,"excerpt":"Le 25 septembre, les fourmis orange ont trim\u00e9 depuis 7h30 pour mettre en place la F\u00eate Cressy. Elles \u00e9taient encore toute endormies. Certaines \u00e9taient d\u00e9j\u00e0 en habit d\u2019\u00e9t\u00e9, car le temps annonc\u00e9 \u00e9tait au beau et chaud et d\u2019autres \u00e9taient habill\u00e9es comme en hiver. Elles devaient encore s\u2019imaginer au chaud\u2026","rel":"","context":"Article similaire","block_context":{"text":"Article similaire","link":""},"img":{"alt_text":"","src":"","width":0,"height":0},"classes":[]}],"_links":{"self":[{"href":"https:\/\/cressy.ch\/index.php\/wp-json\/wp\/v2\/pages\/93"}],"collection":[{"href":"https:\/\/cressy.ch\/index.php\/wp-json\/wp\/v2\/pages"}],"about":[{"href":"https:\/\/cressy.ch\/index.php\/wp-json\/wp\/v2\/types\/page"}],"author":[{"embeddable":true,"href":"https:\/\/cressy.ch\/index.php\/wp-json\/wp\/v2\/users\/1"}],"replies":[{"embeddable":true,"href":"https:\/\/cressy.ch\/index.php\/wp-json\/wp\/v2\/comments?post=93"}],"version-history":[{"count":1,"href":"https:\/\/cressy.ch\/index.php\/wp-json\/wp\/v2\/pages\/93\/revisions"}],"predecessor-version":[{"id":94,"href":"https:\/\/cressy.ch\/index.php\/wp-json\/wp\/v2\/pages\/93\/revisions\/94"}],"up":[{"embeddable":true,"href":"https:\/\/cressy.ch\/index.php\/wp-json\/wp\/v2\/pages\/43"}],"wp:attachment":[{"href":"https:\/\/cressy.ch\/index.php\/wp-json\/wp\/v2\/media?parent=93"}],"curies":[{"name":"wp","href":"https:\/\/api.w.org\/{rel}","templated":true}]}}