{"id":928,"date":"2024-03-14T09:06:38","date_gmt":"2024-03-14T08:06:38","guid":{"rendered":"https:\/\/cressy.ch\/?page_id=928"},"modified":"2024-03-14T09:07:55","modified_gmt":"2024-03-14T08:07:55","slug":"le-bal-du-printemps-cressy","status":"publish","type":"page","link":"https:\/\/cressy.ch\/index.php\/le-bal-du-printemps-cressy\/","title":{"rendered":"Le Bal du Printemps, samedi 23 mars 2024"},"content":{"rendered":"\n<figure class=\"wp-block-image size-full\"><img loading=\"lazy\" decoding=\"async\" width=\"724\" height=\"1024\" data-attachment-id=\"929\" data-permalink=\"https:\/\/cressy.ch\/index.php\/le-bal-du-printemps-cressy\/affiche-en-jpg\/\" data-orig-file=\"https:\/\/i0.wp.com\/cressy.ch\/wp-content\/uploads\/2024\/03\/affiche-en-jpg.jpg?fit=724%2C1024&amp;ssl=1\" data-orig-size=\"724,1024\" data-comments-opened=\"0\" data-image-meta=\"{&quot;aperture&quot;:&quot;0&quot;,&quot;credit&quot;:&quot;&quot;,&quot;camera&quot;:&quot;&quot;,&quot;caption&quot;:&quot;&quot;,&quot;created_timestamp&quot;:&quot;0&quot;,&quot;copyright&quot;:&quot;&quot;,&quot;focal_length&quot;:&quot;0&quot;,&quot;iso&quot;:&quot;0&quot;,&quot;shutter_speed&quot;:&quot;0&quot;,&quot;title&quot;:&quot;&quot;,&quot;orientation&quot;:&quot;0&quot;}\" data-image-title=\"affiche-en-jpg\" data-image-description=\"\" data-image-caption=\"\" data-medium-file=\"https:\/\/i0.wp.com\/cressy.ch\/wp-content\/uploads\/2024\/03\/affiche-en-jpg.jpg?fit=212%2C300&amp;ssl=1\" data-large-file=\"https:\/\/i0.wp.com\/cressy.ch\/wp-content\/uploads\/2024\/03\/affiche-en-jpg.jpg?fit=724%2C1024&amp;ssl=1\" src=\"https:\/\/i0.wp.com\/cressy.ch\/wp-content\/uploads\/2024\/03\/affiche-en-jpg.jpg?resize=724%2C1024&#038;ssl=1\" alt=\"\" class=\"wp-image-929\" srcset=\"https:\/\/i0.wp.com\/cressy.ch\/wp-content\/uploads\/2024\/03\/affiche-en-jpg.jpg?w=724&amp;ssl=1 724w, https:\/\/i0.wp.com\/cressy.ch\/wp-content\/uploads\/2024\/03\/affiche-en-jpg.jpg?resize=212%2C300&amp;ssl=1 212w, https:\/\/i0.wp.com\/cressy.ch\/wp-content\/uploads\/2024\/03\/affiche-en-jpg.jpg?resize=106%2C150&amp;ssl=1 106w, https:\/\/i0.wp.com\/cressy.ch\/wp-content\/uploads\/2024\/03\/affiche-en-jpg.jpg?resize=600%2C849&amp;ssl=1 600w\" sizes=\"(max-width: 724px) 100vw, 724px\" data-recalc-dims=\"1\" \/><\/figure>\n","protected":false},"excerpt":{"rendered":"","protected":false},"author":5,"featured_media":0,"parent":0,"menu_order":0,"comment_status":"closed","ping_status":"closed","template":"","meta":{"jetpack_post_was_ever_published":false,"footnotes":""},"jetpack_sharing_enabled":true,"jetpack_shortlink":"https:\/\/wp.me\/P7Ajlu-eY","jetpack-related-posts":[{"id":954,"url":"https:\/\/cressy.ch\/index.php\/bal-denfer-et-sa-salle-de-lhorreur\/","url_meta":{"origin":928,"position":0},"title":"Le Bal d&#8217;Enfer et sa salle de l&#8217;horreur !!!!!!     Venez si vous osez.","author":"Nad\u00e8ge Pittet","date":"8 octobre 2024","format":false,"excerpt":"Le samedi 2 novembre 2024","rel":"","context":"Article similaire","block_context":{"text":"Article similaire","link":""},"img":{"alt_text":"","src":"https:\/\/i0.wp.com\/cressy.ch\/wp-content\/uploads\/2024\/10\/Flyers-bal-denfer.png?resize=350%2C200&ssl=1","width":350,"height":200,"srcset":"https:\/\/i0.wp.com\/cressy.ch\/wp-content\/uploads\/2024\/10\/Flyers-bal-denfer.png?resize=350%2C200&ssl=1 1x, https:\/\/i0.wp.com\/cressy.ch\/wp-content\/uploads\/2024\/10\/Flyers-bal-denfer.png?resize=525%2C300&ssl=1 1.5x, https:\/\/i0.wp.com\/cressy.ch\/wp-content\/uploads\/2024\/10\/Flyers-bal-denfer.png?resize=700%2C400&ssl=1 2x, https:\/\/i0.wp.com\/cressy.ch\/wp-content\/uploads\/2024\/10\/Flyers-bal-denfer.png?resize=1050%2C600&ssl=1 3x, https:\/\/i0.wp.com\/cressy.ch\/wp-content\/uploads\/2024\/10\/Flyers-bal-denfer.png?resize=1400%2C800&ssl=1 4x"},"classes":[]},{"id":860,"url":"https:\/\/cressy.ch\/index.php\/bienvenue-sur-le-site-de-lahc\/","url_meta":{"origin":928,"position":1},"title":"Le BAL des Monstres","author":"Nad\u00e8ge Pittet","date":"13 octobre 2022","format":false,"excerpt":"Nous avons le plaisir de vous conviez \u00e0 notre premier BAL DES MONSTRES le 5 novembre 2022 de 18h \u00e0 23.30 A Cressy, \u00e0 l'aula de l'\u00e9cole de Cressy.","rel":"","context":"Article similaire","block_context":{"text":"Article similaire","link":""},"img":{"alt_text":"","src":"","width":0,"height":0},"classes":[]},{"id":101,"url":"https:\/\/cressy.ch\/index.php\/historique\/2013-2\/matinee-de-nettoyage-2013\/","url_meta":{"origin":928,"position":2},"title":"Matin\u00e9e de nettoyage 2013","author":"chperetti","date":"13 mai 2016","format":false,"excerpt":"Il est d\u00e9j\u00e0 fin mai et le printemps peine \u00e0 s\u2019installer en cette ann\u00e9e 2013. \u00a0 Les fourmis ne se sont pas d\u00e9courag\u00e9es pour autant et ont organis\u00e9 la matin\u00e9e nettoyage du quartier de Cressy. Malheureusement le week-end choisi a co\u00efncid\u00e9 avec d\u2019autres activit\u00e9s\u00a0: la course de caisses \u00e0 savon\u2026","rel":"","context":"Article similaire","block_context":{"text":"Article similaire","link":""},"img":{"alt_text":"","src":"","width":0,"height":0},"classes":[]},{"id":481,"url":"https:\/\/cressy.ch\/index.php\/historique\/2017-2\/la-fete-du-sapin-2017-a-eu-lieu\/","url_meta":{"origin":928,"position":3},"title":"LA FETE DU SAPIN 2017 A EU LIEU","author":"chperetti","date":"12 d\u00e9cembre 2017","format":false,"excerpt":"La bise a largement souffl\u00e9 et refroidi l\u2019air depuis 2 jours, les fourmis-lutins se sont donc habill\u00e9es en cons\u00e9quence pour venir installer toutes l\u2019infrastructure de la F\u00eate du Sapin ce dimanche 3 d\u00e9cembre. Mais \u00e0 force de porter, installer, r\u00e9fl\u00e9chir, scotcher, d\u00e9corer, accrocher, grimper, se plier et simplement marcher les\u2026","rel":"","context":"Article similaire","block_context":{"text":"Article similaire","link":""},"img":{"alt_text":"","src":"","width":0,"height":0},"classes":[]},{"id":111,"url":"https:\/\/cressy.ch\/index.php\/historique\/2012-2\/fete-de-cressy-2012\/","url_meta":{"origin":928,"position":4},"title":"F\u00eate de Cressy 2012","author":"chperetti","date":"13 mai 2016","format":false,"excerpt":"La F\u00eate de Cressy a eu les bons augures des cieux, ouf\u00a0! 24h apr\u00e8s la pluie a fait son retour\u00a0! Les fourmis orange de l\u2019AHC sont \u00e0 pied d\u2019\u0153uvre depuis 8h en ce dimanche brumeux du 23 septembre. Elles sont aid\u00e9es par des jeunes du quartier pour tout ce qui\u2026","rel":"","context":"Article similaire","block_context":{"text":"Article similaire","link":""},"img":{"alt_text":"","src":"","width":0,"height":0},"classes":[]},{"id":83,"url":"https:\/\/cressy.ch\/index.php\/historique\/2015-2\/fete-de-cressy-2015\/","url_meta":{"origin":928,"position":5},"title":"F\u00eate de Cressy 2015","author":"chperetti","date":"13 mai 2016","format":false,"excerpt":"Les fourmis orange de l\u2019AHC ont fait un r\u00eave pour cette ann\u00e9e exceptionnelle qui comm\u00e9more les 10 ans de sa cr\u00e9ation : que tout se passe bien pour l\u2019organisation de la F\u00eate de Cressy, que la manifestation soit appr\u00e9ci\u00e9e, que les gens apportent spontan\u00e9ment leur aide, que la pluie ne\u2026","rel":"","context":"Article similaire","block_context":{"text":"Article similaire","link":""},"img":{"alt_text":"","src":"","width":0,"height":0},"classes":[]}],"_links":{"self":[{"href":"https:\/\/cressy.ch\/index.php\/wp-json\/wp\/v2\/pages\/928"}],"collection":[{"href":"https:\/\/cressy.ch\/index.php\/wp-json\/wp\/v2\/pages"}],"about":[{"href":"https:\/\/cressy.ch\/index.php\/wp-json\/wp\/v2\/types\/page"}],"author":[{"embeddable":true,"href":"https:\/\/cressy.ch\/index.php\/wp-json\/wp\/v2\/users\/5"}],"replies":[{"embeddable":true,"href":"https:\/\/cressy.ch\/index.php\/wp-json\/wp\/v2\/comments?post=928"}],"version-history":[{"count":2,"href":"https:\/\/cressy.ch\/index.php\/wp-json\/wp\/v2\/pages\/928\/revisions"}],"predecessor-version":[{"id":932,"href":"https:\/\/cressy.ch\/index.php\/wp-json\/wp\/v2\/pages\/928\/revisions\/932"}],"wp:attachment":[{"href":"https:\/\/cressy.ch\/index.php\/wp-json\/wp\/v2\/media?parent=928"}],"curies":[{"name":"wp","href":"https:\/\/api.w.org\/{rel}","templated":true}]}}