{"id":887,"date":"2022-11-11T16:43:29","date_gmt":"2022-11-11T15:43:29","guid":{"rendered":"https:\/\/cressy.ch\/index.php\/evenements\/"},"modified":"2022-11-11T16:43:29","modified_gmt":"2022-11-11T15:43:29","slug":"evenements","status":"publish","type":"page","link":"https:\/\/cressy.ch\/index.php\/evenements\/","title":{"rendered":"\u00c9v\u00e8nements"},"content":{"rendered":"<p>Cette page est utilis\u00e9e par Events Made Easy. Ne la modifiez pas, ne l&#8217;utilisez pas dans vos menus, ne la supprimez pas. Assurez-vous simplement que le param\u00e8tre EME appel\u00e9 \u00ab\u00a0Events  page\u00a0\u00bb pointe vers cette page. EME utilise cette page pour afficher tous les \u00e9v\u00e8nements, lieux, r\u00e9servations, cartes, etc. Si vous souhaitez supprimer cette page, cr\u00e9ez-en une nouvelle que EME peut utiliser et mettez \u00e0 jour le param\u00e8tre EME \u00ab\u00a0Events page\u00a0\u00bb en cons\u00e9quence.<\/p>\n","protected":false},"excerpt":{"rendered":"<p>Cette page est utilis\u00e9e par Events Made Easy. Ne la modifiez pas, ne l&#8217;utilisez pas dans vos menus, ne la supprimez pas. Assurez-vous simplement que le param\u00e8tre EME appel\u00e9 \u00ab\u00a0Events page\u00a0\u00bb pointe vers cette page. EME utilise cette page pour afficher tous les \u00e9v\u00e8nements, lieux, r\u00e9servations, cartes, etc. Si vous \u2026 <a class=\"continue-reading-link\" href=\"https:\/\/cressy.ch\/index.php\/evenements\/\"> Continue reading <span class=\"meta-nav\">&rarr; <\/span><\/a><\/p>\n","protected":false},"author":0,"featured_media":0,"parent":0,"menu_order":0,"comment_status":"closed","ping_status":"closed","template":"","meta":{"jetpack_post_was_ever_published":false,"footnotes":""},"jetpack_sharing_enabled":true,"jetpack_shortlink":"https:\/\/wp.me\/P7Ajlu-ej","jetpack-related-posts":[{"id":87,"url":"https:\/\/cressy.ch\/index.php\/historique\/2014-2\/fete-de-cressy-2014\/","url_meta":{"origin":887,"position":0},"title":"F\u00eate de Cressy 2014","author":"chperetti","date":"13 mai 2016","format":false,"excerpt":"F\u00eate de Cressy - 28 septembre 2014 Mais pourquoi donc ? Ben, ce sera la F\u00eate de Cressy, et les fourmis orange de l\u2019AHC ont \u00e0 nouveau concoct\u00e9 un beau programme ! Cette ann\u00e9e, la f\u00eate va se d\u00e9placer sur la place du terminus du bus. En effet, la proximit\u00e9\u2026","rel":"","context":"Article similaire","block_context":{"text":"Article similaire","link":""},"img":{"alt_text":"","src":"","width":0,"height":0},"classes":[]},{"id":99,"url":"https:\/\/cressy.ch\/index.php\/historique\/2013-2\/fete-du-sapin-2013\/","url_meta":{"origin":887,"position":1},"title":"F\u00eate du sapin 2013","author":"chperetti","date":"13 mai 2016","format":false,"excerpt":"En ce 15 d\u00e9cembre 2013, le brouillard a envahi tout le quartier de Cressy. Un brouillard si dense que l\u2019on ne voyait pas \u00e0 deux m\u00e8tres. Heureusement les lumi\u00e8res de l\u2019\u00e9cole et des deux sapins ont illumin\u00e9 les lieux. On aurait presque pu voir sortir les trolls, gnomes et elfes\u2026","rel":"","context":"Article similaire","block_context":{"text":"Article similaire","link":""},"img":{"alt_text":"","src":"","width":0,"height":0},"classes":[]},{"id":107,"url":"https:\/\/cressy.ch\/index.php\/historique\/2012-2\/ahc-fete-ses-benevoles\/","url_meta":{"origin":887,"position":2},"title":"AHC f\u00eate ses b\u00e9n\u00e9voles","author":"chperetti","date":"13 mai 2016","format":false,"excerpt":"\u00a0\u00a0\u00a0\u00a0\u00a0\u00a0\u00a0 \u00a0\u00a0\u00a0\u00a0 \u00a0 \u00a0 L\u2019AHC FETE SES BENEVOLES Il est 19h en ce 17 janvier 2012. L\u2019ombre de Sherlock Holmes, bien curieuse, traverse Cressy\u2026 et se pose des questions. La lumi\u00e8re dans le tea-room brille encore de tous ces feux. Des gens habill\u00e9s bien chaudement osent p\u00e9n\u00e9trer en faisant tinter\u2026","rel":"","context":"Article similaire","block_context":{"text":"Article similaire","link":""},"img":{"alt_text":"","src":"","width":0,"height":0},"classes":[]},{"id":90,"url":"https:\/\/cressy.ch\/index.php\/historique\/2014-2\/fete-du-sapin-2014\/","url_meta":{"origin":887,"position":3},"title":"F\u00eate du Sapin 2014","author":"chperetti","date":"13 mai 2016","format":false,"excerpt":"Cette ann\u00e9e, les lutins de l\u2019AHC ont organis\u00e9 la F\u00eate du Sapin un peu plus t\u00f4t que d\u2019habitude. Les gens n\u2019\u00e9tant pas encore surcharg\u00e9s d\u2019activit\u00e9s et de stress pour les F\u00eates, ils ont eu le temps de venir partager le vin chaud et la raclette offerts par les lutins. Le\u2026","rel":"","context":"Article similaire","block_context":{"text":"Article similaire","link":""},"img":{"alt_text":"","src":"","width":0,"height":0},"classes":[]},{"id":457,"url":"https:\/\/cressy.ch\/index.php\/historique\/2017-2\/vide-grenier-de-cressy-2017\/","url_meta":{"origin":887,"position":4},"title":"vide Grenier 2017","author":"chperetti","date":"3 novembre 2017","format":false,"excerpt":"Vive le vide-grenier\u00a0! Voil\u00e0 l\u2019expression qui est venue \u00e0 l\u2019esprit des petites fourmis orange apr\u00e8s cette magnifique journ\u00e9e du 9 avril. Ce vide-grenier 2017 a eu lieu sous le signe de la convivialit\u00e9, de l\u2019amabilit\u00e9, de l\u2019entraide et de la bonne humeur. Les jeunes sous la houlette du BUPP ont\u2026","rel":"","context":"Article similaire","block_context":{"text":"Article similaire","link":""},"img":{"alt_text":"","src":"","width":0,"height":0},"classes":[]},{"id":83,"url":"https:\/\/cressy.ch\/index.php\/historique\/2015-2\/fete-de-cressy-2015\/","url_meta":{"origin":887,"position":5},"title":"F\u00eate de Cressy 2015","author":"chperetti","date":"13 mai 2016","format":false,"excerpt":"Les fourmis orange de l\u2019AHC ont fait un r\u00eave pour cette ann\u00e9e exceptionnelle qui comm\u00e9more les 10 ans de sa cr\u00e9ation : que tout se passe bien pour l\u2019organisation de la F\u00eate de Cressy, que la manifestation soit appr\u00e9ci\u00e9e, que les gens apportent spontan\u00e9ment leur aide, que la pluie ne\u2026","rel":"","context":"Article similaire","block_context":{"text":"Article similaire","link":""},"img":{"alt_text":"","src":"","width":0,"height":0},"classes":[]}],"_links":{"self":[{"href":"https:\/\/cressy.ch\/index.php\/wp-json\/wp\/v2\/pages\/887"}],"collection":[{"href":"https:\/\/cressy.ch\/index.php\/wp-json\/wp\/v2\/pages"}],"about":[{"href":"https:\/\/cressy.ch\/index.php\/wp-json\/wp\/v2\/types\/page"}],"replies":[{"embeddable":true,"href":"https:\/\/cressy.ch\/index.php\/wp-json\/wp\/v2\/comments?post=887"}],"version-history":[{"count":0,"href":"https:\/\/cressy.ch\/index.php\/wp-json\/wp\/v2\/pages\/887\/revisions"}],"wp:attachment":[{"href":"https:\/\/cressy.ch\/index.php\/wp-json\/wp\/v2\/media?parent=887"}],"curies":[{"name":"wp","href":"https:\/\/api.w.org\/{rel}","templated":true}]}}