{"id":87,"date":"2016-05-13T13:07:43","date_gmt":"2016-05-13T11:07:43","guid":{"rendered":"http:\/\/www.cressy.ch\/?page_id=87"},"modified":"2016-05-13T13:08:07","modified_gmt":"2016-05-13T11:08:07","slug":"fete-de-cressy-2014","status":"publish","type":"page","link":"https:\/\/cressy.ch\/index.php\/historique\/2014-2\/fete-de-cressy-2014\/","title":{"rendered":"F\u00eate de Cressy 2014"},"content":{"rendered":"<h1>F\u00eate de Cressy &#8211; 28 septembre 2014<\/h1>\n<p>Mais pourquoi donc ? Ben, ce sera la F\u00eate de Cressy, et les fourmis orange de l\u2019AHC ont \u00e0 nouveau concoct\u00e9 un beau programme !<\/p>\n<p>Cette ann\u00e9e, la f\u00eate va se d\u00e9placer sur la place du terminus du bus. En effet, la proximit\u00e9 de la musique et des tables o\u00f9 les gens mangent et discutent entre eux est difficile. Les fourmis ont d\u00fb r\u00e9fl\u00e9chir \u00e0 une nouvelle disposition des stands.<br \/>\nQu\u2019est-ce qu\u2019elles ont cogit\u00e9 afin de trouver la solution !<br \/>\nElles n\u2019ont plus le couvert du pr\u00e9au \u00e0 disposition, elles ont donc d\u00fb trouver des tentes, et pas qu\u2019une, pour couvrir les musiciens, les mangeurs, la buvette, la tombola et le rod\u00e9o.<br \/>\nLa tombola pose encore un probl\u00e8me : o\u00f9 la mettre, car il n\u2019y a plus de mur disponible pour appuyer les tables contenant les lots. Elles vont bien finir par trouver, mais pour l\u2019instant c\u2019est un vrai casse-t\u00eate pour la fourmi en charge des animations.<\/p>\n<p>La f\u00eate commencera \u00e0 11h avec ce moment convivial qu\u2019est l\u2019ap\u00e9ritif. Pendant ce temps, les enfants pourront remplir la carte qui sera accroch\u00e9e \u00e0 leur ballon.<br \/>\nLes fourmis vont tenter de se simplifier le travail concernant le l\u00e2cher de ballons. Jusqu\u2019\u00e0 maintenant elles accrochaient les ballons gonfl\u00e9s sur un vauban, op\u00e9ration chronophage. Avec les tentes qu\u2019elles auront \u00e0 disposition, elles vont prendre les ballons au pi\u00e8ge dedans. Le seul risque est que la tente s\u2019envole avec les 200 ballons ! Il faudra que chacune soit vigilante et soit pr\u00eate \u00e0 bondir pour s\u2019accrocher afin de maintenir le tout au sol ! Nous pourrons voir \u00e0 ce moment-l\u00e0 qui est la plus agile !<\/p>\n<p>Apr\u00e8s le l\u00e2cher de ballons de 12h, qui sera fort en couleur, les stands s\u2019ouvriront.<br \/>\nLa \u00ab paella andaluz \u00bb sera \u00e0 l\u2019honneur, elle contiendra du poulet, jambon Serrano, chorizo, crevettes et bien s\u00fbr du poivron, petits pois sans oublier le riz safran\u00e9. Cela va \u00eatre un r\u00e9gal !<\/p>\n<p>Pour ceux qui ne sont pas fans de ce plat, il y aura les incontournables hot-dogs, les excellents sandwichs faits maison, le succulent taboul\u00e9, la salade fra\u00eeche, les d\u00e9licieuses cr\u00eapes, les tonitruants pop-corn, les p\u00e9tillantes brochettes de bonbons, la rafra\u00eechissante salade de fruits et les savoureuses glaces.<\/p>\n<p>Pour ceux qui n\u2019auront pas le ventre assez rempli, les jeunes de l\u2019association PEAS (Projet d\u2019Entraide et Actions Solidaires) seront heureux de vous servir une tranche de leurs fabuleux g\u00e2teaux.<\/p>\n<p>Les attractions seront certainement prises d\u2019assaut. Il y aura l\u2019habituel rod\u00e9o. Les fourmis ne pouvaient pas ne pas le convier \u00e0 la f\u00eate, il est tant appr\u00e9ci\u00e9 par les petits comme par les plus grands ! Les trampolines ont aussi beaucoup de succ\u00e8s, alors ils seront aussi de la partie.<br \/>\nIl y aura une nouvelle attraction: le gyroscope. Nous ne vous en disons pas plus, il faudra venir le tester!<\/p>\n<p>La musique fera bien s\u00fbr partie de la f\u00eate et envahira vos douces oreilles gr\u00e2ce \u00e0 3 groupes de jeunes.<br \/>\nLes spectacles d\u00e9buteront avec un clown, continueront avec les rollers et se termineront avec les danses latines.<br \/>\nMais les bonnes choses ne s\u2019arr\u00eateront pas l\u00e0. Vous aurez la possibilit\u00e9 d\u2019essayer rollers aux pieds, les m\u00eames figures que celui qui les a ex\u00e9cut\u00e9es peu de temps avant. Cela a l\u2019air tellement simple quand on le voit croiser ses patins, se baisser, sauter ; c\u2019est une vraie danse. Ouh, la, la ! les fourmis vont devoir avertir le GMO du risque d\u2019arriv\u00e9es intempestives \u00e0 leurs urgences !<br \/>\nSi vous n\u2019avez rien de cass\u00e9, vous pourrez aussi vous tr\u00e9mousser derri\u00e8re le professeur de danses latines.<\/p>\n<p>Il y en a aussi pour les personnes pr\u00e9f\u00e9rant des activit\u00e9s plus calmes. Vous pourrez simplement observer le clown sculpter des ballons, vous balader dans une charrette tir\u00e9e par un poney ou aller chercher un billet de tombola. Mais cette derni\u00e8re ne sera pas forc\u00e9ment de tout repos. Vous allez \u00e0 chaque fois avoir un coup de stress : ai-je gagn\u00e9 ou pas quelque chose ?<\/p>\n<p>Le poids du panier garni vous poussera certainement \u00e0 revenir plusieurs fois pour tenter votre chance et vous approchez du poids total de ce panier, voire l\u2019\u00e9galer.<\/p>\n<p>La p\u00eache miraculeuse, l\u2019atelier bricolage (propos\u00e9 par l\u2019association des Aides Familiales de Jour) et la s\u00e9ance maquillage calmeront peut-\u00eatre les petits qui auront saut\u00e9 de tout leur saoul dans le ch\u00e2teau gonflable.<\/p>\n<p>Voici donc tout ce que vous pourrez c\u00f4toyer lors de cette belle journ\u00e9e du dimanche 28 septembre entre 11h et 18h.<br \/>\nNous vous attendons de pattes fermes!<\/p>\n","protected":false},"excerpt":{"rendered":"<p>F\u00eate de Cressy &#8211; 28 septembre 2014 Mais pourquoi donc ? Ben, ce sera la F\u00eate de Cressy, et les fourmis orange de l\u2019AHC ont \u00e0 nouveau concoct\u00e9 un beau programme ! Cette ann\u00e9e, la f\u00eate va se d\u00e9placer sur la place du terminus du bus. En effet, la proximit\u00e9 \u2026 <a class=\"continue-reading-link\" href=\"https:\/\/cressy.ch\/index.php\/historique\/2014-2\/fete-de-cressy-2014\/\"> Continue reading <span class=\"meta-nav\">&rarr; <\/span><\/a><\/p>\n","protected":false},"author":1,"featured_media":0,"parent":43,"menu_order":0,"comment_status":"closed","ping_status":"closed","template":"","meta":{"jetpack_post_was_ever_published":false,"footnotes":""},"jetpack_sharing_enabled":true,"jetpack_shortlink":"https:\/\/wp.me\/P7Ajlu-1p","jetpack-related-posts":[{"id":97,"url":"https:\/\/cressy.ch\/index.php\/historique\/2013-2\/fete-de-cressy-2013\/","url_meta":{"origin":87,"position":0},"title":"F\u00eate de Cressy 2013","author":"chperetti","date":"13 mai 2016","format":false,"excerpt":"Cette ann\u00e9e la F\u00eate de Cressy s\u2019est d\u00e9roul\u00e9e sous un magnifique soleil d\u2019automne. Les fourmis orange ont eu les antennes creuses lors du choix de la date. \u00a0 La pr\u00e9paration de la f\u00eate a v\u00e9cu quelques petites anicroches qui ont furtivement mis les batteries des fourmis un peu \u00e0 plat.\u2026","rel":"","context":"Article similaire","block_context":{"text":"Article similaire","link":""},"img":{"alt_text":"","src":"","width":0,"height":0},"classes":[]},{"id":85,"url":"https:\/\/cressy.ch\/index.php\/historique\/2015-2\/fete-du-sapin-2015\/","url_meta":{"origin":87,"position":1},"title":"F\u00eate du Sapin 2015","author":"chperetti","date":"13 mai 2016","format":false,"excerpt":"Etant donn\u00e9 que le quartier commence \u00e0 se parer de couleurs hivernales, les fourmis orange de l\u2019AHC, transform\u00e9es en lutins rouge pour cette occasion, ont d\u00e9cid\u00e9 de r\u00e9chauffer le c\u0153ur de ses habitants en leur proposant une bonne raclette. Elle ne sera pas cuite au feu de bois, car les\u2026","rel":"","context":"Article similaire","block_context":{"text":"Article similaire","link":""},"img":{"alt_text":"","src":"","width":0,"height":0},"classes":[]},{"id":111,"url":"https:\/\/cressy.ch\/index.php\/historique\/2012-2\/fete-de-cressy-2012\/","url_meta":{"origin":87,"position":2},"title":"F\u00eate de Cressy 2012","author":"chperetti","date":"13 mai 2016","format":false,"excerpt":"La F\u00eate de Cressy a eu les bons augures des cieux, ouf\u00a0! 24h apr\u00e8s la pluie a fait son retour\u00a0! Les fourmis orange de l\u2019AHC sont \u00e0 pied d\u2019\u0153uvre depuis 8h en ce dimanche brumeux du 23 septembre. Elles sont aid\u00e9es par des jeunes du quartier pour tout ce qui\u2026","rel":"","context":"Article similaire","block_context":{"text":"Article similaire","link":""},"img":{"alt_text":"","src":"","width":0,"height":0},"classes":[]},{"id":107,"url":"https:\/\/cressy.ch\/index.php\/historique\/2012-2\/ahc-fete-ses-benevoles\/","url_meta":{"origin":87,"position":3},"title":"AHC f\u00eate ses b\u00e9n\u00e9voles","author":"chperetti","date":"13 mai 2016","format":false,"excerpt":"\u00a0\u00a0\u00a0\u00a0\u00a0\u00a0\u00a0 \u00a0\u00a0\u00a0\u00a0 \u00a0 \u00a0 L\u2019AHC FETE SES BENEVOLES Il est 19h en ce 17 janvier 2012. L\u2019ombre de Sherlock Holmes, bien curieuse, traverse Cressy\u2026 et se pose des questions. La lumi\u00e8re dans le tea-room brille encore de tous ces feux. Des gens habill\u00e9s bien chaudement osent p\u00e9n\u00e9trer en faisant tinter\u2026","rel":"","context":"Article similaire","block_context":{"text":"Article similaire","link":""},"img":{"alt_text":"","src":"","width":0,"height":0},"classes":[]},{"id":83,"url":"https:\/\/cressy.ch\/index.php\/historique\/2015-2\/fete-de-cressy-2015\/","url_meta":{"origin":87,"position":4},"title":"F\u00eate de Cressy 2015","author":"chperetti","date":"13 mai 2016","format":false,"excerpt":"Les fourmis orange de l\u2019AHC ont fait un r\u00eave pour cette ann\u00e9e exceptionnelle qui comm\u00e9more les 10 ans de sa cr\u00e9ation : que tout se passe bien pour l\u2019organisation de la F\u00eate de Cressy, que la manifestation soit appr\u00e9ci\u00e9e, que les gens apportent spontan\u00e9ment leur aide, que la pluie ne\u2026","rel":"","context":"Article similaire","block_context":{"text":"Article similaire","link":""},"img":{"alt_text":"","src":"","width":0,"height":0},"classes":[]},{"id":377,"url":"https:\/\/cressy.ch\/index.php\/historique\/2016-2\/est-2016\/","url_meta":{"origin":87,"position":5},"title":"La f\u00eate de Cressy a eu lieu","author":"chperetti","date":"1 novembre 2016","format":false,"excerpt":"Le 25 septembre, les fourmis orange ont trim\u00e9 depuis 7h30 pour mettre en place la F\u00eate Cressy. Elles \u00e9taient encore toute endormies. Certaines \u00e9taient d\u00e9j\u00e0 en habit d\u2019\u00e9t\u00e9, car le temps annonc\u00e9 \u00e9tait au beau et chaud et d\u2019autres \u00e9taient habill\u00e9es comme en hiver. Elles devaient encore s\u2019imaginer au chaud\u2026","rel":"","context":"Article similaire","block_context":{"text":"Article similaire","link":""},"img":{"alt_text":"","src":"","width":0,"height":0},"classes":[]}],"_links":{"self":[{"href":"https:\/\/cressy.ch\/index.php\/wp-json\/wp\/v2\/pages\/87"}],"collection":[{"href":"https:\/\/cressy.ch\/index.php\/wp-json\/wp\/v2\/pages"}],"about":[{"href":"https:\/\/cressy.ch\/index.php\/wp-json\/wp\/v2\/types\/page"}],"author":[{"embeddable":true,"href":"https:\/\/cressy.ch\/index.php\/wp-json\/wp\/v2\/users\/1"}],"replies":[{"embeddable":true,"href":"https:\/\/cressy.ch\/index.php\/wp-json\/wp\/v2\/comments?post=87"}],"version-history":[{"count":2,"href":"https:\/\/cressy.ch\/index.php\/wp-json\/wp\/v2\/pages\/87\/revisions"}],"predecessor-version":[{"id":89,"href":"https:\/\/cressy.ch\/index.php\/wp-json\/wp\/v2\/pages\/87\/revisions\/89"}],"up":[{"embeddable":true,"href":"https:\/\/cressy.ch\/index.php\/wp-json\/wp\/v2\/pages\/43"}],"wp:attachment":[{"href":"https:\/\/cressy.ch\/index.php\/wp-json\/wp\/v2\/media?parent=87"}],"curies":[{"name":"wp","href":"https:\/\/api.w.org\/{rel}","templated":true}]}}