{"id":81,"date":"2016-05-13T13:02:59","date_gmt":"2016-05-13T11:02:59","guid":{"rendered":"http:\/\/www.cressy.ch\/?page_id=81"},"modified":"2016-05-13T13:02:59","modified_gmt":"2016-05-13T11:02:59","slug":"vide-grenier-de-cressy-2015","status":"publish","type":"page","link":"https:\/\/cressy.ch\/index.php\/historique\/2015-2\/vide-grenier-de-cressy-2015\/","title":{"rendered":"Vide grenier de Cressy 2015"},"content":{"rendered":"<div class=\"content\">\n<p>Le vide-grenier du 19 avril 2015<\/p>\n<p>Les fourmis orange se sont d\u00e9men\u00e9es comme de beaux diables, pour transformer le vide-grenier 2015 en une belle r\u00e9ussite.<br \/>\nLes t\u00e2ches ont \u00e9t\u00e9 multiples et vari\u00e9es, depuis plusieurs mois d\u00e9j\u00e0, entre passer la commande du mat\u00e9riel (tables, bancs, retricycles, panneaux d\u2019affichage et vaisselle compostable), faire la demande des locaux (pr\u00e9au, cuisine, r\u00e9fectoire, WC et la salle contenant tout le mat\u00e9riel), organiser les diff\u00e9rents parkings et panneaux de signalisation avec la Police Municipale, coordonner avec les TPG le d\u00e9tournement du bus dans le quartier, faire la demande officielle de manifestation au canton, cr\u00e9er l\u2019affiche et le flyer puis les photocopier, \u00e9crire le texte annonce pour les journaux (Confi\u2019lien, Bernex infos, les Nouvelles, l\u2019On\u00e9sien) et les sites internet de l\u2019AHC, de Confignon et de Bernex, fa\u00e7onner l\u2019infographie pour Canal Onex et TV Lancy, pr\u00e9parer les diff\u00e9rentes affiches pour la buvette et celles propre au vide-grenier, effectuer la demande pour la pose de banderoles aux diff\u00e9rents endroits puis les installer, \u00e9crire les lettres d\u2019invitation officielles et puis, finalement, faire les achats pour la buvette.<br \/>\nOups, nous allions oublier de parler du travail de titan qu\u2019a ex\u00e9cut\u00e9 avec rigueur et bonne humeur la fourmi en charge des r\u00e9servations de tables. Elle a eu quelques nuits \u00e9court\u00e9es d\u2019heures de sommeil. Elle a r\u00e9pondu et envoy\u00e9 un nombre de mails incalculables. Nous ne voulons surtout pas savoir combien, car nous risquerions de prendre peur !<\/p>\n<p>Une telle organisation ne peut pas se passer sans quelques petits couacs.<br \/>\nIl avait \u00e9t\u00e9 \u00e9tabli que toutes les commandes de mat\u00e9riel passaient par la mairie de Confignon. La personne en charge de ce poste les r\u00e9partirait sur les services ext\u00e9rieurs de Confignon et\/ou Bernex. Mais ceci ne lui avait pas \u00e9t\u00e9 transmis\u2026 elle \u00e9tait rest\u00e9e sur le principe qu\u2019elle ne s\u2019occuperait que du c\u00f4t\u00e9 Confignon.<br \/>\nMais pour cette manifestation les 135 tables et bancs devaient venir de Bernex vu que Confignon n\u2019a pas un stock assez grand de ce mat\u00e9riel. Heureusement, l\u2019erreur a \u00e9t\u00e9 rattrap\u00e9e, mais nous avons failli nous retrouver sans tables ni bancs !<\/p>\n<p>L\u2019autre gros couac provient de la poste en concomitance avec les fourmis. Il nous avait \u00e9t\u00e9 transmis que, probablement d\u00e8s d\u00e9but 2015, le publipostage (flyers transmis par le facteur dans les bo\u00eetes aux lettres) sur Confignon-Cressy et Bernex-Cressy ne se ferait qu\u2019apr\u00e8s \u00eatre pass\u00e9 par la mairie afin d\u2019obtenir un num\u00e9ro (ceci 3 semaines avant le passage \u00e0 la poste) qui doit \u00eatre amen\u00e9 \u00e0 la poste au moment de la d\u00e9pose des flyers. Malheureusement, la fourmi en charge de ce travail a oubli\u00e9 cette histoire ! Elle a donc enlev\u00e9 le nombre de flyers pour Cressy afin que les fourmis les distribuent elles-m\u00eames. Mais quelle n\u2019a pas \u00e9t\u00e9 leur surprise de constater que la poste a quand m\u00eame fleuri les bo\u00eetes aux lettres de Cressy de ce beau flyer orange !<\/p>\n<p>Au final, les fourmis se rendent compte que beaucoup de choses simples deviennent au fil du temps de plus en plus compliqu\u00e9es. Mais, vu qu\u2019elles sont des championnes de l\u2019organisation, elles sont ing\u00e9nieuses, rigoureuses et en ressortent \u00e0 chaque fois plus fortes !<\/p>\n<p>Le jour J a sonn\u00e9 ! Le soleil n\u2019est pas de la partie, le matin, au contraire des nuages et du froid; mais, au moins, la pluie n\u2019a pas fait son apparition. Ce temps n\u2019a probablement pas incit\u00e9 les jeunes engag\u00e9s t\u00f4t le matin, par les fourmis, \u00e0 sortir de sous leur couette.<br \/>\nUn seul sur les quatre \u00e9tait l\u00e0\u2026 gasp\u2026 ce fut un peu le stress pour les fourmis. Le travail que chacune avait \u00e0 faire \u00e9tait perturb\u00e9, car plusieurs d\u2019entre elles ont d\u00fb faire le travail qui incombait aux jeunes : installer les tables sous le pr\u00e9au couvert. Pendant ce temps, la buvette \u00e9tait en souffrance. La machine \u00e0 caf\u00e9 n\u2019avait pas encore trouv\u00e9 une prise capable de l\u2019alimenter. La pauvre fourmi \u00e9lectricienne \u00e9tait partout ! Elle a eu un gros coup de chaud !<br \/>\nFinalement, tout a \u00e9t\u00e9 install\u00e9 dans les temps impartis.<\/p>\n<p>Les bons pour les exposants ont \u00e9t\u00e9 d\u00e9livr\u00e9s \u00e0 9h02\u2026 au lieu de 9h\u2026 La queue a \u00e9t\u00e9 tr\u00e8s longue, mais en 30 minutes elle n\u2019a \u00e9t\u00e9 plus qu\u2019un vague souvenir gr\u00e2ce \u00e0 la m\u00eame fourmi qui s\u2019est occup\u00e9e des r\u00e9servations. Elle a pr\u00e9par\u00e9 cette remise de bons comme une chef.<\/p>\n<p>Puis cela a \u00e9t\u00e9 le d\u00e9fil\u00e9 des tables, bancs et affaires \u00e0 vendre. Les exposants ont commenc\u00e9 \u00e0 organiser leur espace pendant que les fourmis \u00ab polici\u00e8res \u00bb patrouillaient afin de parlementer avec les personnes qui essayaient de n\u2019en faire qu\u2019\u00e0 leur t\u00eate : s\u2019\u00e9tendre trop largement autour de leur table, ne pas respecter l\u2019alignement avec les autres tables et encore s\u2019installer sauvagement sans avoir r\u00e9serv\u00e9 la table. Leur t\u00e2che n\u2019est pas \u00e9vidente, mais elle est bien s\u00fbr n\u00e9cessaire. Heureusement la plupart des exposants respectent le r\u00e8glement.<\/p>\n<p>Apr\u00e8s l\u2019installation, les exposants sont all\u00e9s garer leur voiture. Heureusement, une des fourmis a enfourch\u00e9 son v\u00e9lo afin de v\u00e9rifier les panneaux de signalisation. Elle a bien fait, car certains panneaux ont pris une certaine libert\u00e9 pendant la nuit\u2026 le ciel a eu une forte attraction sur ces panneaux qui montraient tous ce lieu, \u00e0 se demander si des extra-terrestres ne seraient pas pass\u00e9s par Cressy. Apr\u00e8s une enqu\u00eate men\u00e9e tambour battant, les fourmis ont trouv\u00e9 les coupables. C\u2019\u00e9tait tout simplement les adolescents qui ont crois\u00e9 la route de ces choses trop dr\u00f4les \u00e0 bouger !<\/p>\n<p>A peine l\u2019installation termin\u00e9e, les acheteurs sont arriv\u00e9s et ont ouvert grand leurs \u00ab mirettes \u00bb afin de trouver l\u2019objet de leur d\u00e9sir. Le marchandage a battu son plein et les sourires ont commenc\u00e9 \u00e0 se dessiner sur les l\u00e8vres des exposants. Ils n\u2019ont pas pass\u00e9 des heures \u00e0 pr\u00e9parer leurs affaires pour rien.<br \/>\nLe soleil a m\u00eame commenc\u00e9 \u00e0 appara\u00eetre et \u00e0 r\u00e9chauffer le fond de l\u2019air.<\/p>\n<p>Les fourmis ravitailleuses, elles, n\u2019ont pas ch\u00f4m\u00e9 non plus. Elles ont fait cuire les cr\u00eapes qui envoyaient un doux fumet \u00e0 tel point qu\u2019une des fourmis a d\u00fb rapidement filer chez elle pour pr\u00e9parer quelques litres suppl\u00e9mentaires de p\u00e2tes \u00e0 cr\u00eapes. Elles ont pr\u00e9par\u00e9 des hot-dogs fourr\u00e9s de moutarde, ketchup et mayonnaise, des pizzas, des pop-corn ainsi que de la salade coleslaw et de la salade de fruits frais. Cette derni\u00e8re avait une saveur particuli\u00e8re, une des fourmis ayant ajout\u00e9 un jus maison dont elle a le secret et c\u2019\u00e9tait un vrai r\u00e9gal.<br \/>\nLes fourmis avaient aussi travaill\u00e9 en amont en pr\u00e9parant les sandwichs, les brochettes de bonbons et en embaumant leur maison d\u2019une bonne odeur sucr\u00e9e de g\u00e2teaux.<br \/>\nElles ont pu tenir la buvette gr\u00e2ce aux b\u00e9n\u00e9voles qui les ont aid\u00e9es d\u2019arrache-pattes. M\u00eame deux adolescents se sont joints \u00e0 elles, la rel\u00e8ve est assur\u00e9e\u2026 elles peuvent commencer \u00e0 penser \u00e0 la retraite !<br \/>\nA 16h, la camionnette de l\u2019association Carrefour-Rue a fait son apparition. Les exposants l\u2019ont remplie de toutes sortes d\u2019affaires qu\u2019ils n\u2019ont pas r\u00e9ussi \u00e0 vendre. Tout le monde est reparti content : les exposants de ne pas avoir besoin de reprendre certaines affaires et l\u2019association d\u2019en faire profiter les plus d\u00e9munis.<br \/>\nLe balai des voitures a recommenc\u00e9 pour venir r\u00e9cup\u00e9rer les affaires, le quartier s\u2019est vid\u00e9 peu \u00e0 peu et la tranquillit\u00e9 est revenue autour de l\u2019\u00e9cole.<br \/>\nIl est 17h45, pour les fourmis le calme arrivera seulement vers 21h lorsque tout aura \u00e9t\u00e9 rang\u00e9 et nettoy\u00e9. En attendant, elles ont eu un coup de chaud en allant regarder sur la place du terminus du bus. Malgr\u00e9 un panneau sp\u00e9cifiant que les voitures devaient lib\u00e9rer le lieu \u00e0 17h30 au plus tard, certaines \u00e9taient encore pr\u00e9sentes. Et surtout, elles se trouvaient sur le parcours du bus ! Comment retrouver les propri\u00e9taires ? Une des fourmis a eu une id\u00e9e de g\u00e9nie et s\u2019est dirig\u00e9e vers le Proxi. Eh oui, elle a eu les \u00ab antennes \u00bb fines, les propri\u00e9taires voulaient simplement encore profiter d\u2019un bon caf\u00e9 ! A peine parties, le bus pointe son nez. Ouf ! Les fourmis ont pu enfin souffler. La journ\u00e9e est termin\u00e9e et tout s\u2019est bien pass\u00e9.<br \/>\nVivement l\u2019ann\u00e9e prochaine !<\/p>\n<\/div>\n<div class=\"clear-block clear\"><\/div>\n","protected":false},"excerpt":{"rendered":"<p>Le vide-grenier du 19 avril 2015 Les fourmis orange se sont d\u00e9men\u00e9es comme de beaux diables, pour transformer le vide-grenier 2015 en une belle r\u00e9ussite. Les t\u00e2ches ont \u00e9t\u00e9 multiples et vari\u00e9es, depuis plusieurs mois d\u00e9j\u00e0, entre passer la commande du mat\u00e9riel (tables, bancs, retricycles, panneaux d\u2019affichage et vaisselle compostable), \u2026 <a class=\"continue-reading-link\" href=\"https:\/\/cressy.ch\/index.php\/historique\/2015-2\/vide-grenier-de-cressy-2015\/\"> Continue reading <span class=\"meta-nav\">&rarr; <\/span><\/a><\/p>\n","protected":false},"author":1,"featured_media":0,"parent":41,"menu_order":0,"comment_status":"closed","ping_status":"closed","template":"","meta":{"jetpack_post_was_ever_published":false,"footnotes":""},"jetpack_sharing_enabled":true,"jetpack_shortlink":"https:\/\/wp.me\/P7Ajlu-1j","jetpack-related-posts":[{"id":53,"url":"https:\/\/cressy.ch\/index.php\/historique\/2016-2\/vide-crenier-de-cressy-2016\/","url_meta":{"origin":81,"position":0},"title":"vide crenier de Cressy 2016","author":"chperetti","date":"11 mai 2016","format":false,"excerpt":"Les fourmis orange se sont d\u00e9men\u00e9es comme de beaux diables, pour transformer le vide-grenier 2016 en une belle r\u00e9ussite. Les t\u00e2ches ont \u00e9t\u00e9 multiples et vari\u00e9es, depuis plusieurs mois d\u00e9j\u00e0, entre passer la commande du mat\u00e9riel (tables, bancs, retricycles, panneaux d\u2019affichage et vaisselle compostable), faire la demande des locaux (pr\u00e9au,\u2026","rel":"","context":"Article similaire","block_context":{"text":"Article similaire","link":""},"img":{"alt_text":"","src":"","width":0,"height":0},"classes":[]},{"id":109,"url":"https:\/\/cressy.ch\/index.php\/historique\/2012-2\/assemblee-generale-ordinaire\/","url_meta":{"origin":81,"position":1},"title":"Assembl\u00e9e g\u00e9n\u00e9rale ordinaire","author":"chperetti","date":"13 mai 2016","format":false,"excerpt":"24 janvier 2012 - Assembl\u00e9e g\u00e9n\u00e9rale ordinaire \u00a0\u00a0 \u00a0\u00a0\u00a0\u00a0\u00a0 Le r\u00eave de tout comit\u00e9 d\u2019une association est de r\u00e9unir tous les membres pour l\u2019assembl\u00e9e g\u00e9n\u00e9rale ordinaire. Et si ce n\u2019\u00e9tait pas qu\u2019un r\u00eave, mais une r\u00e9alit\u00e9 qui se serait produite lors de l\u2019assembl\u00e9e g\u00e9n\u00e9rale organis\u00e9e en janvier par les petites\u2026","rel":"","context":"Article similaire","block_context":{"text":"Article similaire","link":""},"img":{"alt_text":"","src":"","width":0,"height":0},"classes":[]},{"id":117,"url":"https:\/\/cressy.ch\/index.php\/historique\/2012-2\/vide-greniers-2012\/","url_meta":{"origin":81,"position":2},"title":"Vide greniers 2012","author":"chperetti","date":"13 mai 2016","format":false,"excerpt":"L'ouverture du \"Vide-greniers\" de Cressy approche et les fourmis orange de l\u2019AHC sont en pleine \u00e9bullition, surtout celle qui s\u2019occupe de la r\u00e9servation. Entre t\u00e9l\u00e9phones et mails, elle en perd son latin\u00a0! Elle jongle (une vraie virtuose) avec ces multiples listes\u00a0: liste d\u2019adresses, liste des membres AHC (car ils ont\u2026","rel":"","context":"Article similaire","block_context":{"text":"Article similaire","link":""},"img":{"alt_text":"","src":"","width":0,"height":0},"classes":[]},{"id":457,"url":"https:\/\/cressy.ch\/index.php\/historique\/2017-2\/vide-grenier-de-cressy-2017\/","url_meta":{"origin":81,"position":3},"title":"vide Grenier 2017","author":"chperetti","date":"3 novembre 2017","format":false,"excerpt":"Vive le vide-grenier\u00a0! Voil\u00e0 l\u2019expression qui est venue \u00e0 l\u2019esprit des petites fourmis orange apr\u00e8s cette magnifique journ\u00e9e du 9 avril. Ce vide-grenier 2017 a eu lieu sous le signe de la convivialit\u00e9, de l\u2019amabilit\u00e9, de l\u2019entraide et de la bonne humeur. Les jeunes sous la houlette du BUPP ont\u2026","rel":"","context":"Article similaire","block_context":{"text":"Article similaire","link":""},"img":{"alt_text":"","src":"","width":0,"height":0},"classes":[]},{"id":103,"url":"https:\/\/cressy.ch\/index.php\/historique\/2013-2\/vide-greniers-2013\/","url_meta":{"origin":81,"position":4},"title":"vide greniers 2013","author":"chperetti","date":"13 mai 2016","format":false,"excerpt":"Quel magnifique vide-grenier\u00a0! Avec ses 157 tables, le quartier de Cressy a \u00e9t\u00e9 envahi par les exposants et les acheteurs le dimanche 21 avril 2013. Le temps a \u00e9t\u00e9 nuageux, le soleil n\u2019a pas daign\u00e9 darder ses rayons lumineux. Mais, heureusement, le vent violent de la veille a disparu et\u2026","rel":"","context":"Article similaire","block_context":{"text":"Article similaire","link":""},"img":{"alt_text":"","src":"","width":0,"height":0},"classes":[]},{"id":124,"url":"https:\/\/cressy.ch\/index.php\/historique\/2011-2\/vide-greniers-2011\/","url_meta":{"origin":81,"position":5},"title":"Vide greniers 2011","author":"chperetti","date":"13 mai 2016","format":false,"excerpt":"VIDE-GRENIER 2011 \u00a0 \u00a0 \u00a0 \u00a0 \u00a0 Le vide-grenier de Cressy ne d\u00e9bute qu\u2019\u00e0 10 heures ce dimanche 10 avril, mais, \u00e0 8 heures d\u00e9j\u00e0, le pr\u00e9au de l\u2019\u00e9cole fourmille de mouvement. Les fourmis orange de l\u2019AHC s\u2019agitent autour de l\u2019installation des tables sous le pr\u00e9au couvert. Elles doivent vider\u2026","rel":"","context":"Article similaire","block_context":{"text":"Article similaire","link":""},"img":{"alt_text":"","src":"","width":0,"height":0},"classes":[]}],"_links":{"self":[{"href":"https:\/\/cressy.ch\/index.php\/wp-json\/wp\/v2\/pages\/81"}],"collection":[{"href":"https:\/\/cressy.ch\/index.php\/wp-json\/wp\/v2\/pages"}],"about":[{"href":"https:\/\/cressy.ch\/index.php\/wp-json\/wp\/v2\/types\/page"}],"author":[{"embeddable":true,"href":"https:\/\/cressy.ch\/index.php\/wp-json\/wp\/v2\/users\/1"}],"replies":[{"embeddable":true,"href":"https:\/\/cressy.ch\/index.php\/wp-json\/wp\/v2\/comments?post=81"}],"version-history":[{"count":1,"href":"https:\/\/cressy.ch\/index.php\/wp-json\/wp\/v2\/pages\/81\/revisions"}],"predecessor-version":[{"id":82,"href":"https:\/\/cressy.ch\/index.php\/wp-json\/wp\/v2\/pages\/81\/revisions\/82"}],"up":[{"embeddable":true,"href":"https:\/\/cressy.ch\/index.php\/wp-json\/wp\/v2\/pages\/41"}],"wp:attachment":[{"href":"https:\/\/cressy.ch\/index.php\/wp-json\/wp\/v2\/media?parent=81"}],"curies":[{"name":"wp","href":"https:\/\/api.w.org\/{rel}","templated":true}]}}