{"id":79,"date":"2016-05-13T13:02:24","date_gmt":"2016-05-13T11:02:24","guid":{"rendered":"http:\/\/www.cressy.ch\/?page_id=79"},"modified":"2016-05-13T13:02:24","modified_gmt":"2016-05-13T11:02:24","slug":"matinee-de-nettoyage-2015","status":"publish","type":"page","link":"https:\/\/cressy.ch\/index.php\/historique\/2015-2\/matinee-de-nettoyage-2015\/","title":{"rendered":"Matin\u00e9e de nettoyage 2015"},"content":{"rendered":"<div class=\"content\">\n<p>La matin\u00e9e nettoyage de Cressy du 10 mai 2015 a eu un franc succ\u00e8s, malgr\u00e9 la date choisie qui tombait sur la F\u00eate des M\u00e8res.<\/p>\n<p>Beaucoup de familles avec des enfants entre 4 et 8 ans se sont jointes aux petites fourmis orange.<br \/>\nC\u2019est s\u00fbrement gr\u00e2ce aux flyers avec un sac poubelle agraf\u00e9, distribu\u00e9s par l\u2019\u00e9cole aux enfants. Ils ont incit\u00e9 les parents \u00e0 venir. Une maman est arriv\u00e9e encore toute endormie. Son fils ne l\u2019a pas laiss\u00e9e faire sa grasse matin\u00e9e. Il avait une mission \u00e0 accomplir, il n\u2019allait pas se transformer en superman, mais en super\u00e9boueur !<br \/>\nEt pour mener \u00e0 bien sa mission il avait besoin d\u2019un gant qui se trouvait dans le pr\u00e9au de l\u2019\u00e9cole. Ce dernier \u00e9tait un peu grand pour lui. Les commer\u00e7ants n\u2019ont pas encore r\u00e9alis\u00e9 que les enfants pourraient avoir besoin de ce mat\u00e9riel. Sa petite main \u00e9tait toute perdue dans ce gant de g\u00e9ant, mais il a le m\u00e9rite de le prot\u00e9ger afin qu\u2019il puisse ramasser tous les d\u00e9tritus m\u00eame les plus d\u00e9goutants.<\/p>\n<p>Les fourmis ont vu arriver leur retrait\u00e9 pr\u00e9f\u00e9r\u00e9, celui avec la main de fer. Non, non, ce n\u2019est pas un extra-terrestre. Il a dans sa main une tige avec un clamp au bout qui permet de r\u00e9cup\u00e9rer les d\u00e9chets sans avoir \u00e0 se baisser. C\u2019est tr\u00e8s ing\u00e9nieux !<\/p>\n<p>Les gens ont \u00e9t\u00e9 unanimes, ils ont trouv\u00e9 que le quartier \u00e9tait assez propre.<br \/>\nCe qui les a le plus surpris c\u2019est la quantit\u00e9 de m\u00e9gots de cigarettes qui jonchent le bas des trottoirs ou qui ornent le bitume.<br \/>\nAu final, le tri s\u00e9lectif a d\u00e9voil\u00e9 une grande quantit\u00e9 de papiers et de bouteille en PET. La fourmi farfouille a d\u00e9got\u00e9 de belles choses cette ann\u00e9e : un v\u00e9lo tout tordu, un grand tableau et un balai. Ce dernier en a certainement eu ras-le-bol de passer sa vie \u00e0 nettoyer et a pris un cong\u00e9 sabbatique. Cette fourmi a vraiment ses antennes qui trainent partout. L\u2019ann\u00e9e pass\u00e9e, rappelez-vous, elle avait trouv\u00e9 un enjoliveur qui appartenait \u00e0 une des autres fourmis.<\/p>\n<p>Il y a aussi eu quelques d\u00e9chets qui ont pris la poudre d\u2019escampette du chantier des nouveaux immeubles. N\u2019oublions pas les \u00e9ternelles crottes de chiens qui ont toujours de la difficult\u00e9 \u00e0 aller s\u2019enfermer dans les sachets pr\u00e9vus \u00e0 cet effet.<\/p>\n<p>Le soleil \u00e9tant de la partie il a rappel\u00e9 aux nettoyeurs que leur gorge \u00e9tait s\u00e8che. Ils ont pu \u00e9tancher leur soif avec un bon caf\u00e9 ou des boissons plus fra\u00eeches. Et comme le petit-d\u00e9jeuner \u00e9tait loin derri\u00e8re eux, ils ont pu se sustenter de croissants, chocolat et pommes.<\/p>\n<p>Les enfants, une fois les victuailles aval\u00e9es, ont pu profiter du jeu propos\u00e9 par la COSEDEC. Ils sont partis \u00e0 la p\u00eache de divers d\u00e9chets qu\u2019ils ont ensuite tri\u00e9s. Cela a permis \u00e0 l\u2019animateur de les faire r\u00e9fl\u00e9chir sur certains \u00e9l\u00e9ments : est-ce que la brique de lait peut \u00eatre recycl\u00e9e ? Est-ce qu\u2019une toute petite pile est n\u00e9faste dans la nature ?<br \/>\nEt nous, petites fourmis en \u00e9ternelle cogitation, cela nous a ouvert l\u2019esprit sur de nouvelles choses \u00e0 apporter \u00e0 cette manifestation : des affiches explicatives sur la destruction de certains d\u00e9chets.<\/p>\n<p>Les enfants ont aussi pu colorier des dessins de poissons qui viendront d\u00e9corer le jeu de la COSEDEC.<br \/>\nLes mamans sont parties combl\u00e9es, car nous leur avons offert une rose pour leur f\u00eate.<br \/>\nNous remercions la commune de Confignon pour l\u2019aide financi\u00e8re qu\u2019elle nous apporte chaque ann\u00e9e pour cette manifestation qui a permis de rallier environs 70 personnes autour de ce th\u00e8me tr\u00e8s important qu\u2019est la protection de la nature, le tri de nos d\u00e9chets et le respect des autres.<\/p>\n<\/div>\n<div class=\"clear-block clear\"><\/div>\n","protected":false},"excerpt":{"rendered":"<p>La matin\u00e9e nettoyage de Cressy du 10 mai 2015 a eu un franc succ\u00e8s, malgr\u00e9 la date choisie qui tombait sur la F\u00eate des M\u00e8res. Beaucoup de familles avec des enfants entre 4 et 8 ans se sont jointes aux petites fourmis orange. C\u2019est s\u00fbrement gr\u00e2ce aux flyers avec un \u2026 <a class=\"continue-reading-link\" href=\"https:\/\/cressy.ch\/index.php\/historique\/2015-2\/matinee-de-nettoyage-2015\/\"> Continue reading <span class=\"meta-nav\">&rarr; <\/span><\/a><\/p>\n","protected":false},"author":1,"featured_media":0,"parent":41,"menu_order":0,"comment_status":"closed","ping_status":"closed","template":"","meta":{"jetpack_post_was_ever_published":false,"footnotes":""},"jetpack_sharing_enabled":true,"jetpack_shortlink":"https:\/\/wp.me\/P7Ajlu-1h","jetpack-related-posts":[{"id":115,"url":"https:\/\/cressy.ch\/index.php\/historique\/2012-2\/matinee-de-nettoyage-2012\/","url_meta":{"origin":79,"position":0},"title":"matin\u00e9e de nettoyage 2012","author":"chperetti","date":"13 mai 2016","format":false,"excerpt":"Cette ann\u00e9e les fourmis orange de l\u2019AHC ont quand m\u00eame d\u00e9cid\u00e9 d\u2019organiser la matin\u00e9e nettoyage de Cressy malgr\u00e9 un mois de juin bien charg\u00e9 pour elles. Eh oui, elles sont vraiment partout ces petites b\u00eates\u00a0! Elles ont particip\u00e9 \u00e0 la \u00ab\u00a0Rue aux Enfants\u00a0\u00bb \u00e0 Bernex, elles vont encha\u00eener avec la\u2026","rel":"","context":"Article similaire","block_context":{"text":"Article similaire","link":""},"img":{"alt_text":"","src":"","width":0,"height":0},"classes":[]},{"id":459,"url":"https:\/\/cressy.ch\/index.php\/historique\/2017-2\/matinee-de-nettoyage-2017\/","url_meta":{"origin":79,"position":1},"title":"Matin\u00e9e de Nettoyage 2017","author":"chperetti","date":"3 novembre 2017","format":false,"excerpt":"Le jour de la F\u00eate des M\u00e8res, le 14 mai, les fourmis orange ont \u00e9t\u00e9 prises de fr\u00e9n\u00e9sie et ont tout mis en place pour la matin\u00e9e nettoyage. Mais qu\u2019est-ce qui leur a pris\u00a0? Elles auraient d\u00fb \u00eatre en train d\u2019appr\u00e9cier un bon petit-d\u00e9jeuner pr\u00e9par\u00e9 par leurs enfants. Mais comme\u2026","rel":"","context":"Article similaire","block_context":{"text":"Article similaire","link":""},"img":{"alt_text":"","src":"","width":0,"height":0},"classes":[]},{"id":93,"url":"https:\/\/cressy.ch\/index.php\/historique\/2014-2\/matinee-de-nettoyage-2014\/","url_meta":{"origin":79,"position":2},"title":"Matin\u00e9e de nettoyage 2014","author":"chperetti","date":"13 mai 2016","format":false,"excerpt":"Le quartier de Cressy s\u2019est r\u00e9veill\u00e9 le dimanche 18 mai sous un magnifique soleil et une absence de bise, ouf\u2026 car cette ann\u00e9e le d\u00e9but du mois de mai a \u00e9t\u00e9 riche en vents. Les fourmis de l\u2019AHC sont pr\u00eates \u00e0 accueillir les habitants pour la matin\u00e9e nettoyage. A 10h,\u2026","rel":"","context":"Article similaire","block_context":{"text":"Article similaire","link":""},"img":{"alt_text":"","src":"","width":0,"height":0},"classes":[]},{"id":380,"url":"https:\/\/cressy.ch\/index.php\/historique\/2016-2\/la-matinee-de-nettoyage-a-eu-lieu\/","url_meta":{"origin":79,"position":3},"title":"La matin\u00e9e de nettoyage a eu lieu","author":"chperetti","date":"1 novembre 2016","format":false,"excerpt":"LA MATINEE NETTOYAGE A EU LIEU Quelle belle matin\u00e9e ! Ceci gr\u00e2ce au magnifique soleil qui a daign\u00e9 pointer ses rayons de chaleur et de lumi\u00e8re et gr\u00e2ce aux habitants venus aider les fourmis \u00e0 rendre leur quartier propre et sans d\u00e9chets. Tous les \u00e2ges ont \u00e9t\u00e9 repr\u00e9sent\u00e9s, il ne\u2026","rel":"","context":"Article similaire","block_context":{"text":"Article similaire","link":""},"img":{"alt_text":"","src":"https:\/\/i0.wp.com\/www.cressy.ch\/wp-content\/uploads\/2016\/06\/JourNet_2016_3-300x200.jpg?resize=350%2C200","width":350,"height":200},"classes":[]},{"id":101,"url":"https:\/\/cressy.ch\/index.php\/historique\/2013-2\/matinee-de-nettoyage-2013\/","url_meta":{"origin":79,"position":4},"title":"Matin\u00e9e de nettoyage 2013","author":"chperetti","date":"13 mai 2016","format":false,"excerpt":"Il est d\u00e9j\u00e0 fin mai et le printemps peine \u00e0 s\u2019installer en cette ann\u00e9e 2013. \u00a0 Les fourmis ne se sont pas d\u00e9courag\u00e9es pour autant et ont organis\u00e9 la matin\u00e9e nettoyage du quartier de Cressy. Malheureusement le week-end choisi a co\u00efncid\u00e9 avec d\u2019autres activit\u00e9s\u00a0: la course de caisses \u00e0 savon\u2026","rel":"","context":"Article similaire","block_context":{"text":"Article similaire","link":""},"img":{"alt_text":"","src":"","width":0,"height":0},"classes":[]},{"id":103,"url":"https:\/\/cressy.ch\/index.php\/historique\/2013-2\/vide-greniers-2013\/","url_meta":{"origin":79,"position":5},"title":"vide greniers 2013","author":"chperetti","date":"13 mai 2016","format":false,"excerpt":"Quel magnifique vide-grenier\u00a0! Avec ses 157 tables, le quartier de Cressy a \u00e9t\u00e9 envahi par les exposants et les acheteurs le dimanche 21 avril 2013. Le temps a \u00e9t\u00e9 nuageux, le soleil n\u2019a pas daign\u00e9 darder ses rayons lumineux. Mais, heureusement, le vent violent de la veille a disparu et\u2026","rel":"","context":"Article similaire","block_context":{"text":"Article similaire","link":""},"img":{"alt_text":"","src":"","width":0,"height":0},"classes":[]}],"_links":{"self":[{"href":"https:\/\/cressy.ch\/index.php\/wp-json\/wp\/v2\/pages\/79"}],"collection":[{"href":"https:\/\/cressy.ch\/index.php\/wp-json\/wp\/v2\/pages"}],"about":[{"href":"https:\/\/cressy.ch\/index.php\/wp-json\/wp\/v2\/types\/page"}],"author":[{"embeddable":true,"href":"https:\/\/cressy.ch\/index.php\/wp-json\/wp\/v2\/users\/1"}],"replies":[{"embeddable":true,"href":"https:\/\/cressy.ch\/index.php\/wp-json\/wp\/v2\/comments?post=79"}],"version-history":[{"count":1,"href":"https:\/\/cressy.ch\/index.php\/wp-json\/wp\/v2\/pages\/79\/revisions"}],"predecessor-version":[{"id":80,"href":"https:\/\/cressy.ch\/index.php\/wp-json\/wp\/v2\/pages\/79\/revisions\/80"}],"up":[{"embeddable":true,"href":"https:\/\/cressy.ch\/index.php\/wp-json\/wp\/v2\/pages\/41"}],"wp:attachment":[{"href":"https:\/\/cressy.ch\/index.php\/wp-json\/wp\/v2\/media?parent=79"}],"curies":[{"name":"wp","href":"https:\/\/api.w.org\/{rel}","templated":true}]}}