{"id":55,"date":"2016-05-11T20:34:43","date_gmt":"2016-05-11T18:34:43","guid":{"rendered":"http:\/\/www.cressy.ch\/?page_id=55"},"modified":"2022-03-25T16:01:03","modified_gmt":"2022-03-25T15:01:03","slug":"questions","status":"publish","type":"page","link":"https:\/\/cressy.ch\/index.php\/questions\/","title":{"rendered":"Questions"},"content":{"rendered":"<div id=\"tabs-wrapper\" class=\"clear-block\">\n<h2 class=\"active\">Questions fr\u00e9quentes sur l&#8217;AHC<\/h2>\n<\/div>\n<div id=\"node-5\" class=\"node\">\n<div class=\"content\">\n<p><strong>Comment sont utilis\u00e9s les 15 francs de cotisation \u00e0 l&#8217;AHC ?<\/strong><br \/>\nIls servent \u00e0 payer nos frais de fonctionnement, l&#8217;h\u00e9bergement de notre site internet, les verr\u00e9es et \u00e0 avancer certaines d\u00e9penses pour les activit\u00e9s que nous organisons. L&#8217;AHC est une association \u00e0 but non lucratif.<\/p>\n<p><strong>Comment puis-je payer ma cotisation ?<\/strong><br \/>\nEn utilisant l&#8217;identifiant du compte de l&#8217;association : IBAN CH02 0900 0000 1747 3678 3 ou le compte postal de l&#8217;association : 17-473678-3<\/p>\n<p><strong>Comment puis-je aider l&#8217;association ?<\/strong><br \/>\nL&#8217;AHC accepte l&#8217;aide de toute personne de bonne volont\u00e9. Cette aide peut \u00eatre tr\u00e8s ponctuelle. Lors des manifestations organis\u00e9es par l&#8217;association, nous avons toujours besoin de monde pour coller des affiches ou distribuer des flyers dans les bo\u00eetes aux lettres, mettre en place ou d\u00e9barrasser des tables et des bancs, tenir un stand, &#8230;<\/p>\n<p><strong>J&#8217;ai un probl\u00e8me de voisinage, l&#8217;AHC peut-elle m&#8217;aider ?<\/strong><br \/>\nNon, ce n&#8217;est pas dans ses attributions. Tel que sp\u00e9cifi\u00e9 dans ses <a href=\"http:\/\/cressy.ch\/node\/4\">statuts<\/a>, l&#8217;AHC cherche \u00e0 d\u00e9fendre les int\u00e9r\u00eats communs des habitants de Cressy, et non pas des int\u00e9r\u00eats individuels.<\/p>\n<p><strong>L&#8217;AHC peut-elle faire la promotion d&#8217;une r\u00e9union organis\u00e9e par un parti politique ?<\/strong><br \/>\nNon, l&#8217;AHC se veut apolitique. M\u00eame si la r\u00e9union concerne directement le quartier de Cressy, l&#8217;AHC n&#8217;a pas \u00e0 en faire la promotion.<\/p>\n<p><strong>Dans quelle mesure l&#8217;AHC peut aider d&#8217;autres associations locale ?<br \/>\n<\/strong>L&#8217;AHC est dispos\u00e9e \u00e0 mettre son site Internet \u00e0 disposition d&#8217;autres associations du quartier pour promouvoir les activit\u00e9s de ces associations. L&#8217;AHC peut \u00e9galement, sur d\u00e9cision du comit\u00e9, d\u00e9cider de participer \u00e0 l&#8217;organisation d&#8217;activit\u00e9s en collaboration avec d&#8217;autres associations.<\/p>\n<\/div>\n<div class=\"clear-block clear\"><\/div>\n<\/div>\n","protected":false},"excerpt":{"rendered":"<p>Questions fr\u00e9quentes sur l&#8217;AHC Comment sont utilis\u00e9s les 15 francs de cotisation \u00e0 l&#8217;AHC ? Ils servent \u00e0 payer nos frais de fonctionnement, l&#8217;h\u00e9bergement de notre site internet, les verr\u00e9es et \u00e0 avancer certaines d\u00e9penses pour les activit\u00e9s que nous organisons. L&#8217;AHC est une association \u00e0 but non lucratif. Comment \u2026 <a class=\"continue-reading-link\" href=\"https:\/\/cressy.ch\/index.php\/questions\/\"> Continue reading <span class=\"meta-nav\">&rarr; <\/span><\/a><\/p>\n","protected":false},"author":5,"featured_media":0,"parent":0,"menu_order":4,"comment_status":"closed","ping_status":"closed","template":"","meta":{"jetpack_post_was_ever_published":false,"footnotes":""},"jetpack_sharing_enabled":true,"jetpack_shortlink":"https:\/\/wp.me\/P7Ajlu-T","jetpack-related-posts":[{"id":109,"url":"https:\/\/cressy.ch\/index.php\/historique\/2012-2\/assemblee-generale-ordinaire\/","url_meta":{"origin":55,"position":0},"title":"Assembl\u00e9e g\u00e9n\u00e9rale ordinaire","author":"chperetti","date":"13 mai 2016","format":false,"excerpt":"24 janvier 2012 - Assembl\u00e9e g\u00e9n\u00e9rale ordinaire \u00a0\u00a0 \u00a0\u00a0\u00a0\u00a0\u00a0 Le r\u00eave de tout comit\u00e9 d\u2019une association est de r\u00e9unir tous les membres pour l\u2019assembl\u00e9e g\u00e9n\u00e9rale ordinaire. Et si ce n\u2019\u00e9tait pas qu\u2019un r\u00eave, mais une r\u00e9alit\u00e9 qui se serait produite lors de l\u2019assembl\u00e9e g\u00e9n\u00e9rale organis\u00e9e en janvier par les petites\u2026","rel":"","context":"Article similaire","block_context":{"text":"Article similaire","link":""},"img":{"alt_text":"","src":"","width":0,"height":0},"classes":[]},{"id":124,"url":"https:\/\/cressy.ch\/index.php\/historique\/2011-2\/vide-greniers-2011\/","url_meta":{"origin":55,"position":1},"title":"Vide greniers 2011","author":"chperetti","date":"13 mai 2016","format":false,"excerpt":"VIDE-GRENIER 2011 \u00a0 \u00a0 \u00a0 \u00a0 \u00a0 Le vide-grenier de Cressy ne d\u00e9bute qu\u2019\u00e0 10 heures ce dimanche 10 avril, mais, \u00e0 8 heures d\u00e9j\u00e0, le pr\u00e9au de l\u2019\u00e9cole fourmille de mouvement. Les fourmis orange de l\u2019AHC s\u2019agitent autour de l\u2019installation des tables sous le pr\u00e9au couvert. Elles doivent vider\u2026","rel":"","context":"Article similaire","block_context":{"text":"Article similaire","link":""},"img":{"alt_text":"","src":"","width":0,"height":0},"classes":[]},{"id":107,"url":"https:\/\/cressy.ch\/index.php\/historique\/2012-2\/ahc-fete-ses-benevoles\/","url_meta":{"origin":55,"position":2},"title":"AHC f\u00eate ses b\u00e9n\u00e9voles","author":"chperetti","date":"13 mai 2016","format":false,"excerpt":"\u00a0\u00a0\u00a0\u00a0\u00a0\u00a0\u00a0 \u00a0\u00a0\u00a0\u00a0 \u00a0 \u00a0 L\u2019AHC FETE SES BENEVOLES Il est 19h en ce 17 janvier 2012. L\u2019ombre de Sherlock Holmes, bien curieuse, traverse Cressy\u2026 et se pose des questions. La lumi\u00e8re dans le tea-room brille encore de tous ces feux. Des gens habill\u00e9s bien chaudement osent p\u00e9n\u00e9trer en faisant tinter\u2026","rel":"","context":"Article similaire","block_context":{"text":"Article similaire","link":""},"img":{"alt_text":"","src":"","width":0,"height":0},"classes":[]},{"id":113,"url":"https:\/\/cressy.ch\/index.php\/historique\/2012-2\/fete-du-sapin-2012\/","url_meta":{"origin":55,"position":3},"title":"F\u00eate du Sapin 2012","author":"chperetti","date":"13 mai 2016","format":false,"excerpt":"Il y a 3 jours la neige a essaim\u00e9 dans les rues genevoises, mais la pluie l\u2019a malheureusement chass\u00e9e le lendemain. Nous avons donc f\u00eat\u00e9 le Sapin sans neige et m\u00eame avec un temps tr\u00e8s doux. Pour une fois, nous, les lutins de l\u2019AHC, n\u2019avons pas \u00e9t\u00e9 transis de froid\u2026","rel":"","context":"Article similaire","block_context":{"text":"Article similaire","link":""},"img":{"alt_text":"","src":"","width":0,"height":0},"classes":[]},{"id":53,"url":"https:\/\/cressy.ch\/index.php\/historique\/2016-2\/vide-crenier-de-cressy-2016\/","url_meta":{"origin":55,"position":4},"title":"vide crenier de Cressy 2016","author":"chperetti","date":"11 mai 2016","format":false,"excerpt":"Les fourmis orange se sont d\u00e9men\u00e9es comme de beaux diables, pour transformer le vide-grenier 2016 en une belle r\u00e9ussite. Les t\u00e2ches ont \u00e9t\u00e9 multiples et vari\u00e9es, depuis plusieurs mois d\u00e9j\u00e0, entre passer la commande du mat\u00e9riel (tables, bancs, retricycles, panneaux d\u2019affichage et vaisselle compostable), faire la demande des locaux (pr\u00e9au,\u2026","rel":"","context":"Article similaire","block_context":{"text":"Article similaire","link":""},"img":{"alt_text":"","src":"","width":0,"height":0},"classes":[]},{"id":90,"url":"https:\/\/cressy.ch\/index.php\/historique\/2014-2\/fete-du-sapin-2014\/","url_meta":{"origin":55,"position":5},"title":"F\u00eate du Sapin 2014","author":"chperetti","date":"13 mai 2016","format":false,"excerpt":"Cette ann\u00e9e, les lutins de l\u2019AHC ont organis\u00e9 la F\u00eate du Sapin un peu plus t\u00f4t que d\u2019habitude. Les gens n\u2019\u00e9tant pas encore surcharg\u00e9s d\u2019activit\u00e9s et de stress pour les F\u00eates, ils ont eu le temps de venir partager le vin chaud et la raclette offerts par les lutins. Le\u2026","rel":"","context":"Article similaire","block_context":{"text":"Article similaire","link":""},"img":{"alt_text":"","src":"","width":0,"height":0},"classes":[]}],"_links":{"self":[{"href":"https:\/\/cressy.ch\/index.php\/wp-json\/wp\/v2\/pages\/55"}],"collection":[{"href":"https:\/\/cressy.ch\/index.php\/wp-json\/wp\/v2\/pages"}],"about":[{"href":"https:\/\/cressy.ch\/index.php\/wp-json\/wp\/v2\/types\/page"}],"author":[{"embeddable":true,"href":"https:\/\/cressy.ch\/index.php\/wp-json\/wp\/v2\/users\/5"}],"replies":[{"embeddable":true,"href":"https:\/\/cressy.ch\/index.php\/wp-json\/wp\/v2\/comments?post=55"}],"version-history":[{"count":4,"href":"https:\/\/cressy.ch\/index.php\/wp-json\/wp\/v2\/pages\/55\/revisions"}],"predecessor-version":[{"id":602,"href":"https:\/\/cressy.ch\/index.php\/wp-json\/wp\/v2\/pages\/55\/revisions\/602"}],"wp:attachment":[{"href":"https:\/\/cressy.ch\/index.php\/wp-json\/wp\/v2\/media?parent=55"}],"curies":[{"name":"wp","href":"https:\/\/api.w.org\/{rel}","templated":true}]}}