{"id":53,"date":"2016-05-11T20:23:20","date_gmt":"2016-05-11T18:23:20","guid":{"rendered":"http:\/\/www.cressy.ch\/?page_id=53"},"modified":"2016-11-01T17:35:37","modified_gmt":"2016-11-01T16:35:37","slug":"vide-crenier-de-cressy-2016","status":"publish","type":"page","link":"https:\/\/cressy.ch\/index.php\/historique\/2016-2\/vide-crenier-de-cressy-2016\/","title":{"rendered":"vide crenier de Cressy 2016"},"content":{"rendered":"<p>Les fourmis orange se sont d\u00e9men\u00e9es comme de beaux diables, pour transformer le vide-grenier 2016 en une belle r\u00e9ussite.<br \/>\nLes t\u00e2ches ont \u00e9t\u00e9 multiples et vari\u00e9es, depuis plusieurs mois d\u00e9j\u00e0, entre passer la commande du mat\u00e9riel (tables, bancs, retricycles, panneaux d\u2019affichage et vaisselle compostable), faire la demande des locaux (pr\u00e9au, cuisine, r\u00e9fectoire, WC et la salle contenant tout le mat\u00e9riel), organiser les diff\u00e9rents parkings et panneaux de signalisation avec la Police Municipale, coordonner avec les TPG le d\u00e9tournement du bus dans le quartier, faire la demande officielle de manifestation au canton, cr\u00e9er l\u2019affiche et le flyer puis les photocopier, \u00e9crire le texte annonce pour les journaux (Confi\u2019lien, Bernex infos, les Nouvelles, l\u2019On\u00e9sien) et les sites internet de l\u2019AHC, de Confignon et de Bernex, fa\u00e7onner l\u2019infographie pour Canal Onex et TV Lancy, pr\u00e9parer les diff\u00e9rentes affiches pour la buvette et celles propre au vide-grenier, effectuer la demande pour la pose de banderoles aux diff\u00e9rents endroits puis les installer, \u00e9crire les lettres d\u2019invitation officielles et puis, finalement, faire les achats pour la buvette.<br \/>\nOups, nous allions oublier de parler du travail de titan qu\u2019a ex\u00e9cut\u00e9 avec rigueur et bonne humeur la fourmi en charge des r\u00e9servations de tables. Elle a eu quelques nuits \u00e9court\u00e9es d\u2019heures de sommeil. Elle a r\u00e9pondu et envoy\u00e9 un nombre de mails incalculables. Nous ne voulons surtout pas savoir combien, car nous risquerions de prendre peur !<\/p>\n<div style=\"text-align: center;\"><\/div>\n","protected":false},"excerpt":{"rendered":"<p>Les fourmis orange se sont d\u00e9men\u00e9es comme de beaux diables, pour transformer le vide-grenier 2016 en une belle r\u00e9ussite. Les t\u00e2ches ont \u00e9t\u00e9 multiples et vari\u00e9es, depuis plusieurs mois d\u00e9j\u00e0, entre passer la commande du mat\u00e9riel (tables, bancs, retricycles, panneaux d\u2019affichage et vaisselle compostable), faire la demande des locaux (pr\u00e9au, \u2026 <a class=\"continue-reading-link\" href=\"https:\/\/cressy.ch\/index.php\/historique\/2016-2\/vide-crenier-de-cressy-2016\/\"> Continue reading <span class=\"meta-nav\">&rarr; <\/span><\/a><\/p>\n","protected":false},"author":1,"featured_media":0,"parent":37,"menu_order":10,"comment_status":"closed","ping_status":"closed","template":"","meta":{"jetpack_post_was_ever_published":false,"footnotes":""},"jetpack_sharing_enabled":true,"jetpack_shortlink":"https:\/\/wp.me\/P7Ajlu-R","jetpack-related-posts":[{"id":81,"url":"https:\/\/cressy.ch\/index.php\/historique\/2015-2\/vide-grenier-de-cressy-2015\/","url_meta":{"origin":53,"position":0},"title":"Vide grenier de Cressy 2015","author":"chperetti","date":"13 mai 2016","format":false,"excerpt":"Le vide-grenier du 19 avril 2015 Les fourmis orange se sont d\u00e9men\u00e9es comme de beaux diables, pour transformer le vide-grenier 2015 en une belle r\u00e9ussite. Les t\u00e2ches ont \u00e9t\u00e9 multiples et vari\u00e9es, depuis plusieurs mois d\u00e9j\u00e0, entre passer la commande du mat\u00e9riel (tables, bancs, retricycles, panneaux d\u2019affichage et vaisselle compostable),\u2026","rel":"","context":"Article similaire","block_context":{"text":"Article similaire","link":""},"img":{"alt_text":"","src":"","width":0,"height":0},"classes":[]},{"id":117,"url":"https:\/\/cressy.ch\/index.php\/historique\/2012-2\/vide-greniers-2012\/","url_meta":{"origin":53,"position":1},"title":"Vide greniers 2012","author":"chperetti","date":"13 mai 2016","format":false,"excerpt":"L'ouverture du \"Vide-greniers\" de Cressy approche et les fourmis orange de l\u2019AHC sont en pleine \u00e9bullition, surtout celle qui s\u2019occupe de la r\u00e9servation. Entre t\u00e9l\u00e9phones et mails, elle en perd son latin\u00a0! Elle jongle (une vraie virtuose) avec ces multiples listes\u00a0: liste d\u2019adresses, liste des membres AHC (car ils ont\u2026","rel":"","context":"Article similaire","block_context":{"text":"Article similaire","link":""},"img":{"alt_text":"","src":"","width":0,"height":0},"classes":[]},{"id":109,"url":"https:\/\/cressy.ch\/index.php\/historique\/2012-2\/assemblee-generale-ordinaire\/","url_meta":{"origin":53,"position":2},"title":"Assembl\u00e9e g\u00e9n\u00e9rale ordinaire","author":"chperetti","date":"13 mai 2016","format":false,"excerpt":"24 janvier 2012 - Assembl\u00e9e g\u00e9n\u00e9rale ordinaire \u00a0\u00a0 \u00a0\u00a0\u00a0\u00a0\u00a0 Le r\u00eave de tout comit\u00e9 d\u2019une association est de r\u00e9unir tous les membres pour l\u2019assembl\u00e9e g\u00e9n\u00e9rale ordinaire. Et si ce n\u2019\u00e9tait pas qu\u2019un r\u00eave, mais une r\u00e9alit\u00e9 qui se serait produite lors de l\u2019assembl\u00e9e g\u00e9n\u00e9rale organis\u00e9e en janvier par les petites\u2026","rel":"","context":"Article similaire","block_context":{"text":"Article similaire","link":""},"img":{"alt_text":"","src":"","width":0,"height":0},"classes":[]},{"id":97,"url":"https:\/\/cressy.ch\/index.php\/historique\/2013-2\/fete-de-cressy-2013\/","url_meta":{"origin":53,"position":3},"title":"F\u00eate de Cressy 2013","author":"chperetti","date":"13 mai 2016","format":false,"excerpt":"Cette ann\u00e9e la F\u00eate de Cressy s\u2019est d\u00e9roul\u00e9e sous un magnifique soleil d\u2019automne. Les fourmis orange ont eu les antennes creuses lors du choix de la date. \u00a0 La pr\u00e9paration de la f\u00eate a v\u00e9cu quelques petites anicroches qui ont furtivement mis les batteries des fourmis un peu \u00e0 plat.\u2026","rel":"","context":"Article similaire","block_context":{"text":"Article similaire","link":""},"img":{"alt_text":"","src":"","width":0,"height":0},"classes":[]},{"id":103,"url":"https:\/\/cressy.ch\/index.php\/historique\/2013-2\/vide-greniers-2013\/","url_meta":{"origin":53,"position":4},"title":"vide greniers 2013","author":"chperetti","date":"13 mai 2016","format":false,"excerpt":"Quel magnifique vide-grenier\u00a0! Avec ses 157 tables, le quartier de Cressy a \u00e9t\u00e9 envahi par les exposants et les acheteurs le dimanche 21 avril 2013. Le temps a \u00e9t\u00e9 nuageux, le soleil n\u2019a pas daign\u00e9 darder ses rayons lumineux. Mais, heureusement, le vent violent de la veille a disparu et\u2026","rel":"","context":"Article similaire","block_context":{"text":"Article similaire","link":""},"img":{"alt_text":"","src":"","width":0,"height":0},"classes":[]},{"id":124,"url":"https:\/\/cressy.ch\/index.php\/historique\/2011-2\/vide-greniers-2011\/","url_meta":{"origin":53,"position":5},"title":"Vide greniers 2011","author":"chperetti","date":"13 mai 2016","format":false,"excerpt":"VIDE-GRENIER 2011 \u00a0 \u00a0 \u00a0 \u00a0 \u00a0 Le vide-grenier de Cressy ne d\u00e9bute qu\u2019\u00e0 10 heures ce dimanche 10 avril, mais, \u00e0 8 heures d\u00e9j\u00e0, le pr\u00e9au de l\u2019\u00e9cole fourmille de mouvement. Les fourmis orange de l\u2019AHC s\u2019agitent autour de l\u2019installation des tables sous le pr\u00e9au couvert. Elles doivent vider\u2026","rel":"","context":"Article similaire","block_context":{"text":"Article similaire","link":""},"img":{"alt_text":"","src":"","width":0,"height":0},"classes":[]}],"_links":{"self":[{"href":"https:\/\/cressy.ch\/index.php\/wp-json\/wp\/v2\/pages\/53"}],"collection":[{"href":"https:\/\/cressy.ch\/index.php\/wp-json\/wp\/v2\/pages"}],"about":[{"href":"https:\/\/cressy.ch\/index.php\/wp-json\/wp\/v2\/types\/page"}],"author":[{"embeddable":true,"href":"https:\/\/cressy.ch\/index.php\/wp-json\/wp\/v2\/users\/1"}],"replies":[{"embeddable":true,"href":"https:\/\/cressy.ch\/index.php\/wp-json\/wp\/v2\/comments?post=53"}],"version-history":[{"count":2,"href":"https:\/\/cressy.ch\/index.php\/wp-json\/wp\/v2\/pages\/53\/revisions"}],"predecessor-version":[{"id":376,"href":"https:\/\/cressy.ch\/index.php\/wp-json\/wp\/v2\/pages\/53\/revisions\/376"}],"up":[{"embeddable":true,"href":"https:\/\/cressy.ch\/index.php\/wp-json\/wp\/v2\/pages\/37"}],"wp:attachment":[{"href":"https:\/\/cressy.ch\/index.php\/wp-json\/wp\/v2\/media?parent=53"}],"curies":[{"name":"wp","href":"https:\/\/api.w.org\/{rel}","templated":true}]}}