{"id":465,"date":"2017-11-03T10:50:44","date_gmt":"2017-11-03T09:50:44","guid":{"rendered":"http:\/\/www.cressy.ch\/?page_id=465"},"modified":"2017-11-03T10:50:44","modified_gmt":"2017-11-03T09:50:44","slug":"fete-de-cressy-2017","status":"publish","type":"page","link":"https:\/\/cressy.ch\/index.php\/historique\/2017-2\/fete-de-cressy-2017\/","title":{"rendered":"F\u00eate de Cressy 2017"},"content":{"rendered":"<p>Quelle belle journ\u00e9e ! Les fourmis ont \u00e0 nouveau eu \u00e9norm\u00e9ment de chance avec le temps, elles ont toujours le nez fin ! D\u2019ailleurs, elles sont devenues de vraies l\u00e9gendes aupr\u00e8s des 2 mairies. A chaque fois, les conseillers administratifs leur font la remarque du bon choix de la date.<br \/>\nD\u00e8s 7h30 du matin, elles sont sur la place du terminus du bus \u00e0 faire virevolter les tentes, d\u00e9placer les tables, orienter les bancs, disposer les vaubans, ajuster les panneaux d\u2019affichage, tourbillonner les lots de la tombola, prendre de l\u2019ampleur aux ballons, assembler l\u2019\u00e9lectricit\u00e9, guider les man\u00e8ges, accompagner les diff\u00e9rents stands de jeux, ligoter les multiples affiches, embellir la table de l\u2019ap\u00e9ritif, am\u00e9nager la buvette et encore tant d\u2019autres activit\u00e9s. Enfin bref, elles organisent tout l\u2019espace. Et dire qu\u2019elles ne sont que 7 pour tout \u00e7a ! Ce sont de vraies h\u00e9ro\u00efnes, il faut le dire haut et fort !<br \/>\nBon elles se font quand m\u00eame aider pour les gros travaux de portage par les jeunes sous la houlette des travailleurs sociaux hors murs du BUPP. Sans eux, les fourmis auraient d\u00fb faire une nuit blanche pour tout mettre en place. Vive la jeunesse !<br \/>\nQuelques personnes intrigu\u00e9es tournicotent autour de cette effervescence. Un petit bout de chou a attir\u00e9 une des fourmis. A m\u00eame pas 3 ans, sa passion pour l\u2019\u00e9lectricit\u00e9 est incroyable. Il allait vers tous les appareils et suivait tous les fils \u00e9lectriques. Apr\u00e8s avoir fait le \u00ab tour du propri\u00e9taire \u00bb, il a \u00e9t\u00e9 rassasi\u00e9. Un peu plus tard, la fourmi l\u2019a retrouv\u00e9 en train de faire dessiner \u00e0 son papa des ampoules et des fils. Elle a trouv\u00e9 le futur \u00e9lectricien de l\u2019association ! Elle est tr\u00e8s contente d\u2019avoir fait cette d\u00e9couverte, car l\u2019actuelle fourmi \u00e9lectricienne est un peu d\u00e9pass\u00e9e. Heureusement que son cher et tendre \u00e9poux a cette formation en poche, il est sans arr\u00eat appel\u00e9 \u00e0 la rescousse. Cette fois-ci le stotz d\u2019un panneau \u00e9lectrique avait juste eu l\u2019envie de se reposer, il a redress\u00e9 la t\u00eate seulement gr\u00e2ce aux doigt\u00e9s experts du professionnel. Mais jusqu\u2019\u00e0 ce que ce petit atteigne un certain \u00e2ge, la fourmi \u00e9lectricienne va devoir assumer ! Allez, allez, fourmi \u00e9crivain ne sois pas si sarcastique ! La fourmi \u00e9lectricienne fait un magnifique job qu\u2019elle remplit avec calme, bonne humeur, courage et beaucoup de doigt\u00e9. Il faut vraiment l\u2019encourager, car quand on n\u2019y conna\u00eet rien en \u00e9lectricit\u00e9 s\u2019occuper de ce poste est vraiment compliqu\u00e9 ! Pour se simplifier la vie elle a fait travailler son cerveau qui lui a pondu un plan \u00e9lectrique pour chacune des manifestations. Il n\u2019y a plus qu\u2019\u00e0 suivre les indications, fastoche !<br \/>\nLes ballons sont en train de prendre toute la place dans la Luciole pendant que les petits attendent patiemment dehors que l\u2019heure sonne pour les leur mettre aux poignets. Oh malheur quelques ballons se d\u00e9gonflent d\u00e9j\u00e0 ! La poigne des jeunes s\u2019occupant de ce travail n\u2019a pas \u00e9t\u00e9 assez forte pour faire un n\u0153ud bien herm\u00e9tique. Mais ce n\u2019est pas grave, il y a 200 ballons et environ 150 bouts de choux, donc tout le monde a trouv\u00e9 chaussure \u00e0 son pied.<br \/>\nPendant ce temps, les adultes \u00ab taillent la bavette \u00bb autour du verre de l\u2019amiti\u00e9.<br \/>\nA midi, la fourmi speakerine a clam\u00e9 haut et fort \u00ab que la f\u00eate commence ! \u00bb et tous les ballons ont pris leur envol. C\u2019\u00e9tait joli de voir toutes les couleurs se m\u00e9langer et s\u2019\u00e9loigner dans le ciel.<br \/>\nA c\u00f4t\u00e9 d\u2019une des fourmis un gar\u00e7on \u00e9tait en pleurs. Son ballon n\u2019a pas voulu s\u2019envoler, l\u2019h\u00e9lium avait pris la poudre d\u2019escampette. L\u2019ann\u00e9e prochaine, il sera privil\u00e9gi\u00e9 et pourra en prendre deux ! Encore faut-il que la fourmi se souvienne de sa frimousse, car elle vieillit et elle commence \u00e0 oublier certaines choses. Lui heureusement se rappellera s\u00fbrement de son visage et viendra lui tirer les antennes.<br \/>\nLa musique commence \u00e0 \u00e9grener ses sons pendant que les gens go\u00fbtent aux excellents plats asiatiques, aux hot-dogs, aux cr\u00eapes et aux p\u00e2tisseries. Ils s\u2019agglutinent sous les tentes, car le soleil est bel et bien pr\u00e9sent avec ses rayons chauds.<br \/>\nLes attractions ont commenc\u00e9 gentiment, mais plus le temps passe plus les files d\u2019attente s\u2019agrandissent. Heureusement, la vari\u00e9t\u00e9 et la quantit\u00e9 \u00e9tant tr\u00e8s grande les enfants peuvent papillonner d\u2019un endroit \u00e0 l\u2019autre et profitez des occasions o\u00f9 les files sont plus petites.<br \/>\nLa fourmi en charge des animations a craint pour le maquilleur, car elle a re\u00e7u un coup de fil de son rempla\u00e7ant qui \u00e9tait encore \u00e0 la gare \u00e0 l\u2019heure o\u00f9 il aurait d\u00fb commencer son atelier. Allait-il r\u00e9ussir \u00e0 trouver notre quartier ? Ouf, elle le voit poindre le bout de son nez 30 minutes plus tard. Le temps d\u2019installer son stand et le voil\u00e0 \u00e0 oeuvrer sur les frimousses des petits loups du quartier.<br \/>\nLes jeux g\u00e9ants de la ludoth\u00e8que ont captiv\u00e9 grands et petits. Les animatrices n\u2019ont pas eu grand-chose \u00e0 faire. Les parents se sont pris au jeu et ont profit\u00e9 de ce moment pour \u00eatre \u00e0 cent pour cent pr\u00e9sents pour leurs ch\u00e9rubins. Aucun des jeux n\u2019a eu un moment de r\u00e9pit, ils ont \u00e9t\u00e9 litt\u00e9ralement envahis.<\/p>\n<p>Le triporteur a aussi apport\u00e9 son lot de jeux et a ravi les enfants. C\u2019est fou tout ce que peut contenir cet engin !<br \/>\nLes bricolages propos\u00e9s par l\u2019Accueil Familial de Jour ont aussi bien s\u00e9duit les petits ainsi que les plus grands. Ils ont aussi eu l\u2019occasion de se rafra\u00eechir en jouant au jeu de la chasse au canard.<br \/>\nUn sp\u00e9cialiste de la peinture avec du sable a propos\u00e9 son art, ce qui a donn\u00e9 de jolis tableaux d\u2019animaux, de fleurs et de mots \u00ab maman je t\u2019aime \u00bb. Trop chou ! Une des fourmis est devenue nostalgique pendant un moment, car ses enfants sont trop grands pour lui offrir de jolies \u0153uvres telles que celles-l\u00e0.<br \/>\nLe clown des Acrobats proposent une activit\u00e9 bien compliqu\u00e9e : monter et avancer avec un monocycle. Une des fourmis a essay\u00e9, mais a tr\u00e8s vite abandonn\u00e9 en argumentant qu\u2019elle \u00e9tait attendue au stand de la tombola qui ne d\u00e9semplit jamais. Tout au long de la journ\u00e9e les gens viennent essayer y gagner un lot. Il y en a tellement qu\u2019ils finissent tous par avoir quelque chose. Et si ce n\u2019est pas le cas, les fourmis ont une caisse magique avec des lots de consolation. Les participants ont aussi l\u2019occasion d\u2019estimer le poids d\u2019un panier rempli de bonnes choses \u00e0 manger, eh oui, c\u2019est la fourmi la plus gourmande qui l\u2019a garni. Cette ann\u00e9e le poids a \u00e9t\u00e9 largement surestim\u00e9. La personne qui a gagn\u00e9 a \u00e9t\u00e9 strat\u00e9gique et s\u2019est dit qu\u2019elle allait mettre un poids bien diff\u00e9rent de tout ce qui avait \u00e9t\u00e9 marqu\u00e9. Elle a eu raison, la strat\u00e9gie a \u00e9t\u00e9 payante.<br \/>\nLes attractions eux fonctionnent non-stop. Le rod\u00e9o fait tournicoter, les trampolines \u00e9lastiques font virevolter, le petit man\u00e8ge fait tourbillonner, le ch\u00e2teau gonflable fait sauter et le mur de grimpe rend les mamans naus\u00e9euses en voyant leurs enfants tout en haut.<br \/>\nLa salle de gymnastique r\u00e9sonne de bruits de ballons shoot\u00e9s par des pieds footballeux sous la direction du BUPP. M\u00eame pas peur de la chaleur, 30 joueurs se sont confront\u00e9s dans un tournoi.<br \/>\nLa vue en prend aussi pleins les mirettes avec la d\u00e9monstration de danses latines de Carlito et les clip-dance de Made for You. Cela se d\u00e9hanche, saute, tourne et balance au son de la musique rythm\u00e9e et endiabl\u00e9e. Les spectateurs participent en tapant des mains. Les fourmis sont combl\u00e9es de voir un tel entrain.<br \/>\nPuis cela se calme et l\u2019\u00e9coute prend la place. Des jeunes musiciens et chanteurs se succ\u00e8dent pour proposer leur musique sous le regard bienveillant de leur professeur Paco Soto. Les notes sortent de leur bouche et de leur instrument avec une facilit\u00e9 d\u00e9concertante.<br \/>\nCette journ\u00e9e pr\u00e9par\u00e9e des mois \u00e0 l\u2019avance est la fiert\u00e9 des fourmis. Il arrive que malheureusement une seule personne an\u00e9antisse ce sentiment. Une des fourmis a crois\u00e9 un habitant du quartier qui trainait entre les stands depuis le matin, mais sans donner un seul coup de main, qui lui a dit \u00ab je trouve qu\u2019il y a beaucoup moins de choses que l\u2019ann\u00e9e pass\u00e9e \u00bb. La fourmi a \u00e9t\u00e9 prise de court et ne lui a pas propos\u00e9 de venir donner un coup de main pour qu\u2019il puisse y avoir encore plus. Mais ce que cette personne ne s\u2019est pas rendu compte c\u2019est tout ce que les fourmis font pour offrir cette journ\u00e9e, car des man\u00e8ges \u00e0 1Fr, des activit\u00e9s gratuites et des aliments tr\u00e8s abordables au niveau prix ne se trouvent pas \u00e0 tous les coins de rue. Cette f\u00eate est bien s\u00fbr d\u00e9ficitaire au niveau du budget, mais gr\u00e2ce au travail effectu\u00e9 lors des Rencontres Musicales et du vide-grenier le budget annuel remonte des chiffres rouges.<br \/>\nHeureusement que cette fourmi a crois\u00e9 d\u2019autres personnes qui ont toutes dit que c\u2019\u00e9tait une f\u00eate tr\u00e8s r\u00e9ussie ! La voil\u00e0 reboost\u00e9e \u00e0 fond !<br \/>\nLes fourmis n\u2019ont pas vu le temps passer, mais il est 18h et il faut songer \u00e0 tout ranger.<br \/>\nCette ann\u00e9e a \u00e9t\u00e9 riche en nouveaut\u00e9s, quelques personnes au lieu de tranquillement rentrer chez eux ont apport\u00e9 leur aide. Merci pour cette solidarit\u00e9 toujours la bienvenue et grandement appr\u00e9ci\u00e9e !<br \/>\nVivement la F\u00eate 2018 qui aura lieu le 23 septembre, m\u00eame lieu m\u00eames heures, m\u00eames fourmis mais autres activit\u00e9s !<\/p>\n","protected":false},"excerpt":{"rendered":"<p>Quelle belle journ\u00e9e ! Les fourmis ont \u00e0 nouveau eu \u00e9norm\u00e9ment de chance avec le temps, elles ont toujours le nez fin ! D\u2019ailleurs, elles sont devenues de vraies l\u00e9gendes aupr\u00e8s des 2 mairies. A chaque fois, les conseillers administratifs leur font la remarque du bon choix de la date. \u2026 <a class=\"continue-reading-link\" href=\"https:\/\/cressy.ch\/index.php\/historique\/2017-2\/fete-de-cressy-2017\/\"> Continue reading <span class=\"meta-nav\">&rarr; <\/span><\/a><\/p>\n","protected":false},"author":1,"featured_media":0,"parent":455,"menu_order":0,"comment_status":"closed","ping_status":"closed","template":"","meta":{"jetpack_post_was_ever_published":false,"footnotes":""},"jetpack_sharing_enabled":true,"jetpack_shortlink":"https:\/\/wp.me\/P7Ajlu-7v","jetpack-related-posts":[{"id":377,"url":"https:\/\/cressy.ch\/index.php\/historique\/2016-2\/est-2016\/","url_meta":{"origin":465,"position":0},"title":"La f\u00eate de Cressy a eu lieu","author":"chperetti","date":"1 novembre 2016","format":false,"excerpt":"Le 25 septembre, les fourmis orange ont trim\u00e9 depuis 7h30 pour mettre en place la F\u00eate Cressy. Elles \u00e9taient encore toute endormies. Certaines \u00e9taient d\u00e9j\u00e0 en habit d\u2019\u00e9t\u00e9, car le temps annonc\u00e9 \u00e9tait au beau et chaud et d\u2019autres \u00e9taient habill\u00e9es comme en hiver. Elles devaient encore s\u2019imaginer au chaud\u2026","rel":"","context":"Article similaire","block_context":{"text":"Article similaire","link":""},"img":{"alt_text":"","src":"","width":0,"height":0},"classes":[]},{"id":97,"url":"https:\/\/cressy.ch\/index.php\/historique\/2013-2\/fete-de-cressy-2013\/","url_meta":{"origin":465,"position":1},"title":"F\u00eate de Cressy 2013","author":"chperetti","date":"13 mai 2016","format":false,"excerpt":"Cette ann\u00e9e la F\u00eate de Cressy s\u2019est d\u00e9roul\u00e9e sous un magnifique soleil d\u2019automne. Les fourmis orange ont eu les antennes creuses lors du choix de la date. \u00a0 La pr\u00e9paration de la f\u00eate a v\u00e9cu quelques petites anicroches qui ont furtivement mis les batteries des fourmis un peu \u00e0 plat.\u2026","rel":"","context":"Article similaire","block_context":{"text":"Article similaire","link":""},"img":{"alt_text":"","src":"","width":0,"height":0},"classes":[]},{"id":93,"url":"https:\/\/cressy.ch\/index.php\/historique\/2014-2\/matinee-de-nettoyage-2014\/","url_meta":{"origin":465,"position":2},"title":"Matin\u00e9e de nettoyage 2014","author":"chperetti","date":"13 mai 2016","format":false,"excerpt":"Le quartier de Cressy s\u2019est r\u00e9veill\u00e9 le dimanche 18 mai sous un magnifique soleil et une absence de bise, ouf\u2026 car cette ann\u00e9e le d\u00e9but du mois de mai a \u00e9t\u00e9 riche en vents. Les fourmis de l\u2019AHC sont pr\u00eates \u00e0 accueillir les habitants pour la matin\u00e9e nettoyage. A 10h,\u2026","rel":"","context":"Article similaire","block_context":{"text":"Article similaire","link":""},"img":{"alt_text":"","src":"","width":0,"height":0},"classes":[]},{"id":111,"url":"https:\/\/cressy.ch\/index.php\/historique\/2012-2\/fete-de-cressy-2012\/","url_meta":{"origin":465,"position":3},"title":"F\u00eate de Cressy 2012","author":"chperetti","date":"13 mai 2016","format":false,"excerpt":"La F\u00eate de Cressy a eu les bons augures des cieux, ouf\u00a0! 24h apr\u00e8s la pluie a fait son retour\u00a0! Les fourmis orange de l\u2019AHC sont \u00e0 pied d\u2019\u0153uvre depuis 8h en ce dimanche brumeux du 23 septembre. Elles sont aid\u00e9es par des jeunes du quartier pour tout ce qui\u2026","rel":"","context":"Article similaire","block_context":{"text":"Article similaire","link":""},"img":{"alt_text":"","src":"","width":0,"height":0},"classes":[]},{"id":117,"url":"https:\/\/cressy.ch\/index.php\/historique\/2012-2\/vide-greniers-2012\/","url_meta":{"origin":465,"position":4},"title":"Vide greniers 2012","author":"chperetti","date":"13 mai 2016","format":false,"excerpt":"L'ouverture du \"Vide-greniers\" de Cressy approche et les fourmis orange de l\u2019AHC sont en pleine \u00e9bullition, surtout celle qui s\u2019occupe de la r\u00e9servation. Entre t\u00e9l\u00e9phones et mails, elle en perd son latin\u00a0! Elle jongle (une vraie virtuose) avec ces multiples listes\u00a0: liste d\u2019adresses, liste des membres AHC (car ils ont\u2026","rel":"","context":"Article similaire","block_context":{"text":"Article similaire","link":""},"img":{"alt_text":"","src":"","width":0,"height":0},"classes":[]},{"id":95,"url":"https:\/\/cressy.ch\/index.php\/historique\/2014-2\/vide-greniers-2014\/","url_meta":{"origin":465,"position":5},"title":"vide greniers 2014","author":"chperetti","date":"13 mai 2016","format":false,"excerpt":"Quelle journ\u00e9e ! Le 13 avril, les fourmis orange de l\u2019AHC se sont r\u00e9veill\u00e9es sous l\u2019incroyable luminosit\u00e9 provoqu\u00e9e par le soleil matinal. Elles sont soulag\u00e9es, car elles voyaient d\u00e9j\u00e0 le pr\u00e9au couvert de b\u00e2ches plastiques sous lesquelles les affaires des exposants seraient cach\u00e9es de la vue des visiteurs \u00e0 cause\u2026","rel":"","context":"Article similaire","block_context":{"text":"Article similaire","link":""},"img":{"alt_text":"","src":"","width":0,"height":0},"classes":[]}],"_links":{"self":[{"href":"https:\/\/cressy.ch\/index.php\/wp-json\/wp\/v2\/pages\/465"}],"collection":[{"href":"https:\/\/cressy.ch\/index.php\/wp-json\/wp\/v2\/pages"}],"about":[{"href":"https:\/\/cressy.ch\/index.php\/wp-json\/wp\/v2\/types\/page"}],"author":[{"embeddable":true,"href":"https:\/\/cressy.ch\/index.php\/wp-json\/wp\/v2\/users\/1"}],"replies":[{"embeddable":true,"href":"https:\/\/cressy.ch\/index.php\/wp-json\/wp\/v2\/comments?post=465"}],"version-history":[{"count":1,"href":"https:\/\/cressy.ch\/index.php\/wp-json\/wp\/v2\/pages\/465\/revisions"}],"predecessor-version":[{"id":466,"href":"https:\/\/cressy.ch\/index.php\/wp-json\/wp\/v2\/pages\/465\/revisions\/466"}],"up":[{"embeddable":true,"href":"https:\/\/cressy.ch\/index.php\/wp-json\/wp\/v2\/pages\/455"}],"wp:attachment":[{"href":"https:\/\/cressy.ch\/index.php\/wp-json\/wp\/v2\/media?parent=465"}],"curies":[{"name":"wp","href":"https:\/\/api.w.org\/{rel}","templated":true}]}}