{"id":457,"date":"2017-11-03T10:42:01","date_gmt":"2017-11-03T09:42:01","guid":{"rendered":"http:\/\/www.cressy.ch\/?page_id=457"},"modified":"2017-11-03T10:45:21","modified_gmt":"2017-11-03T09:45:21","slug":"vide-grenier-de-cressy-2017","status":"publish","type":"page","link":"https:\/\/cressy.ch\/index.php\/historique\/2017-2\/vide-grenier-de-cressy-2017\/","title":{"rendered":"vide Grenier 2017"},"content":{"rendered":"<p>Vive le vide-grenier\u00a0! Voil\u00e0 l\u2019expression qui est venue \u00e0 l\u2019esprit des petites fourmis orange apr\u00e8s cette magnifique journ\u00e9e du 9 avril. Ce vide-grenier 2017 a eu lieu sous le signe de la convivialit\u00e9, de l\u2019amabilit\u00e9, de l\u2019entraide et de la bonne humeur.<\/p>\n<p>Les jeunes sous la houlette du BUPP ont fait leur apparition \u00e0 7h30 pr\u00e9cise. Malgr\u00e9 ce lever matinal, ils ont mis la main \u00e0 la p\u00e2te et ont install\u00e9 toutes les tables sous le pr\u00e9au couvert. Ils y ont gagn\u00e9 un peu cette ann\u00e9e, il n\u2019y en a eu que 19 au lieu des 24 les pr\u00e9c\u00e9dentes ann\u00e9es. Ils ont aussi install\u00e9 les tables de la buvette, Et l\u00e0, a\u00efe, a\u00efe, a\u00efe ils ont d\u00fb faire travailler leurs \u00ab\u00a0biscoteaux\u00a0\u00bb, car ces tables sont stock\u00e9es \u00e0 l\u2019\u00e9tage inf\u00e9rieur de l\u2019\u00e9cole. De plus, ce sont des antiquit\u00e9s et sont donc tr\u00e8s lourdes. Nous pourrions essayer de les vendre l\u2019ann\u00e9e prochaine, qui sait, elles datent peut-\u00eatre d\u2019avant-guerre\u00a0! Et youpie l\u2019AHC deviendrait riche, les fourmis n\u2019auraient plus besoin de travailler sur d\u2019autres manifestations pour r\u00e9cup\u00e9rer quelques deniers afin d\u2019offrir aux habitants du quartier de belles f\u00eates.<\/p>\n<p>Redescendons de ce beau nuage et voyons ce qui se passe l\u00e0 pr\u00e9sentement.<\/p>\n<p>Il est 8h30 et la file d\u2019exposants s\u2019allonge pour r\u00e9cup\u00e9rer le ticket magique qui leur permettra de prendre leur table r\u00e9serv\u00e9e. Mais cet endroit si convoit\u00e9 n\u2019ouvre qu\u2019\u00e0 9h. Certains en profitent pour venir acheter un croissant et un caf\u00e9 \u00e0 la buvette qui, elle, est ouverte. D\u2019autres r\u00e2lent, car la file d\u2019attente s\u2019accroit et que les fourmis jouent aux fain\u00e9antes. C\u2019est ce que ces gens pensent. Mais bien s\u00fbr que non, elles font simplement de la m\u00e9ditation afin de n\u2019\u00e9couter que les personnes ayant des remarques constructives. Gr\u00e2ce \u00e0 cet \u00e9tat, elles arrivent \u00e0 expliquer que Cressy se trouve dans un quartier r\u00e9sidentiel et que les habitants ont droit au calme un dimanche matin, 9h \u00e9tant suffisamment t\u00f4t. De plus, les jeunes ayant fini plus t\u00f4t que pr\u00e9vu leur labeur, sont all\u00e9s reprendre des forces au tea-room et reviennent \u00e0 9h vu que c\u2019est cette heure qui a \u00e9t\u00e9 choisie pour l\u2019ouverture. C\u2019est eux qui vont donner les tables et bancs aux exposants.<\/p>\n<p>Finalement cette grande file s\u2019est tr\u00e8s vite r\u00e9sorb\u00e9e, car \u00e0 9h30 toutes les tables ont trouv\u00e9 preneur. Dans la queue, deux dames ont dit \u00e0 une des fourmis que c\u2019\u00e9tait \u00e0 son tour et elles insistaient vraiment jusqu\u2019\u00e0 ce que l\u2019une d\u2019elle disent\u00a0: \u00ab\u00a0c\u2019est dr\u00f4le votre tee-shirt et votre casquette sont de la m\u00eame couleur que le bon de retrait de la table\u00a0\u00bb. Eh oui, les fourmis ont donn\u00e9 la voix \u00e0 une seule couleur et donc d\u00e9clinent tout en orange.<\/p>\n<p>Et l\u00e0 comme la fourmi l\u2019a dit aux \u00ab\u00a0impatients\u00a0\u00bb, le quartier se r\u00e9veille sous le bruit des chariots remplis d\u2019objets qui crissent sur l\u2019asphalte du pr\u00e9au.<\/p>\n<p>C\u2019est beau de voir un stand se monter, se mettre en valeur. Chaque exposant met des priorit\u00e9s diff\u00e9rentes dans la pr\u00e9sentation de son stand. Il y en a qui mettent une jolie nappe sur leur table, certains qui posent moins d\u2019objets pour que ceux pr\u00e9sents soient plus admir\u00e9s et d\u2019autres qui misent plut\u00f4t sur la parole pour attirer l\u2019acheteur. A chacun sa technique.<\/p>\n<p>A 10h, les acheteurs arrivent et tournicotent dans les stands. Ils repartent avec des sacs remplis d\u2019habits, de livres, de jeux, de vaisselle et de beaucoup d\u2019autres affaires.<\/p>\n<p>Une des fourmis f\u00e9rues de \u00ab\u00a0vieilleries\u00a0\u00bb comme diraient ses filles, a d\u00e9nich\u00e9 un bel objet. Elle sillonne les brocantes en vacances de long en large pour trouver un chouette objet \u00e0 rajouter dans sa collection, et l\u00e0 elle en d\u00e9couvre un \u00e0 c\u00f4t\u00e9 de chez elle. Incroyable, en voil\u00e0 une heureuse comme un pape\u00a0!<\/p>\n<p>Les autres fourmis ont d\u2019autres objectifs.<\/p>\n<p>Il y a les polici\u00e8res qui sillonnent le pr\u00e9au afin de v\u00e9rifier que des exposants ne se soient pas trop \u00e9tendus autour de leur table, que des exposants n\u2019aient pas rajout\u00e9 une table personnelle sans payer l\u2019espace en cons\u00e9quence et que des vendeurs \u00ab\u00a0sauvages\u00a0\u00bb ne se soient pas install\u00e9s. Vers la mi-journ\u00e9e une personne a install\u00e9 un tapis par terre avec pleins d\u2019affaires dessus. Il a dit qu\u2019il a fait de cette mani\u00e8re, car personne ne lui avait donn\u00e9 une table. Les fourmis polici\u00e8res rentr\u00e9es en action ont d\u00fb prendre patience, car il a finalement d\u00e9barrass\u00e9 ses affaires, mais \u00e0 la vitesse escargot. Elles ont aussi d\u00fb discuter avec un exposant qui avait achet\u00e9 un objet sur un autre stand en marchandant une grosse baisse de prix et qui le revendait sur son \u00e9tal. A l\u2019aide du r\u00e8glement, elles ont pu l\u2019obliger \u00e0 enlever cette marchandise. Elles pensaient \u00eatre tranquilles pour la journ\u00e9e jusqu\u2019\u00e0 ce que des jeunes lancent des bombes \u00e0 eau depuis le toit d\u2019un immeuble sur les personnes qui se tenaient pr\u00e8s de la buvette. Elles ont piqu\u00e9 un sprint pour les attraper et discuter avec eux.<\/p>\n<p>Il y a aussi la fourmi en charge de v\u00e9rifier que les parkings s\u2019autog\u00e8rent. Elle a enfourch\u00e9 son v\u00e9lo plusieurs fois dans la journ\u00e9e pour aller au parking des Evaux ainsi qu\u2019\u00e0 celui de la place du terminus du bus. Elle a pu constater que celui des Evaux a accueilli des voitures toute la journ\u00e9e. Mais \u00e9tait-ce que pour le vide-grenier\u00a0? Cela elle ne le saura pas, mais au contraire des ann\u00e9es sans ce parking, le quartier a \u00e9t\u00e9 moins envahi par le parcage sauvage. Les gens s\u2019\u00e9tant gar\u00e9 sur la place ont \u00e9t\u00e9 tr\u00e8s fair-play et logique, personne n\u2019a coinc\u00e9 personne.<\/p>\n<p>En premier lieu, la police municipale aurait voulu qu\u2019une personne filtre le parking des Evaux, mais ceci \u00e9tait juste impensable au niveau des personnes disponibles. De plus quelle l\u00e9gitimit\u00e9 aurait pu donner la fourmi pour emp\u00eacher une personne de s\u2019y garer\u00a0? Ouf, apr\u00e8s \u00ab\u00a0parlementation\u00a0\u00bb la police a recul\u00e9 devant leur demande.<\/p>\n<p>Il y a la fourmi qui s\u2019est fait poser un lapin. Elle avait rendez-vous avec le gardien des Evaux pour l\u2019ouverture du parking. Au lieu de cela, elle s\u2019est retrouv\u00e9e \u00e0 poireauter durant 20 minutes devant la barri\u00e8re qui \u00e9tait d\u00e9j\u00e0 ouverte. Apr\u00e8s un appel au gardien, ceci s\u2019est r\u00e9v\u00e9l\u00e9 \u00eatre un malentendu entre lui et la police. Tout est bien qui finit bien\u00a0! Enfin c\u2019est ce que les fourmis pensaient. A 19h30, la fourmi cycliste a p\u00e9dal\u00e9 jusqu\u2019au parking afin de v\u00e9rifier que celui-ci soit vide de voitures, car le gardien descendait la barri\u00e8re \u00e0 20h. Elle d\u00e9couvre avec horreur que 5 voitures \u00e9taient encore tranquillement en train de prendre du bon temps dans le \u00ab\u00a0pr\u00e9\u00a0\u00bb\u00a0! Malgr\u00e9 un panneau \u00e0 l\u2019entr\u00e9e qui indiquait que le parking ferme \u00e0 18h. Deux couples arrivant \u00e0 ce moment, la fourmi les interpelle. Ils avaient oubli\u00e9 d\u2019ouvrir leurs yeux et de lire l\u2019heure de fermeture. Pour eux qui avaient un pique-nique aux Evaux c\u2019\u00e9tait l\u2019aubaine du si\u00e8cle de trouver aussi rapidement o\u00f9 poser leur carrosse. Avec ces deux voitures parties il en reste encore trois. Le gardien appel\u00e9 avec le portable n\u2019est pas stress\u00e9, car il avait pr\u00e9vu de descendre la barri\u00e8re \u00e0 21h. Et il a dit que \u00ab\u00a0d\u2019ici l\u00e0 tout le monde aura regagn\u00e9 ses p\u00e9nates\u00a0\u00bb. Ce dernier petit souci a \u00e9t\u00e9 r\u00e9gl\u00e9\u00a0vite fait !<\/p>\n<p>Il y a les fourmis qui s\u2019occupent de la buvette. Et l\u00e0 une des fourmis a eu un gros coup de chaud la veille du vide-grenier, elle avait tout simplement oubli\u00e9 de passer la commande pour les saucisses des hot-dogs. Heureusement que le grand magasin d\u2019alimentation se trouvant aux Vernets a toujours des stocks en suffisance. Mais ces saucisses \u00e9tant un peu plus petites que les habituelles prises chez le boucher de Bernex, les marques pour couper le pain ont donc d\u00fb \u00eatre modifi\u00e9es pour adapter la taille du pain \u00e0 celle des saucisses. C\u2019est qu\u2019elles ont tout r\u00e9gl\u00e9 au millim\u00e8tre ces fourmis\u00a0!<\/p>\n<p>Lors de la pr\u00e9paration la veille, une des fourmis s\u2019est rendu compte que les pompes utilis\u00e9es\u00a0 dans les pots pour le ketchup, la moutarde et la mayonnaise avaient rendu l\u2019\u00e2me. Elle a couru en acheter d\u2019autres, mais ce n\u2019\u00e9tait pas le m\u00eame mod\u00e8le. Sa nuit a donc \u00e9t\u00e9 perturb\u00e9e par des cauchemars aux couleurs rouges, brunes et blanches enferm\u00e9es dans un tube en plastique.<\/p>\n<p>C\u2019est cela la vie des fourmis, s\u2019adapter au gr\u00e9 des situations impromptues et des changements de derni\u00e8re minute avec toujours le sourire et l\u2019envie de bien faire malgr\u00e9 qu\u2019elles se retrouvent en nombre restreint pour tout organiser.<\/p>\n<p>Il y a la fourmi qui s\u2019occupe de la caisse qui par moment a eu des sudations en se demandant si elle allait avoir assez de monnaie. Oui cela a bien fonctionn\u00e9. Cette ann\u00e9e, \u00e9norm\u00e9ment de gens en avaient et ne venaient pas avec des gros billets. Malheureusement, elle a d\u00fb refuser de faire de la monnaie aux exposants qui n\u2019en avaient pas pr\u00e9vu.<\/p>\n<p>Toute la journ\u00e9e cr\u00eapes et hot-dogs ont cuit \u00e0 la buvette gr\u00e2ce aux b\u00e9n\u00e9voles ayant r\u00e9pondu \u00e0 l\u2019appel au secours. Cette ann\u00e9e la jeunesse a \u00e9t\u00e9 largement repr\u00e9sent\u00e9e. C\u2019est chouette de voir qu\u2019elle est aussi investie dans le b\u00e9n\u00e9volat.<\/p>\n<p>Les g\u00e2teaux fabriqu\u00e9s par les fourmis et quelques b\u00e9n\u00e9voles ont \u00e9t\u00e9 aval\u00e9s tout rond tellement ils \u00e9taient bons. Dor\u00e9navant, les fourmis n\u2019auront plus besoin d\u2019en acheter, les faits maison ont le vent en poupe\u00a0!<\/p>\n<p>La journ\u00e9e n\u2019est pas finie, les exposants et les fourmis ont \u00e0 ranger toutes leurs affaires. La camionnette de l\u2019association Carrefour-Rue arrive et les gens viennent apporter leurs invendus. Des affaires utiles sont d\u00e9pos\u00e9es, mais aussi du chenil ce que cette association refuse. Les personnes ne d\u00e9sirant pas ramener certaines affaires les d\u00e9posent donc \u00e0 c\u00f4t\u00e9 de la d\u00e9chetterie de l\u2019\u00e9cole. Lorsqu\u2019elles sont interpell\u00e9es par les fourmis, elles r\u00e9pondent tout simplement qu\u2019elles ne savent pas comment les ramener chez elles. Mais comment ce mat\u00e9riel s\u2019est-il d\u00e9plac\u00e9 jusqu\u2019\u00e0 Cressy\u00a0? Les fourmis vont avoir \u00e0 \u00e9claircir un grand myst\u00e8re. Elles vont pour ce faire se transformer en inspecteur Colombo et donneront la r\u00e9ponse l\u2019ann\u00e9e prochaine.<\/p>\n<p>Les tables et les bancs r\u00e9int\u00e8grent leur emplacement sur les chariots. Les jeunes sont \u00e0 nouveau pr\u00e9sents pour aider les exposants. Youpie les fourmis ne seront pas cass\u00e9es en deux le lendemain.<\/p>\n<p>19h tout est b\u00e2ch\u00e9, les fourmis peuvent rentrer. Elles sont heureuses, car cette journ\u00e9e a \u00e9t\u00e9 riche en rencontres et a permis au quartier de s\u2019animer un peu plus qu\u2019habituellement.<\/p>\n<p>Cette manifestation a vraiment sa raison d\u2019\u00eatre dans notre beau quartier.<\/p>\n<p>Vivement le 29 avril 2018. Les fourmis concocteront cette manifestation avec leur bonne humeur l\u00e9gendaire. Gardez donc vos affaires qui ne vous sont plus utiles dans un coin.<\/p>\n","protected":false},"excerpt":{"rendered":"<p>Vive le vide-grenier\u00a0! Voil\u00e0 l\u2019expression qui est venue \u00e0 l\u2019esprit des petites fourmis orange apr\u00e8s cette magnifique journ\u00e9e du 9 avril. Ce vide-grenier 2017 a eu lieu sous le signe de la convivialit\u00e9, de l\u2019amabilit\u00e9, de l\u2019entraide et de la bonne humeur. Les jeunes sous la houlette du BUPP ont \u2026 <a class=\"continue-reading-link\" href=\"https:\/\/cressy.ch\/index.php\/historique\/2017-2\/vide-grenier-de-cressy-2017\/\"> Continue reading <span class=\"meta-nav\">&rarr; <\/span><\/a><\/p>\n","protected":false},"author":1,"featured_media":0,"parent":455,"menu_order":0,"comment_status":"closed","ping_status":"closed","template":"","meta":{"jetpack_post_was_ever_published":false,"footnotes":""},"jetpack_sharing_enabled":true,"jetpack_shortlink":"https:\/\/wp.me\/P7Ajlu-7n","jetpack-related-posts":[{"id":124,"url":"https:\/\/cressy.ch\/index.php\/historique\/2011-2\/vide-greniers-2011\/","url_meta":{"origin":457,"position":0},"title":"Vide greniers 2011","author":"chperetti","date":"13 mai 2016","format":false,"excerpt":"VIDE-GRENIER 2011 \u00a0 \u00a0 \u00a0 \u00a0 \u00a0 Le vide-grenier de Cressy ne d\u00e9bute qu\u2019\u00e0 10 heures ce dimanche 10 avril, mais, \u00e0 8 heures d\u00e9j\u00e0, le pr\u00e9au de l\u2019\u00e9cole fourmille de mouvement. Les fourmis orange de l\u2019AHC s\u2019agitent autour de l\u2019installation des tables sous le pr\u00e9au couvert. Elles doivent vider\u2026","rel":"","context":"Article similaire","block_context":{"text":"Article similaire","link":""},"img":{"alt_text":"","src":"","width":0,"height":0},"classes":[]},{"id":81,"url":"https:\/\/cressy.ch\/index.php\/historique\/2015-2\/vide-grenier-de-cressy-2015\/","url_meta":{"origin":457,"position":1},"title":"Vide grenier de Cressy 2015","author":"chperetti","date":"13 mai 2016","format":false,"excerpt":"Le vide-grenier du 19 avril 2015 Les fourmis orange se sont d\u00e9men\u00e9es comme de beaux diables, pour transformer le vide-grenier 2015 en une belle r\u00e9ussite. Les t\u00e2ches ont \u00e9t\u00e9 multiples et vari\u00e9es, depuis plusieurs mois d\u00e9j\u00e0, entre passer la commande du mat\u00e9riel (tables, bancs, retricycles, panneaux d\u2019affichage et vaisselle compostable),\u2026","rel":"","context":"Article similaire","block_context":{"text":"Article similaire","link":""},"img":{"alt_text":"","src":"","width":0,"height":0},"classes":[]},{"id":117,"url":"https:\/\/cressy.ch\/index.php\/historique\/2012-2\/vide-greniers-2012\/","url_meta":{"origin":457,"position":2},"title":"Vide greniers 2012","author":"chperetti","date":"13 mai 2016","format":false,"excerpt":"L'ouverture du \"Vide-greniers\" de Cressy approche et les fourmis orange de l\u2019AHC sont en pleine \u00e9bullition, surtout celle qui s\u2019occupe de la r\u00e9servation. Entre t\u00e9l\u00e9phones et mails, elle en perd son latin\u00a0! Elle jongle (une vraie virtuose) avec ces multiples listes\u00a0: liste d\u2019adresses, liste des membres AHC (car ils ont\u2026","rel":"","context":"Article similaire","block_context":{"text":"Article similaire","link":""},"img":{"alt_text":"","src":"","width":0,"height":0},"classes":[]},{"id":103,"url":"https:\/\/cressy.ch\/index.php\/historique\/2013-2\/vide-greniers-2013\/","url_meta":{"origin":457,"position":3},"title":"vide greniers 2013","author":"chperetti","date":"13 mai 2016","format":false,"excerpt":"Quel magnifique vide-grenier\u00a0! Avec ses 157 tables, le quartier de Cressy a \u00e9t\u00e9 envahi par les exposants et les acheteurs le dimanche 21 avril 2013. Le temps a \u00e9t\u00e9 nuageux, le soleil n\u2019a pas daign\u00e9 darder ses rayons lumineux. Mais, heureusement, le vent violent de la veille a disparu et\u2026","rel":"","context":"Article similaire","block_context":{"text":"Article similaire","link":""},"img":{"alt_text":"","src":"","width":0,"height":0},"classes":[]},{"id":95,"url":"https:\/\/cressy.ch\/index.php\/historique\/2014-2\/vide-greniers-2014\/","url_meta":{"origin":457,"position":4},"title":"vide greniers 2014","author":"chperetti","date":"13 mai 2016","format":false,"excerpt":"Quelle journ\u00e9e ! Le 13 avril, les fourmis orange de l\u2019AHC se sont r\u00e9veill\u00e9es sous l\u2019incroyable luminosit\u00e9 provoqu\u00e9e par le soleil matinal. Elles sont soulag\u00e9es, car elles voyaient d\u00e9j\u00e0 le pr\u00e9au couvert de b\u00e2ches plastiques sous lesquelles les affaires des exposants seraient cach\u00e9es de la vue des visiteurs \u00e0 cause\u2026","rel":"","context":"Article similaire","block_context":{"text":"Article similaire","link":""},"img":{"alt_text":"","src":"","width":0,"height":0},"classes":[]},{"id":97,"url":"https:\/\/cressy.ch\/index.php\/historique\/2013-2\/fete-de-cressy-2013\/","url_meta":{"origin":457,"position":5},"title":"F\u00eate de Cressy 2013","author":"chperetti","date":"13 mai 2016","format":false,"excerpt":"Cette ann\u00e9e la F\u00eate de Cressy s\u2019est d\u00e9roul\u00e9e sous un magnifique soleil d\u2019automne. Les fourmis orange ont eu les antennes creuses lors du choix de la date. \u00a0 La pr\u00e9paration de la f\u00eate a v\u00e9cu quelques petites anicroches qui ont furtivement mis les batteries des fourmis un peu \u00e0 plat.\u2026","rel":"","context":"Article similaire","block_context":{"text":"Article similaire","link":""},"img":{"alt_text":"","src":"","width":0,"height":0},"classes":[]}],"_links":{"self":[{"href":"https:\/\/cressy.ch\/index.php\/wp-json\/wp\/v2\/pages\/457"}],"collection":[{"href":"https:\/\/cressy.ch\/index.php\/wp-json\/wp\/v2\/pages"}],"about":[{"href":"https:\/\/cressy.ch\/index.php\/wp-json\/wp\/v2\/types\/page"}],"author":[{"embeddable":true,"href":"https:\/\/cressy.ch\/index.php\/wp-json\/wp\/v2\/users\/1"}],"replies":[{"embeddable":true,"href":"https:\/\/cressy.ch\/index.php\/wp-json\/wp\/v2\/comments?post=457"}],"version-history":[{"count":2,"href":"https:\/\/cressy.ch\/index.php\/wp-json\/wp\/v2\/pages\/457\/revisions"}],"predecessor-version":[{"id":461,"href":"https:\/\/cressy.ch\/index.php\/wp-json\/wp\/v2\/pages\/457\/revisions\/461"}],"up":[{"embeddable":true,"href":"https:\/\/cressy.ch\/index.php\/wp-json\/wp\/v2\/pages\/455"}],"wp:attachment":[{"href":"https:\/\/cressy.ch\/index.php\/wp-json\/wp\/v2\/media?parent=457"}],"curies":[{"name":"wp","href":"https:\/\/api.w.org\/{rel}","templated":true}]}}