{"id":380,"date":"2016-11-01T17:40:05","date_gmt":"2016-11-01T16:40:05","guid":{"rendered":"http:\/\/www.cressy.ch\/?page_id=380"},"modified":"2016-11-01T17:40:05","modified_gmt":"2016-11-01T16:40:05","slug":"la-matinee-de-nettoyage-a-eu-lieu","status":"publish","type":"page","link":"https:\/\/cressy.ch\/index.php\/historique\/2016-2\/la-matinee-de-nettoyage-a-eu-lieu\/","title":{"rendered":"La matin\u00e9e de nettoyage a eu lieu"},"content":{"rendered":"<p>LA MATINEE NETTOYAGE A EU LIEU<br \/>\nQuelle belle matin\u00e9e ! Ceci gr\u00e2ce au magnifique soleil qui a daign\u00e9 pointer ses rayons de chaleur et de lumi\u00e8re et gr\u00e2ce aux habitants venus aider les fourmis \u00e0 rendre leur quartier propre et sans d\u00e9chets.<br \/>\nTous les \u00e2ges ont \u00e9t\u00e9 repr\u00e9sent\u00e9s, il ne manquait que le nourrisson. Mais, finalement, les participants se sont baiss\u00e9s, ont ramp\u00e9, se sont pench\u00e9s comme les b\u00e9b\u00e9s pour aller chercher l\u2019objet tant convoit\u00e9. La seule diff\u00e9rence est dans le contenu, bien que\u2026 Ce qui attire les petits sont les choses interdites telles que les m\u00e9gots de cigarette, les bouteilles ou encore les crottes de chien. Les \u00ab \u00e9boueurs \u00bb ont eu ce privil\u00e8ge ! Ils ont ramass\u00e9 ces objets qui mettent tant d\u2019ann\u00e9es \u00e0 se d\u00e9grader. Pour exemple le PET peut mettre 4\u2019000 ans pour passer de vie \u00e0 tr\u00e9pas, le verre 200 ans, le m\u00e9got de cigarette de 1 \u00e0 2 ans, le papier de bonbons 5 ans, le briquet 1 si\u00e8cle, les serviettes et tampons hygi\u00e9niques 400 ans\u2026 Mais qu\u2019est-ce qu\u2019elles sont bien document\u00e9es ces fourmis !<br \/>\nEh oui, elles ont travaill\u00e9 dur cette ann\u00e9e et ont cr\u00e9\u00e9 une belle affiche expliquant le cycle de d\u00e9gradation de certains d\u00e9chets. Elles l\u2019ont expos\u00e9, mais il n\u2019a pas \u00e9t\u00e9 mis assez en valeur afin d\u2019attirer les lecteurs. Elles ont donc une ann\u00e9e pour r\u00e9fl\u00e9chir et trouver une meilleure solution.<br \/>\nLa primeur de la r\u00e9colte a \u00e9t\u00e9 donn\u00e9e aux m\u00e9gots de cigarette, \u00e0 croire que les magasins ne vendent plus de cendriers au vu du nombre decrescendo de fumeurs. Ces derniers n\u2019ont donc plus d\u2019autres choix que d\u2019utiliser les trottoirs comme cendriers\u2026<br \/>\nIl y a aussi eu \u00e9norm\u00e9ment de crottes de chiens bien que les sachets soient en libre-service dans plusieurs coins du quartier.<br \/>\nDe grosses trouvailles ont \u00e9t\u00e9 d\u00e9got\u00e9es comme chaque ann\u00e9e : un panneau de chantier, une grosse lampe, un enrouleur \u00e9lectrique sans fil, des objets ayant tr\u00f4n\u00e9 dans une cuisine, des grandes plaques de sagex et des habits.<br \/>\nMais la meilleure d\u00e9couverte est la pi\u00e8ce de 2 Fr qui va faire engraisser le petit cochonnet de la tr\u00e9sorerie \u00ab fourmillienne \u00bb.<br \/>\nLes travailleurs ont pu profiter de la collation propos\u00e9e : boissons diverses, croissants, chocolat et pommes. Miam, les gourmands ont \u00e9t\u00e9 ravis.<br \/>\nPendant ce temps les deux animatrices de l\u2019association Materiuum pr\u00e9paraient l\u2019activit\u00e9 suivante.<br \/>\nElles ont entour\u00e9 de plastique certains \u00e9l\u00e9ments des jeux de l\u2019axe vert afin d\u2019y fixer ce que les participants avaient trouv\u00e9 lors de leurs explorations des recoins du quartier. Elles ont aussi cr\u00e9\u00e9 des figurines en origami avec les enfants.<\/p>\n<p><img loading=\"lazy\" decoding=\"async\" class=\"alignnone size-medium wp-image-324\" src=\"https:\/\/i0.wp.com\/www.cressy.ch\/wp-content\/uploads\/2016\/06\/JourNet_2016_3-300x200.jpg?resize=300%2C200\" alt=\"JourNet_2016_3\" width=\"300\" height=\"200\" data-recalc-dims=\"1\" \/> <img loading=\"lazy\" decoding=\"async\" class=\"alignnone size-medium wp-image-323\" src=\"https:\/\/i0.wp.com\/www.cressy.ch\/wp-content\/uploads\/2016\/06\/JourNet_2016_2-300x200.jpg?resize=300%2C200\" alt=\"JourNet_2016_2\" width=\"300\" height=\"200\" data-recalc-dims=\"1\" \/><img loading=\"lazy\" decoding=\"async\" class=\"alignnone size-medium wp-image-322\" src=\"https:\/\/i0.wp.com\/www.cressy.ch\/wp-content\/uploads\/2016\/06\/JourNet_2016_1-300x200.jpg?resize=300%2C200\" alt=\"JourNet_2016_1\" width=\"300\" height=\"200\" data-recalc-dims=\"1\" \/><\/p>\n<p>C\u2019\u00e9tait un tr\u00e8s chouette moment o\u00f9 les enfants ont pu d\u00e9tourner certains objets pour en r\u00e9aliser une cr\u00e9ation \u00e9ph\u00e9m\u00e8re.<br \/>\nL\u2019id\u00e9e en accord avec la commune de Confignon \u00e9tait de laisser en place cette cr\u00e9ation jusqu\u2019\u00e0 ce que cela se d\u00e9fasse. Malheureusement, le soir m\u00eame le mauvais temps a fait son apparition et le vent a balay\u00e9 une petite partie de ce \u00ab chef d\u2019oeuvre \u00bb. Et o\u00f9 se sont retrouv\u00e9es les cannettes et les bouteilles en PET ? Par terre ! Oh ciel, diantre, malheur ! Cette horreur a chamboul\u00e9 un habitant qui a d\u00e9gain\u00e9 son appareil photo et ordinateur plus vite que son ombre pour exprimer son m\u00e9contentement \u00e0 la mairie plut\u00f4t que d\u2019aller discuter avec les fourmis qu\u2019il conna\u00eet. Surtout qu\u2019un petit panneau explicatif \u00e9tait croch\u00e9 sur le mobile g\u00e9ant o\u00f9 le nom de l\u2019AHC \u00e9tait clairement indiqu\u00e9.<br \/>\nLa fourmi en charge de surveiller et d\u2019enlever cette sculpture n\u2019a, elle, pas eu le temps et la possibilit\u00e9 de d\u00e9gainer aussi rapidement. Lorsqu\u2019elle est pass\u00e9e le lendemain \u00e0 14h, les services ext\u00e9rieurs avaient nettoy\u00e9 le sol de ces d\u00e9chets incongrus. Il restait encore une partie tout \u00e0 fait ad\u00e9quate, mais finalement au vu de ce courrier, elle a tout enlev\u00e9.<br \/>\nCette matin\u00e9e si bien commenc\u00e9e a donc fini sur une note un peu am\u00e8re pour les fourmis. Vive le b\u00e9n\u00e9volat !<br \/>\nComme elles ont une capacit\u00e9 \u00e0 rebondir tr\u00e8s rapidement, elles se r\u00e9jouissent d\u00e9j\u00e0 de programmer et d\u2019organiser la matin\u00e9e 2017 et toutes les autres manifestations qu\u2019elles animent dans le quartier.<\/p>\n","protected":false},"excerpt":{"rendered":"<p>LA MATINEE NETTOYAGE A EU LIEU Quelle belle matin\u00e9e ! Ceci gr\u00e2ce au magnifique soleil qui a daign\u00e9 pointer ses rayons de chaleur et de lumi\u00e8re et gr\u00e2ce aux habitants venus aider les fourmis \u00e0 rendre leur quartier propre et sans d\u00e9chets. Tous les \u00e2ges ont \u00e9t\u00e9 repr\u00e9sent\u00e9s, il ne \u2026 <a class=\"continue-reading-link\" href=\"https:\/\/cressy.ch\/index.php\/historique\/2016-2\/la-matinee-de-nettoyage-a-eu-lieu\/\"> Continue reading <span class=\"meta-nav\">&rarr; <\/span><\/a><\/p>\n","protected":false},"author":1,"featured_media":0,"parent":37,"menu_order":0,"comment_status":"closed","ping_status":"closed","template":"","meta":{"jetpack_post_was_ever_published":false,"footnotes":""},"jetpack_sharing_enabled":true,"jetpack_shortlink":"https:\/\/wp.me\/P7Ajlu-68","jetpack-related-posts":[{"id":79,"url":"https:\/\/cressy.ch\/index.php\/historique\/2015-2\/matinee-de-nettoyage-2015\/","url_meta":{"origin":380,"position":0},"title":"Matin\u00e9e de nettoyage 2015","author":"chperetti","date":"13 mai 2016","format":false,"excerpt":"La matin\u00e9e nettoyage de Cressy du 10 mai 2015 a eu un franc succ\u00e8s, malgr\u00e9 la date choisie qui tombait sur la F\u00eate des M\u00e8res. Beaucoup de familles avec des enfants entre 4 et 8 ans se sont jointes aux petites fourmis orange. C\u2019est s\u00fbrement gr\u00e2ce aux flyers avec un\u2026","rel":"","context":"Article similaire","block_context":{"text":"Article similaire","link":""},"img":{"alt_text":"","src":"","width":0,"height":0},"classes":[]},{"id":101,"url":"https:\/\/cressy.ch\/index.php\/historique\/2013-2\/matinee-de-nettoyage-2013\/","url_meta":{"origin":380,"position":1},"title":"Matin\u00e9e de nettoyage 2013","author":"chperetti","date":"13 mai 2016","format":false,"excerpt":"Il est d\u00e9j\u00e0 fin mai et le printemps peine \u00e0 s\u2019installer en cette ann\u00e9e 2013. \u00a0 Les fourmis ne se sont pas d\u00e9courag\u00e9es pour autant et ont organis\u00e9 la matin\u00e9e nettoyage du quartier de Cressy. Malheureusement le week-end choisi a co\u00efncid\u00e9 avec d\u2019autres activit\u00e9s\u00a0: la course de caisses \u00e0 savon\u2026","rel":"","context":"Article similaire","block_context":{"text":"Article similaire","link":""},"img":{"alt_text":"","src":"","width":0,"height":0},"classes":[]},{"id":459,"url":"https:\/\/cressy.ch\/index.php\/historique\/2017-2\/matinee-de-nettoyage-2017\/","url_meta":{"origin":380,"position":2},"title":"Matin\u00e9e de Nettoyage 2017","author":"chperetti","date":"3 novembre 2017","format":false,"excerpt":"Le jour de la F\u00eate des M\u00e8res, le 14 mai, les fourmis orange ont \u00e9t\u00e9 prises de fr\u00e9n\u00e9sie et ont tout mis en place pour la matin\u00e9e nettoyage. Mais qu\u2019est-ce qui leur a pris\u00a0? Elles auraient d\u00fb \u00eatre en train d\u2019appr\u00e9cier un bon petit-d\u00e9jeuner pr\u00e9par\u00e9 par leurs enfants. Mais comme\u2026","rel":"","context":"Article similaire","block_context":{"text":"Article similaire","link":""},"img":{"alt_text":"","src":"","width":0,"height":0},"classes":[]},{"id":93,"url":"https:\/\/cressy.ch\/index.php\/historique\/2014-2\/matinee-de-nettoyage-2014\/","url_meta":{"origin":380,"position":3},"title":"Matin\u00e9e de nettoyage 2014","author":"chperetti","date":"13 mai 2016","format":false,"excerpt":"Le quartier de Cressy s\u2019est r\u00e9veill\u00e9 le dimanche 18 mai sous un magnifique soleil et une absence de bise, ouf\u2026 car cette ann\u00e9e le d\u00e9but du mois de mai a \u00e9t\u00e9 riche en vents. Les fourmis de l\u2019AHC sont pr\u00eates \u00e0 accueillir les habitants pour la matin\u00e9e nettoyage. A 10h,\u2026","rel":"","context":"Article similaire","block_context":{"text":"Article similaire","link":""},"img":{"alt_text":"","src":"","width":0,"height":0},"classes":[]},{"id":115,"url":"https:\/\/cressy.ch\/index.php\/historique\/2012-2\/matinee-de-nettoyage-2012\/","url_meta":{"origin":380,"position":4},"title":"matin\u00e9e de nettoyage 2012","author":"chperetti","date":"13 mai 2016","format":false,"excerpt":"Cette ann\u00e9e les fourmis orange de l\u2019AHC ont quand m\u00eame d\u00e9cid\u00e9 d\u2019organiser la matin\u00e9e nettoyage de Cressy malgr\u00e9 un mois de juin bien charg\u00e9 pour elles. Eh oui, elles sont vraiment partout ces petites b\u00eates\u00a0! Elles ont particip\u00e9 \u00e0 la \u00ab\u00a0Rue aux Enfants\u00a0\u00bb \u00e0 Bernex, elles vont encha\u00eener avec la\u2026","rel":"","context":"Article similaire","block_context":{"text":"Article similaire","link":""},"img":{"alt_text":"","src":"","width":0,"height":0},"classes":[]},{"id":119,"url":"https:\/\/cressy.ch\/index.php\/historique\/2011-2\/fete-des-10-ans-de-lahc\/","url_meta":{"origin":380,"position":5},"title":"F\u00eate des 10 ans de l&#8217;AHC","author":"chperetti","date":"13 mai 2016","format":false,"excerpt":"Nous sommes la veille du 25 septembre et les fourmis orange de l\u2019AHC (Association des Habitants de Cressy) sont en pleine \u00e9bullition ! Mais pourquoi donc agitent-elles leurs pattes avant \u00e0 faire de bons petits sandwichs, leurs pattes arri\u00e8re \u00e0 monter et descendre les escaliers afin d\u2019amener tout plein d\u2019affaires\u2026","rel":"","context":"Article similaire","block_context":{"text":"Article similaire","link":""},"img":{"alt_text":"","src":"","width":0,"height":0},"classes":[]}],"_links":{"self":[{"href":"https:\/\/cressy.ch\/index.php\/wp-json\/wp\/v2\/pages\/380"}],"collection":[{"href":"https:\/\/cressy.ch\/index.php\/wp-json\/wp\/v2\/pages"}],"about":[{"href":"https:\/\/cressy.ch\/index.php\/wp-json\/wp\/v2\/types\/page"}],"author":[{"embeddable":true,"href":"https:\/\/cressy.ch\/index.php\/wp-json\/wp\/v2\/users\/1"}],"replies":[{"embeddable":true,"href":"https:\/\/cressy.ch\/index.php\/wp-json\/wp\/v2\/comments?post=380"}],"version-history":[{"count":1,"href":"https:\/\/cressy.ch\/index.php\/wp-json\/wp\/v2\/pages\/380\/revisions"}],"predecessor-version":[{"id":381,"href":"https:\/\/cressy.ch\/index.php\/wp-json\/wp\/v2\/pages\/380\/revisions\/381"}],"up":[{"embeddable":true,"href":"https:\/\/cressy.ch\/index.php\/wp-json\/wp\/v2\/pages\/37"}],"wp:attachment":[{"href":"https:\/\/cressy.ch\/index.php\/wp-json\/wp\/v2\/media?parent=380"}],"curies":[{"name":"wp","href":"https:\/\/api.w.org\/{rel}","templated":true}]}}