{"id":37,"date":"2016-05-11T20:16:40","date_gmt":"2016-05-11T18:16:40","guid":{"rendered":"http:\/\/www.cressy.ch\/?page_id=37"},"modified":"2016-11-01T17:46:38","modified_gmt":"2016-11-01T16:46:38","slug":"2016-2","status":"publish","type":"page","link":"https:\/\/cressy.ch\/index.php\/historique\/2016-2\/","title":{"rendered":"2016"},"content":{"rendered":"<p>&nbsp;<\/p>\n<p><a href=\"http:\/\/www.cressy.ch\/index.php\/historique\/2016-2\/la-matinee-de-nettoyage-a-eu-lieu\/\">La matin\u00e9e de nettoyage<\/a><\/p>\n<p><a href=\"http:\/\/www.cressy.ch\/index.php\/historique\/2016-2\/est-2016\/\">La f\u00eate de Cressy<\/a><\/p>\n<p><a href=\"http:\/\/www.cressy.ch\/index.php\/historique\/2016-2\/vide-crenier-de-cressy-2016\/\">Le vide grenier<\/a><\/p>\n<p>&nbsp;<\/p>\n","protected":false},"excerpt":{"rendered":"<p>&nbsp; La matin\u00e9e de nettoyage La f\u00eate de Cressy Le vide grenier &nbsp;<\/p>\n","protected":false},"author":1,"featured_media":0,"parent":35,"menu_order":99,"comment_status":"closed","ping_status":"closed","template":"","meta":{"jetpack_post_was_ever_published":false,"footnotes":""},"jetpack_sharing_enabled":true,"jetpack_shortlink":"https:\/\/wp.me\/P7Ajlu-B","jetpack-related-posts":[{"id":455,"url":"https:\/\/cressy.ch\/index.php\/historique\/2017-2\/","url_meta":{"origin":37,"position":0},"title":"2017","author":"chperetti","date":"3 novembre 2017","format":false,"excerpt":"\u00a0 F\u00eate du Sapin 2017 F\u00eate de Cressy 2017 Matin\u00e9e de Nettoyage 2017 Vide Grenier 2017","rel":"","context":"Article similaire","block_context":{"text":"Article similaire","link":""},"img":{"alt_text":"","src":"","width":0,"height":0},"classes":[]},{"id":53,"url":"https:\/\/cressy.ch\/index.php\/historique\/2016-2\/vide-crenier-de-cressy-2016\/","url_meta":{"origin":37,"position":1},"title":"vide crenier de Cressy 2016","author":"chperetti","date":"11 mai 2016","format":false,"excerpt":"Les fourmis orange se sont d\u00e9men\u00e9es comme de beaux diables, pour transformer le vide-grenier 2016 en une belle r\u00e9ussite. Les t\u00e2ches ont \u00e9t\u00e9 multiples et vari\u00e9es, depuis plusieurs mois d\u00e9j\u00e0, entre passer la commande du mat\u00e9riel (tables, bancs, retricycles, panneaux d\u2019affichage et vaisselle compostable), faire la demande des locaux (pr\u00e9au,\u2026","rel":"","context":"Article similaire","block_context":{"text":"Article similaire","link":""},"img":{"alt_text":"","src":"","width":0,"height":0},"classes":[]},{"id":79,"url":"https:\/\/cressy.ch\/index.php\/historique\/2015-2\/matinee-de-nettoyage-2015\/","url_meta":{"origin":37,"position":2},"title":"Matin\u00e9e de nettoyage 2015","author":"chperetti","date":"13 mai 2016","format":false,"excerpt":"La matin\u00e9e nettoyage de Cressy du 10 mai 2015 a eu un franc succ\u00e8s, malgr\u00e9 la date choisie qui tombait sur la F\u00eate des M\u00e8res. Beaucoup de familles avec des enfants entre 4 et 8 ans se sont jointes aux petites fourmis orange. C\u2019est s\u00fbrement gr\u00e2ce aux flyers avec un\u2026","rel":"","context":"Article similaire","block_context":{"text":"Article similaire","link":""},"img":{"alt_text":"","src":"","width":0,"height":0},"classes":[]},{"id":101,"url":"https:\/\/cressy.ch\/index.php\/historique\/2013-2\/matinee-de-nettoyage-2013\/","url_meta":{"origin":37,"position":3},"title":"Matin\u00e9e de nettoyage 2013","author":"chperetti","date":"13 mai 2016","format":false,"excerpt":"Il est d\u00e9j\u00e0 fin mai et le printemps peine \u00e0 s\u2019installer en cette ann\u00e9e 2013. \u00a0 Les fourmis ne se sont pas d\u00e9courag\u00e9es pour autant et ont organis\u00e9 la matin\u00e9e nettoyage du quartier de Cressy. Malheureusement le week-end choisi a co\u00efncid\u00e9 avec d\u2019autres activit\u00e9s\u00a0: la course de caisses \u00e0 savon\u2026","rel":"","context":"Article similaire","block_context":{"text":"Article similaire","link":""},"img":{"alt_text":"","src":"","width":0,"height":0},"classes":[]},{"id":459,"url":"https:\/\/cressy.ch\/index.php\/historique\/2017-2\/matinee-de-nettoyage-2017\/","url_meta":{"origin":37,"position":4},"title":"Matin\u00e9e de Nettoyage 2017","author":"chperetti","date":"3 novembre 2017","format":false,"excerpt":"Le jour de la F\u00eate des M\u00e8res, le 14 mai, les fourmis orange ont \u00e9t\u00e9 prises de fr\u00e9n\u00e9sie et ont tout mis en place pour la matin\u00e9e nettoyage. Mais qu\u2019est-ce qui leur a pris\u00a0? Elles auraient d\u00fb \u00eatre en train d\u2019appr\u00e9cier un bon petit-d\u00e9jeuner pr\u00e9par\u00e9 par leurs enfants. Mais comme\u2026","rel":"","context":"Article similaire","block_context":{"text":"Article similaire","link":""},"img":{"alt_text":"","src":"","width":0,"height":0},"classes":[]},{"id":93,"url":"https:\/\/cressy.ch\/index.php\/historique\/2014-2\/matinee-de-nettoyage-2014\/","url_meta":{"origin":37,"position":5},"title":"Matin\u00e9e de nettoyage 2014","author":"chperetti","date":"13 mai 2016","format":false,"excerpt":"Le quartier de Cressy s\u2019est r\u00e9veill\u00e9 le dimanche 18 mai sous un magnifique soleil et une absence de bise, ouf\u2026 car cette ann\u00e9e le d\u00e9but du mois de mai a \u00e9t\u00e9 riche en vents. Les fourmis de l\u2019AHC sont pr\u00eates \u00e0 accueillir les habitants pour la matin\u00e9e nettoyage. A 10h,\u2026","rel":"","context":"Article similaire","block_context":{"text":"Article similaire","link":""},"img":{"alt_text":"","src":"","width":0,"height":0},"classes":[]}],"_links":{"self":[{"href":"https:\/\/cressy.ch\/index.php\/wp-json\/wp\/v2\/pages\/37"}],"collection":[{"href":"https:\/\/cressy.ch\/index.php\/wp-json\/wp\/v2\/pages"}],"about":[{"href":"https:\/\/cressy.ch\/index.php\/wp-json\/wp\/v2\/types\/page"}],"author":[{"embeddable":true,"href":"https:\/\/cressy.ch\/index.php\/wp-json\/wp\/v2\/users\/1"}],"replies":[{"embeddable":true,"href":"https:\/\/cressy.ch\/index.php\/wp-json\/wp\/v2\/comments?post=37"}],"version-history":[{"count":7,"href":"https:\/\/cressy.ch\/index.php\/wp-json\/wp\/v2\/pages\/37\/revisions"}],"predecessor-version":[{"id":387,"href":"https:\/\/cressy.ch\/index.php\/wp-json\/wp\/v2\/pages\/37\/revisions\/387"}],"up":[{"embeddable":true,"href":"https:\/\/cressy.ch\/index.php\/wp-json\/wp\/v2\/pages\/35"}],"wp:attachment":[{"href":"https:\/\/cressy.ch\/index.php\/wp-json\/wp\/v2\/media?parent=37"}],"curies":[{"name":"wp","href":"https:\/\/api.w.org\/{rel}","templated":true}]}}