{"id":124,"date":"2016-05-13T13:50:47","date_gmt":"2016-05-13T11:50:47","guid":{"rendered":"http:\/\/www.cressy.ch\/?page_id=124"},"modified":"2016-05-13T13:50:47","modified_gmt":"2016-05-13T11:50:47","slug":"vide-greniers-2011","status":"publish","type":"page","link":"https:\/\/cressy.ch\/index.php\/historique\/2011-2\/vide-greniers-2011\/","title":{"rendered":"Vide greniers 2011"},"content":{"rendered":"<p><span style=\"font-family: Times New Roman,serif;\"><em>VIDE-GRENIER 2011<\/em><\/span><\/p>\n<p align=\"CENTER\"><img loading=\"lazy\" decoding=\"async\" src=\"https:\/\/i0.wp.com\/lh6.googleusercontent.com\/_XXsMH_xtOfY\/Ta6Tp_sxB3E\/AAAAAAAADr0\/LSR1Qcd2iGE\/s144-c\/110410_VideGrenier.jpg?resize=195%2C145&#038;ssl=1\" width=\"195\" height=\"145\" name=\"graphics1\" align=\"LEFT\" border=\"0\" data-recalc-dims=\"1\" \/><em>\u00a0<\/em><\/p>\n<p>&nbsp;<\/p>\n<p>&nbsp;<\/p>\n<p>&nbsp;<\/p>\n<p>&nbsp;<\/p>\n<p>Le vide-grenier de Cressy ne d\u00e9bute qu\u2019\u00e0 10 heures ce dimanche 10 avril, mais, \u00e0 8 heures d\u00e9j\u00e0, le pr\u00e9au de l\u2019\u00e9cole fourmille de mouvement.<\/p>\n<p>Les fourmis orange de l\u2019AHC s\u2019agitent autour de l\u2019installation des tables sous le pr\u00e9au couvert. Elles doivent vider deux chariots de tables et bancs, car ils ont \u00e9t\u00e9 install\u00e9s au mauvais endroit \u00e0 leur go\u00fbt. Et, pour pouvoir les d\u00e9placer, le seul moyen est de faire travailler intens\u00e9ment leurs biceps.<\/p>\n<p>Les exposants sont aussi pr\u00e9sents et commencent \u00e0 d\u00e9charger leurs voitures. Le quartier r\u00e9sonne du bruit des roues des petits chariots transportant une multitude d\u2019affaires\u00a0: des habits, des livres, de la vaisselle, des jeux, des bijoux, des jouets, des peluches, des DVD, des meubles et encore beaucoup d\u2019autres objets, parfois bien mignons, parfois un peu insolites.<\/p>\n<p>Dans ce va et vient, les fourmis se rendent compte que les retricycles n\u2019ont pas de sacs poubelle. Oubli ou erreur\u00a0? Heureusement que l\u2019armoire magique de l\u2019AHC contient ces objets. Une autre surprise les attend\u00a0: il manque des parties pour monter les panneaux d\u2019affichage\u00a0! Tant pis, elles se d\u00e9brouillent avec les moyens du bord. Depuis le temps\u2026le \u00ab\u00a0syst\u00e8me D\u00a0\u00bb leur est devenu familier. Elles collent certaines de leurs informations sur les vitres de l\u2019\u00e9cole.<\/p>\n<p>A 9h pile, la remise des tables commence. Les fourmis se concentrent avec la liste des personnes inscrites devant elles. Elles tracent les noms, encaissent les sous, rendent la monnaie et donnent le ticket que les gens doivent garder tout au long de la journ\u00e9e en cas de v\u00e9rification ainsi que pour recevoir les 5Fr en retour apr\u00e8s rangement de leur table. Il y a 140 tables de r\u00e9serv\u00e9es et au final 137 tables auront \u00e9t\u00e9 install\u00e9es.<\/p>\n<p>Maintenant commence un travail difficile pour la fourmi r\u00e9gulatrice, car les vendeurs ne sont pas forc\u00e9ment d\u2019accord de pousser leur table d\u2019un centim\u00e8tre (m\u00eame si le r\u00e8glement le pr\u00e9cise bien) et m\u00eame si\u00a0la table\u00a0emp\u00eache les gens de circuler. Quelques petits \u00ab\u00a0coups de gueule\u00a0\u00bb seront quand m\u00eame pouss\u00e9s\u00a0! Une vendeuse ayant 2 tables n\u2019a pu en installer qu\u2019une, car sa voisine n\u2019a pas voulu se d\u00e9caler. Au lieu de s\u2019\u00e9nerver, cette dame \u00e0 l\u2019esprit consensuel a pr\u00e9f\u00e9r\u00e9 rendre une table et installer ses affaires sur un plus petit espace.<\/p>\n<p>Un incident a eu lieu et serait pass\u00e9 inaper\u00e7u si il n\u2019y avait pas eu la sir\u00e8ne de l\u2019ambulance. Une exposante est tomb\u00e9e en sortant des cartons de sa voiture et son tibia n\u2019a pas support\u00e9 le choc, il a fait \u00ab\u00a0crac\u00a0\u00bb\u00a0!<\/p>\n<p>C\u2019est magnifique de voir les stands se monter. Il y en a qui apportent une pointe personnelle en mettant des nappes, en disposant certains objets avec une recherche de mise en valeur ou en mettant les bijoux sur de jolis socles. Les strat\u00e9gies de vente sont aussi diff\u00e9rentes d\u2019un stand \u00e0 l\u2019autre. Certains pr\u00e9f\u00e8rent mettre le prix sur chaque article, d\u2019autres ne mettent aucun prix et demandent \u00e0 l\u2019acheteur combien ils veulent donner pour l\u2019objet convoit\u00e9, et d\u2019autres encore font un m\u00e9lange des deux. Mais au final, en fl\u00e2nant \u00e0 c\u00f4t\u00e9 des stands, on entend que le marchandage est le ma\u00eetre mot de la journ\u00e9e\u00a0: \u00ab\u00a0si je prends les 10 livres, vous me faites un rabais de 5Fr\u00a0?\u00a0\u00bb, \u00ab\u00a0cela est vraiment trop cher, je le prends \u00e0 3Fr de moins\u00a0\u00bb\u2026on se croirait parfois en plein nord africain\u2026si amusant quand on y a pris go\u00fbt\u00a0!<br \/>\nTout le pr\u00e9au de l\u2019\u00e9cole s\u2019est rempli de stands, c\u2019est impressionnant\u00a0!<\/p>\n<p>Vers 10h30, commence la grande affluence des visiteurs. Pendant quelques deux heures il est difficile de se promener sans heurter quelqu\u2019un. Mais ces visiteurs comment sont-ils venus\u00a0? Malheureusement, le v\u00e9lo ou les pieds ne sont pas les moyens de transport pr\u00e9f\u00e9r\u00e9s des gens et le quartier est tr\u00e8s vite satur\u00e9 en voitures. A tel point que le terminus du bus est pris pour un parking. Il a suffit d\u2019une premi\u00e8re voiture sur la place pour que tout le monde la suive.<br \/>\nMais, a\u00efe, a\u00efe, a\u00efe gros probl\u00e8me\u00a0! Le bus ne peut plus passer, car les Renault, Peugeot, Volvo, Nissan, Opel et autres se sont gar\u00e9es joliment les unes \u00e0 c\u00f4t\u00e9 des autres\u2026 mais\u2026y compris sur le trac\u00e9 du bus\u00a0! Les r\u00e9gulateurs des TPG arrivent et font d\u00e9vier deux bus au rond point de la route de Lo\u00ebx avant qu\u2019ils ne s\u2019enfilent dans le quartier. Les fourmis, elles, courent et font le tour du pr\u00e9au pour demander aux gens d\u2019enlever leurs voitures du trac\u00e9 du bus.<\/p>\n<p>Mais\u2026 ce qui est \u00e9trange est que ces voitures ne sont \u00e0 personne\u00a0! La police arrive aussi, mais ils sont sympa, ils n\u2019envoient pas de d\u00e9panneuse en voyant les deux voitures qui g\u00eanaient le plus s\u2019en aller. Les TPG mettent des amendes et installent des c\u00f4nes avec des banderoles afin d\u2019indiquer que le parcage est interdit. Ils d\u00e9cident de mettre un tr\u00e8s gentil planton en faction le reste de la journ\u00e9e, ce qui a vraiment \u00e9t\u00e9 n\u00e9cessaire, car les voitures (pas les chauffeurs) se sentaient attir\u00e9es par le bitume clair de la place. Elles ne l\u00e8vent pas leurs phares pour voir qu\u2019il y a un panneau interdit \u00e0 toute circulation. Il est d\u00e9cid\u00e9 que les voitures qui s\u2019en vont de la partie haute de la place, l\u00e0 o\u00f9 cela ne g\u00e8ne pas au passage des bus, ne seront pas remplac\u00e9es par d\u2019autres.<br \/>\nLes fourmis viennent remplacer le monsieur des TPG afin qu\u2019il puisse aller manger un bon hot-dog et tout au long de la journ\u00e9e, elles viendront lui amener des boissons et des g\u00e2teaux, et m\u00eame un banc\u2026la chaleur l\u2019aurait emp\u00each\u00e9 de tenir de bout\u00a0; mais elles n\u2019ont pas pens\u00e9 \u00e0 la cr\u00e8me solaire. Le pauvre, il a fini la journ\u00e9e couleur \u00e9crevisse\u00a0! Comme tant d\u2019autres d\u2019ailleurs\u00a0!<\/p>\n<p>Le soleil a envoy\u00e9 ses rayons de toutes ses forces durant la journ\u00e9e enti\u00e8re, au point que la petite bise \u00e9tait souvent la bien venue. Ceci a aussi oblig\u00e9 les fourmis \u00e0 s\u2019activer autour de la buvette, car les gens avaient soif. Elles auraient bien voulu reposer leurs pattes, mais impossible\u00a0! Il faut cuire les saucisses pour les hot-dogs, couper le pain, faire marcher le four (ce qui n\u2019est pas une mince affaire) puis surveiller les pizzas qui cuisent, couper les succulents et nombreux g\u00e2teaux amen\u00e9s par des membres de l\u2019AHC (quelle belle tradition\u00a0!), mettre en valeur les sandwichs, chercher les boissons qui attendent dans le grand frigo des cuisines scolaires, faire couler les caf\u00e9s, d\u00e9baller les brochettes de bonbons que les enfants appr\u00e9cient tant (comme certains adultes aussi), faire sauter les pop-corn dans la super machine pr\u00eat\u00e9e par l\u2019APEC, puis les mettre dans des sachets, s\u2019assurer que le cong\u00e9lateur ne s\u2019ouvre pas sur une flaque de glaces fondues au cas o\u00f9 les plombs sauteraient, ne pas se tromper dans les comptes au moment de rendre les sous\u2026<\/p>\n<p>Enfin bref, les fourmis fain\u00e9antes n\u2019avaient rien \u00e0 faire l\u00e0. D\u2019ailleurs, que disons-nous, il n\u2019y en a pas des fourmis paresseuses, elles sont toutes p\u00e9tillantes de vitalit\u00e9\u00a0!<br \/>\nMais\u2026il faut le pr\u00e9ciser, tellement il est important, elles ont eu la chance (comme d\u2019habitude) de recevoir de l\u2019aide de certains membres bien aimables qui sont venus en renfort\u00a0! Sans cette aide, tant n\u00e9cessaire et si pr\u00e9cieuse, tout le dynamisme des fourmis \u00ab\u00a0officielles\u00a0\u00bb n\u2019aurait pas suffit pour occuper tous les postes et assumer tous les besoins et impr\u00e9vus.<\/p>\n<p>Dans l\u2019apr\u00e8s-midi l\u2019afflux des visiteurs se tarit un peu, mais l\u2019ambiance conviviale est toujours l\u00e0. Certains exposants en profitent pour voir ce que leurs voisins vendent et finissent souvent par acheter quelque chose.<\/p>\n<p>Puis, les 16 heures arrivent tr\u00e8s vite. Les gens commencent \u00e0 remballer les affaires qu\u2019ils estiment encore pouvoir vendre \u00e0 un prochain vide-grenier. Le reste sera entrepos\u00e9 dans l\u2019aula o\u00f9 une association caritative viendra les chercher lundi. Que d\u2019affaires\u00a0! Ils vont avoir du travail pour tout prendre\u00a0!<\/p>\n<p>Les fourmis commencent \u00e0 suer, car le rangement des tables est tr\u00e8s complexe. Il y a des chariots de la commune de Bernex et d\u2019autres de Confignon. Il ne faut surtout pas m\u00e9langer\u00a0! Elles ouvrent donc grand leurs yeux afin de bien lire l\u2019inscription qui se trouve sous les tables et bancs. A un moment donn\u00e9, elles se rendent compte qu\u2019il y a une erreur. Elles vident une partie du chariot et l\u00e0\u2026 caramba\u00a0! Il y a un banc indig\u00e8ne\u00a0! Puis, elles remontent la pile. Au final, chaque chariot doit contenir 24 tables et 48 bancs. Ouf, mission accomplie\u00a0! Mais par contre, a\u00efe, a\u00efe, a\u00efe le dos\u00a0! Les fourmis risquent d\u2019avoir quelques douleurs le lendemain, \u00e0 moins de se d\u00e9p\u00eacher de rentrer et de prendre un bon bain d\u00e9lassant. Malheureusement pour elles, le travail n\u2019est pas encore termin\u00e9. Elles enl\u00e8vent les d\u00e9chets du pr\u00e9au, car il y en a un certain nombre\u00a0; elles descendent tout leur mat\u00e9riel dans les armoires leur appartenant\u00a0; elles nettoient la cuisine\u00a0; elles comptent les stocks de boissons et de vaisselle compostable qui leur restent\u00a0; elles se partagent les 5 g\u00e2teaux qu\u2019elles avaient achet\u00e9s en cas de manque (pas ceux \u00ab\u00a0faits maison\u00a0\u00bb car ils sont vite partis !) et elles finissent avec un petit d\u00e9briefing et la satisfaction est bien visible sur leurs petits yeux qui sortent\u00a0!<\/p>\n<p>Maintenant, les fourmis orange de l\u2019AHC vont pouvoir mettre les pattes sous la table en esp\u00e9rant que leur conjoint(e) leur aura pr\u00e9par\u00e9 un bon petit plat, tout en m\u00e9morisant les quelques petits enseignements retenus pour am\u00e9liorer l\u2019organisation l\u2019ann\u00e9e prochaine !<\/p>\n<p>&nbsp;<\/p>\n<p align=\"CENTER\">Le comit\u00e9 de l\u2019AHC<\/p>\n<p>&nbsp;<\/p>\n","protected":false},"excerpt":{"rendered":"<p>VIDE-GRENIER 2011 \u00a0 &nbsp; &nbsp; &nbsp; &nbsp; Le vide-grenier de Cressy ne d\u00e9bute qu\u2019\u00e0 10 heures ce dimanche 10 avril, mais, \u00e0 8 heures d\u00e9j\u00e0, le pr\u00e9au de l\u2019\u00e9cole fourmille de mouvement. Les fourmis orange de l\u2019AHC s\u2019agitent autour de l\u2019installation des tables sous le pr\u00e9au couvert. Elles doivent vider \u2026 <a class=\"continue-reading-link\" href=\"https:\/\/cressy.ch\/index.php\/historique\/2011-2\/vide-greniers-2011\/\"> Continue reading <span class=\"meta-nav\">&rarr; <\/span><\/a><\/p>\n","protected":false},"author":1,"featured_media":0,"parent":49,"menu_order":0,"comment_status":"closed","ping_status":"closed","template":"","meta":{"jetpack_post_was_ever_published":false,"footnotes":""},"jetpack_sharing_enabled":true,"jetpack_shortlink":"https:\/\/wp.me\/P7Ajlu-20","jetpack-related-posts":[{"id":81,"url":"https:\/\/cressy.ch\/index.php\/historique\/2015-2\/vide-grenier-de-cressy-2015\/","url_meta":{"origin":124,"position":0},"title":"Vide grenier de Cressy 2015","author":"chperetti","date":"13 mai 2016","format":false,"excerpt":"Le vide-grenier du 19 avril 2015 Les fourmis orange se sont d\u00e9men\u00e9es comme de beaux diables, pour transformer le vide-grenier 2015 en une belle r\u00e9ussite. Les t\u00e2ches ont \u00e9t\u00e9 multiples et vari\u00e9es, depuis plusieurs mois d\u00e9j\u00e0, entre passer la commande du mat\u00e9riel (tables, bancs, retricycles, panneaux d\u2019affichage et vaisselle compostable),\u2026","rel":"","context":"Article similaire","block_context":{"text":"Article similaire","link":""},"img":{"alt_text":"","src":"","width":0,"height":0},"classes":[]},{"id":53,"url":"https:\/\/cressy.ch\/index.php\/historique\/2016-2\/vide-crenier-de-cressy-2016\/","url_meta":{"origin":124,"position":1},"title":"vide crenier de Cressy 2016","author":"chperetti","date":"11 mai 2016","format":false,"excerpt":"Les fourmis orange se sont d\u00e9men\u00e9es comme de beaux diables, pour transformer le vide-grenier 2016 en une belle r\u00e9ussite. Les t\u00e2ches ont \u00e9t\u00e9 multiples et vari\u00e9es, depuis plusieurs mois d\u00e9j\u00e0, entre passer la commande du mat\u00e9riel (tables, bancs, retricycles, panneaux d\u2019affichage et vaisselle compostable), faire la demande des locaux (pr\u00e9au,\u2026","rel":"","context":"Article similaire","block_context":{"text":"Article similaire","link":""},"img":{"alt_text":"","src":"","width":0,"height":0},"classes":[]},{"id":457,"url":"https:\/\/cressy.ch\/index.php\/historique\/2017-2\/vide-grenier-de-cressy-2017\/","url_meta":{"origin":124,"position":2},"title":"vide Grenier 2017","author":"chperetti","date":"3 novembre 2017","format":false,"excerpt":"Vive le vide-grenier\u00a0! Voil\u00e0 l\u2019expression qui est venue \u00e0 l\u2019esprit des petites fourmis orange apr\u00e8s cette magnifique journ\u00e9e du 9 avril. Ce vide-grenier 2017 a eu lieu sous le signe de la convivialit\u00e9, de l\u2019amabilit\u00e9, de l\u2019entraide et de la bonne humeur. Les jeunes sous la houlette du BUPP ont\u2026","rel":"","context":"Article similaire","block_context":{"text":"Article similaire","link":""},"img":{"alt_text":"","src":"","width":0,"height":0},"classes":[]},{"id":117,"url":"https:\/\/cressy.ch\/index.php\/historique\/2012-2\/vide-greniers-2012\/","url_meta":{"origin":124,"position":3},"title":"Vide greniers 2012","author":"chperetti","date":"13 mai 2016","format":false,"excerpt":"L'ouverture du \"Vide-greniers\" de Cressy approche et les fourmis orange de l\u2019AHC sont en pleine \u00e9bullition, surtout celle qui s\u2019occupe de la r\u00e9servation. Entre t\u00e9l\u00e9phones et mails, elle en perd son latin\u00a0! Elle jongle (une vraie virtuose) avec ces multiples listes\u00a0: liste d\u2019adresses, liste des membres AHC (car ils ont\u2026","rel":"","context":"Article similaire","block_context":{"text":"Article similaire","link":""},"img":{"alt_text":"","src":"","width":0,"height":0},"classes":[]},{"id":103,"url":"https:\/\/cressy.ch\/index.php\/historique\/2013-2\/vide-greniers-2013\/","url_meta":{"origin":124,"position":4},"title":"vide greniers 2013","author":"chperetti","date":"13 mai 2016","format":false,"excerpt":"Quel magnifique vide-grenier\u00a0! Avec ses 157 tables, le quartier de Cressy a \u00e9t\u00e9 envahi par les exposants et les acheteurs le dimanche 21 avril 2013. Le temps a \u00e9t\u00e9 nuageux, le soleil n\u2019a pas daign\u00e9 darder ses rayons lumineux. Mais, heureusement, le vent violent de la veille a disparu et\u2026","rel":"","context":"Article similaire","block_context":{"text":"Article similaire","link":""},"img":{"alt_text":"","src":"","width":0,"height":0},"classes":[]},{"id":95,"url":"https:\/\/cressy.ch\/index.php\/historique\/2014-2\/vide-greniers-2014\/","url_meta":{"origin":124,"position":5},"title":"vide greniers 2014","author":"chperetti","date":"13 mai 2016","format":false,"excerpt":"Quelle journ\u00e9e ! Le 13 avril, les fourmis orange de l\u2019AHC se sont r\u00e9veill\u00e9es sous l\u2019incroyable luminosit\u00e9 provoqu\u00e9e par le soleil matinal. Elles sont soulag\u00e9es, car elles voyaient d\u00e9j\u00e0 le pr\u00e9au couvert de b\u00e2ches plastiques sous lesquelles les affaires des exposants seraient cach\u00e9es de la vue des visiteurs \u00e0 cause\u2026","rel":"","context":"Article similaire","block_context":{"text":"Article similaire","link":""},"img":{"alt_text":"","src":"","width":0,"height":0},"classes":[]}],"_links":{"self":[{"href":"https:\/\/cressy.ch\/index.php\/wp-json\/wp\/v2\/pages\/124"}],"collection":[{"href":"https:\/\/cressy.ch\/index.php\/wp-json\/wp\/v2\/pages"}],"about":[{"href":"https:\/\/cressy.ch\/index.php\/wp-json\/wp\/v2\/types\/page"}],"author":[{"embeddable":true,"href":"https:\/\/cressy.ch\/index.php\/wp-json\/wp\/v2\/users\/1"}],"replies":[{"embeddable":true,"href":"https:\/\/cressy.ch\/index.php\/wp-json\/wp\/v2\/comments?post=124"}],"version-history":[{"count":1,"href":"https:\/\/cressy.ch\/index.php\/wp-json\/wp\/v2\/pages\/124\/revisions"}],"predecessor-version":[{"id":125,"href":"https:\/\/cressy.ch\/index.php\/wp-json\/wp\/v2\/pages\/124\/revisions\/125"}],"up":[{"embeddable":true,"href":"https:\/\/cressy.ch\/index.php\/wp-json\/wp\/v2\/pages\/49"}],"wp:attachment":[{"href":"https:\/\/cressy.ch\/index.php\/wp-json\/wp\/v2\/media?parent=124"}],"curies":[{"name":"wp","href":"https:\/\/api.w.org\/{rel}","templated":true}]}}