{"id":119,"date":"2016-05-13T13:47:50","date_gmt":"2016-05-13T11:47:50","guid":{"rendered":"http:\/\/www.cressy.ch\/?page_id=119"},"modified":"2016-05-13T13:48:13","modified_gmt":"2016-05-13T11:48:13","slug":"fete-des-10-ans-de-lahc","status":"publish","type":"page","link":"https:\/\/cressy.ch\/index.php\/historique\/2011-2\/fete-des-10-ans-de-lahc\/","title":{"rendered":"F\u00eate des 10 ans de l&#8217;AHC"},"content":{"rendered":"<p>Nous sommes la veille du 25 septembre et les fourmis orange de l\u2019AHC (Association des Habitants de Cressy) sont en pleine \u00e9bullition !<\/p>\n<p>Mais pourquoi donc agitent-elles leurs pattes avant \u00e0 faire de bons petits sandwichs, leurs pattes arri\u00e8re \u00e0 monter et descendre les escaliers<\/p>\n<p>afin d\u2019amener tout plein d\u2019affaires \u00e0 la cuisine de l\u2019\u00e9cole ainsi qu\u2019\u00e0 vider leurs voitures remplies de choses diverses pouvant aller du ketchup,<\/p>\n<p>aux brochettes de bonbons, \u00e0 des fils \u00e9lectriques ?<\/p>\n<p>&nbsp;<\/p>\n<p>Mais oui, le lendemain on va f\u00eater les 10 ans du quartier de Cressy ! C\u2019est la Fiesta ? Les fourmis se sont d\u00e9men\u00e9es comme jamais afin de<\/p>\n<p>ouvoir offrir de belles choses \u00e0 tous les visiteurs. Et il y en a eu ! Ils sont soit tout simplement sortis de leurs appartements qui<\/p>\n<p>c\u00f4toient l\u2019\u00e9cole, soit ont quitt\u00e9 le village voisin pour voir ce qu\u2019il y a dans d\u2019autres quartiers, soit sont venus de plus loin d\u00e9couvrir un autre<\/p>\n<p>endroit o\u00f9 il se passe tant de choses. Pour \u00eatre aussi attractif, il a fallu que les fourmis orange rusent, soient strat\u00e8ges et pers\u00e9v\u00e9rantes avec<\/p>\n<p>les m\u00e9dias.<\/p>\n<p>&nbsp;<\/p>\n<p>le journal \u00ab Les Nouvelles \u00bb a rassembl\u00e9 diff\u00e9rents \u00e9l\u00e9ments pour s\u2019exprimer sur Cressy. La \u00ab fourmi-r\u00e9dactrice \u00bb a r\u00e9dig\u00e9 un feuilleton pour le Conf\u2019info, l\u2019info Bernex, l\u2019On\u00e9sien et le site de l\u2019AHC. Canal Onex et TV Lancy ont fait passer un spot plusieurs fois par jour pour annoncer l\u2019\u00e9v\u00e9nement. L\u00e9man Bleu en a parl\u00e9 dans leur \u00ab agenda \u00bb. Une journaliste de la Tribune a \u00e9t\u00e9 re\u00e7ue et a visit\u00e9 le quartier avec quelques fourmis, tout en s\u2019\u00e9changeant des propos au sujet de la vie \u00e0 Cressy, ce qui lui a permis d\u2019\u00e9crire un tr\u00e8s joli article sur le quartier et annoncer la f\u00eate. Et surtout, le magnifique flyer concoct\u00e9 par les petites fourmis qui a \u00e9t\u00e9 distribu\u00e9 \u00e0 large \u00e9chelle. Tout ceci a port\u00e9 ses fruits, vu que le quartier a \u00e9t\u00e9 rempli de beaux souvenirs que chacun a pu remporter dans sa t\u00eate pour quelque temps&#8230;<\/p>\n<p>Les souvenirs pourront d\u2019ailleurs \u00eatre raviv\u00e9s gr\u00e2ce \u00e0 Canal Onex qui a camp\u00e9 toute la journ\u00e9e sur place afin de filmer et d\u2019interviewer les fourmis, les magistrats , les activit\u00e9s et tout simplement les gens.<\/p>\n<p>Le jour J, les fourmis d\u00e9ploient leurs antennes de bon matin. Les habitants du quartier qui viennent au tea-room pour chercher pains et croissants voient les tables se d\u00e9plier, les tentes se monter, les fils \u00e9lectriques se croiser (l\u00e0, il a fallu une sacr\u00e9e r\u00e9flexion \u00e0 la fourmi \u00e9lectrique afin que les plombs ne jouent pas des tours), les machines \u00e0 hot-dog, pop-corn, caf\u00e9, gaufres et encore d\u2019autres \u00eatre install\u00e9es, les ballons se gonfler et aussi tant d\u2019autres activit\u00e9s se faire.<\/p>\n<p>C\u2019est une r\u00e9elle effervescence qui a gagn\u00e9 le quartier. Chaque fourmi conna\u00eet son r\u00f4le et s\u2019applique \u00e0 le faire correctement, et tout ceci dans la joie et la bonne humeur. Cette derni\u00e8re est communicative, car quelques personnes viennent donner un coup de main, d\u2019ailleurs fort bienvenu !<\/p>\n<p>A 11 heures, la jolie table de l\u2019ap\u00e9ritif est op\u00e9rationnelle. Les adultes s\u2019approchent timidement au contraire des enfants qui se ruent sur les bonbons et les cacahu\u00e8tes ! Heureusement que ces derniers ont vite \u00e9t\u00e9 happ\u00e9s par l\u2019acquisition d\u2019un ballon et l\u2019inscription de leur adresse sur la fiche qui est jointe ! Les fourmis gonfleuses ont eu quelques frayeurs: un certain nombre de ballons ont eu tendance \u00e0 \u00e9mettre un bruit sonore au lieu de gentiment rester gonfl\u00e9s ! Une fois que tous les ballons ont trouv\u00e9 acqu\u00e9reur, l\u2019envol s\u2019est op\u00e9r\u00e9 sous les yeux des petits&#8230;\u00a0 et pas seulement. Les adultes ont aussi admir\u00e9 ce m\u00e9lange de couleurs qui a donn\u00e9 un autre ton au magnifique ciel bleu.<\/p>\n<p>Cette ann\u00e9e, des petits discours ont \u00e9t\u00e9 prononc\u00e9s par une des \u00ab fourmis co-chefs \u00bb et les maires des communes de Bernex et Confignon. En premier, la fourmi a trac\u00e9 un peu l\u2019historique du quartier pour finir sur un r\u00eave que nourrissent les fourmis du comit\u00e9 : obtenir un lieu o\u00f9 se retrouveraient jeunes et moins jeunes pour \u00e9changer sur leur v\u00e9cu, envie ou soucis.<\/p>\n<p>Les maires de Bernex et Confignon ont ax\u00e9 leur discours sur la difficult\u00e9 du quartier \u00e0 trouver une entit\u00e9, et ont mis l\u2019accent sur le r\u00f4le de l\u2019AHC qui s\u2019est toujours engag\u00e9e (m\u00eame \u00ab d\u00e9men\u00e9e \u00bb, selon leurs dires) pour cr\u00e9er des lien s entre les habitants et am\u00e9liorer la vie \u00e0 Cressy. Les deux l\u2019ont fermement remerci\u00e9e, et ont souhait\u00e9 la poursuite de ces efforts pour qu\u2019il fasse toujours bon vivre \u00e0 Cressy.<\/p>\n<p>L\u2019autre \u00ab fourmi co-chef \u00bb a termin\u00e9 en remerciant les autorit\u00e9s de leur coop\u00e9ration avec l\u2019AHC, et en souhaitant \u00e0 tous une bonne journ\u00e9e.<\/p>\n<p>Pendant ce temps, quelques personnes ont d\u00e9j\u00e0 anticip\u00e9 et achet\u00e9 les tickets de nourriture. Les fourmis ont d\u00fb ouvrir la caisse avant l\u2019heure afin d\u2019\u00e9viter d\u2019avoir le serpent m\u00e9content des gens qui attendent devant elles. La seule machine d\u00e9j\u00e0 chaude et qui a bien servi les fourmisen manque d\u2019excitation, est celle pour faire un excellent caf\u00e9. Les autres&#8230; vite, vite gentilles machines \u00e0 hot-dog et gaufres, chauffez au plus vite !<\/p>\n<p>Le stand de poulets \u00e0 l\u2019ananas et riz parfum\u00e9, ainsi que les nems, se pr\u00e9parent aussi \u00e0 accueillir les gens affam\u00e9s.<\/p>\n<p>Les f\u00e9licitations sont de mise, car ces aliments on<\/p>\n<p>t \u00e9t\u00e9<\/p>\n<p>excellemment cuisin\u00e9s et ceci b\u00e9n\u00e9volement pour une<\/p>\n<p>association caritative active au<\/p>\n<p>Vietnam.<\/p>\n<p>Les jeunes encadr\u00e9s par les moniteurs du BUPP arriv<\/p>\n<p>ent aussi afin de g\u00e9rer le stand de<\/p>\n<p>p\u00e2tisseries, \u00e9galement en faveur d\u2019une \u0153uvre carita<\/p>\n<p>tive. Il se rempli petit \u00e0 petit de bonnes<\/p>\n<p>choses sucr\u00e9es.<\/p>\n<p>Toute la journ\u00e9e, les gens ont transit\u00e9 autour de c<\/p>\n<p>es tables afin de diminuer leur faim ou<\/p>\n<p>\u00e9tancher leur soif. Il a fait d\u2019ailleurs tellement<\/p>\n<p>chaud que les boissons pr\u00e9vues par les fourmis<\/p>\n<p>ont disparu rapidement. Deux fourmis ont d\u00fb partir<\/p>\n<p>d\u2019urgence au volant de leur carrosse pour<\/p>\n<p>se fournir en breuvages miracles.<\/p>\n<p>Pendant ce temps, les activit\u00e9s s\u2019enchainent pour p<\/p>\n<p>etits et grands.<\/p>\n<p>Le duo d\u2019accord\u00e9ons s\u2019entend \u00e0 merveille pour faire<\/p>\n<p>sortir de belles musiques de leur<\/p>\n<p>instrument. Ces musiques qui ont entra\u00een\u00e9 tant de g<\/p>\n<p>ens dans des bals musette. L\u00e0, les adultes<\/p>\n<p>ont pr\u00e9f\u00e9r\u00e9 \u00e9couter que se tr\u00e9mousser&#8230; m\u00eame si un c<\/p>\n<p>ouple de fourmis a essay\u00e9 timidement<\/p>\n<p>de donner l\u2019exemple&#8230; mais sans les convaincre !<\/p>\n<p>Les enfants se ruent \u00e0 la tombola avec toujours la<\/p>\n<p>m\u00eame interrogation dans les yeux : vais-je<\/p>\n<p>gagner un lot ?<\/p>\n<p>Le poids du panier garni remporte un certain succ\u00e8s<\/p>\n<p>, mais que c\u2019est difficile d\u2019estimer le poids<\/p>\n<p>de quelque chose quand il n\u2019y a pas une r\u00e9f\u00e9rence !<\/p>\n<p>Les r\u00e9ponses ont oscill\u00e9 entre 3,5 et 25<\/p>\n<p>kilos !!! Que de diff\u00e9rence ! En r\u00e9alit\u00e9, il pesait<\/p>\n<p>7,8 kilos. Le contenu du panier est rest\u00e9 dans<\/p>\n<p>le quartier gr\u00e2ce \u00e0 l\u2019estimation exacte d\u2019une jolie<\/p>\n<p>adolescente de Cressy. Ouf, l\u2019honneur est<\/p>\n<p>sauf pour le quartier !<\/p>\n<p>Entretemps, le rod\u00e9o m\u00e9canique et les avions \u00e0 p\u00e9da<\/p>\n<p>le se sont install\u00e9s sur le haut du pr\u00e9au.<\/p>\n<p>Au d\u00e9part, chacun a observ\u00e9 cet animal fougueux s\u2019a<\/p>\n<p>giter dans tous les sens afin de faire<\/p>\n<p>tomber l\u2019\u00e9trange \u00e9nergum\u00e8ne se trouvant sur son dos<\/p>\n<p>. Puis les enfants se sont ru\u00e9s \u00e0 l\u2019assaut<\/p>\n<p>&nbsp;<\/p>\n<p>3<\/p>\n<p>de la b\u00eate f\u00e9roce au contraire des adultes qui sont<\/p>\n<p>plut\u00f4t rest\u00e9s contemplatifs, \u00e0 quelques<\/p>\n<p>exceptions honorables !<\/p>\n<p>Les avions quant \u00e0 eux ont tout au long de la journ<\/p>\n<p>\u00e9e trouv\u00e9 de tr\u00e8s habiles pilote<\/p>\n<p>s<\/p>\n<p>. Il n\u2019y a pas<\/p>\n<p>eu de scratch !<\/p>\n<p>Malgr\u00e9 la chaleur, les petits ont ador\u00e9 sauter dans<\/p>\n<p>le ch\u00e2teau gonflable, apr\u00e8s avoir fait une<\/p>\n<p>grande queue pour les promenades en poney le long d<\/p>\n<p>e l\u2019axe vert. Certains ont m\u00eame pouss\u00e9<\/p>\n<p>l\u2019effort plus loin, en participant au tournoi de fo<\/p>\n<p>otball organis\u00e9 par le BUPP, et encore en<\/p>\n<p>courant avec courage sur un circuit plein de zigzag<\/p>\n<p>s autour des pots de fleurs g\u00e9ants<\/p>\n<p>,<\/p>\n<p>avec un<\/p>\n<p>plateau contenant des verres d\u2019eau pleins \u00e0 raz bor<\/p>\n<p>d. Etonnamment&#8230;<\/p>\n<p>l\u2019eau a souvent atterri<\/p>\n<p>sur le coureur. Ne l\u2019aurait-il pas fait expr\u00e8s pour<\/p>\n<p>se rafra\u00eechir, par hasard ? Le gagnant pour la<\/p>\n<p>cat\u00e9gorie au-dessus de 11 ans va pouvoir se sustent<\/p>\n<p>er au tea-room de Cressy avec un repas<\/p>\n<p>complet. Un bon lui a \u00e9t\u00e9 offert par le tea-room de<\/p>\n<p>Cressy.<\/p>\n<p>Ceux qui ont voulu un peu plus de calme, se sont re<\/p>\n<p>ndus \u00e0 la s\u00e9ance maquillage. D\u2019ailleurs,<\/p>\n<p>les maquilleuses deviennent chaque ann\u00e9e de plus en<\/p>\n<p>plus expertes. Elles griment les enfants<\/p>\n<p>selon leur d\u00e9sir et ils repartent avec de grands so<\/p>\n<p>urires.<\/p>\n<p>Mais le calme aura \u00e9t\u00e9 de courte dur\u00e9e, car le quar<\/p>\n<p>tier a r\u00e9sonn\u00e9 sur les notes du rock. Les<\/p>\n<p>stars du rock acrobatique sont venues en grand nomb<\/p>\n<p>re offrir un spectacle de grandes qualit\u00e9:<\/p>\n<p>cela a tournoy\u00e9, voltig\u00e9 et saut\u00e9 \u00e0 qui mieux mieux<\/p>\n<p>.<\/p>\n<p>Puis la capoeira a pris la rel\u00e8ve et a fait partici<\/p>\n<p>per les enfants. C\u2019\u00e9tait un autre rythme, mais<\/p>\n<p>tr\u00e8s chouette aussi et avec autant de tourneboul\u00e9 q<\/p>\n<p>ue le rock.<\/p>\n<p>Le jonglage a eu la part belle en envoyant des obje<\/p>\n<p>ts non identifi\u00e9s dans le ciel toujours aussi<\/p>\n<p>bleu qu\u2019au d\u00e9but de la journ\u00e9e. L\u2019initiation qui a<\/p>\n<p>suivi a permis de se rendre compte que le<\/p>\n<p>jonglage est un exercice tr\u00e8s complexe et qu\u2019il fau<\/p>\n<p>t s\u2019entra\u00eener dur pour arriver \u00e0 quelque<\/p>\n<p>chose de structur\u00e9.<\/p>\n<p>Finalement les monocycles ont envahi l\u2019espace et on<\/p>\n<p>t tournoy\u00e9, sautill\u00e9, p\u00e9dal\u00e9 dans tous les<\/p>\n<p>sens. L\u00e0 aussi l\u2019exp\u00e9rience de monter sur un de ces<\/p>\n<p>engins s\u2019est av\u00e9r\u00e9e bien plus difficile qu\u2019il<\/p>\n<p>n\u2019y para\u00eet. Heureusement que des vaubans se sont tr<\/p>\n<p>ouv\u00e9s sur le chemin afin que les mains<\/p>\n<p>puissent se retenir \u00e0 quelque chose. Autrement le v<\/p>\n<p>ol plan\u00e9 aurait \u00e9t\u00e9 assur\u00e9 !<\/p>\n<p>Cette journ\u00e9e magnifique se termine dans la joie et<\/p>\n<p>la bonne humeur. Les adultes ont laiss\u00e9<\/p>\n<p>des tas de choses (bouteilles, assiettes&#8230;) sur les<\/p>\n<p>tables, heureusement les enfants, toujours<\/p>\n<p>coop\u00e9ratifs comme \u00e0 chaque fin de f\u00eate (bravo et me<\/p>\n<p>rci !), se sont empress\u00e9s de donner un<\/p>\n<p>coup de main aux fourmis qui commen\u00e7aient \u00e0 \u00eatre fa<\/p>\n<p>tigu\u00e9es.<\/p>\n<p>La fourmi sp\u00e9cialiste des gaufres a cuit la p\u00e2te qu<\/p>\n<p>i restait et a pu r\u00e9galer tout ce monde si<\/p>\n<p>enthousiaste ! La rel\u00e8ve semble \u00eatre assur\u00e9e ! Et,<\/p>\n<p>rien que pour ce bon go\u00fbt de cardamone<\/p>\n<p>,<\/p>\n<p>c\u2019est cela son secret,<\/p>\n<p>cela vaut la peine de revenir l\u2019ann\u00e9e prochaine.<\/p>\n<p>M\u00eame date, m\u00eame heure, m\u00eames fourmis, m\u00eames personn<\/p>\n<p>es qui viennent aider, m\u00eames<\/p>\n<p>visiteurs&#8230;.<\/p>\n<p>Vivement le 23 septembre 2012<\/p>\n<p>!<\/p>\n<p>&nbsp;<\/p>\n","protected":false},"excerpt":{"rendered":"<p>Nous sommes la veille du 25 septembre et les fourmis orange de l\u2019AHC (Association des Habitants de Cressy) sont en pleine \u00e9bullition ! Mais pourquoi donc agitent-elles leurs pattes avant \u00e0 faire de bons petits sandwichs, leurs pattes arri\u00e8re \u00e0 monter et descendre les escaliers afin d\u2019amener tout plein d\u2019affaires \u2026 <a class=\"continue-reading-link\" href=\"https:\/\/cressy.ch\/index.php\/historique\/2011-2\/fete-des-10-ans-de-lahc\/\"> Continue reading <span class=\"meta-nav\">&rarr; <\/span><\/a><\/p>\n","protected":false},"author":1,"featured_media":0,"parent":49,"menu_order":0,"comment_status":"closed","ping_status":"closed","template":"","meta":{"jetpack_post_was_ever_published":false,"footnotes":""},"jetpack_sharing_enabled":true,"jetpack_shortlink":"https:\/\/wp.me\/P7Ajlu-1V","jetpack-related-posts":[{"id":93,"url":"https:\/\/cressy.ch\/index.php\/historique\/2014-2\/matinee-de-nettoyage-2014\/","url_meta":{"origin":119,"position":0},"title":"Matin\u00e9e de nettoyage 2014","author":"chperetti","date":"13 mai 2016","format":false,"excerpt":"Le quartier de Cressy s\u2019est r\u00e9veill\u00e9 le dimanche 18 mai sous un magnifique soleil et une absence de bise, ouf\u2026 car cette ann\u00e9e le d\u00e9but du mois de mai a \u00e9t\u00e9 riche en vents. Les fourmis de l\u2019AHC sont pr\u00eates \u00e0 accueillir les habitants pour la matin\u00e9e nettoyage. A 10h,\u2026","rel":"","context":"Article similaire","block_context":{"text":"Article similaire","link":""},"img":{"alt_text":"","src":"","width":0,"height":0},"classes":[]},{"id":107,"url":"https:\/\/cressy.ch\/index.php\/historique\/2012-2\/ahc-fete-ses-benevoles\/","url_meta":{"origin":119,"position":1},"title":"AHC f\u00eate ses b\u00e9n\u00e9voles","author":"chperetti","date":"13 mai 2016","format":false,"excerpt":"\u00a0\u00a0\u00a0\u00a0\u00a0\u00a0\u00a0 \u00a0\u00a0\u00a0\u00a0 \u00a0 \u00a0 L\u2019AHC FETE SES BENEVOLES Il est 19h en ce 17 janvier 2012. L\u2019ombre de Sherlock Holmes, bien curieuse, traverse Cressy\u2026 et se pose des questions. La lumi\u00e8re dans le tea-room brille encore de tous ces feux. Des gens habill\u00e9s bien chaudement osent p\u00e9n\u00e9trer en faisant tinter\u2026","rel":"","context":"Article similaire","block_context":{"text":"Article similaire","link":""},"img":{"alt_text":"","src":"","width":0,"height":0},"classes":[]},{"id":124,"url":"https:\/\/cressy.ch\/index.php\/historique\/2011-2\/vide-greniers-2011\/","url_meta":{"origin":119,"position":2},"title":"Vide greniers 2011","author":"chperetti","date":"13 mai 2016","format":false,"excerpt":"VIDE-GRENIER 2011 \u00a0 \u00a0 \u00a0 \u00a0 \u00a0 Le vide-grenier de Cressy ne d\u00e9bute qu\u2019\u00e0 10 heures ce dimanche 10 avril, mais, \u00e0 8 heures d\u00e9j\u00e0, le pr\u00e9au de l\u2019\u00e9cole fourmille de mouvement. Les fourmis orange de l\u2019AHC s\u2019agitent autour de l\u2019installation des tables sous le pr\u00e9au couvert. Elles doivent vider\u2026","rel":"","context":"Article similaire","block_context":{"text":"Article similaire","link":""},"img":{"alt_text":"","src":"","width":0,"height":0},"classes":[]},{"id":109,"url":"https:\/\/cressy.ch\/index.php\/historique\/2012-2\/assemblee-generale-ordinaire\/","url_meta":{"origin":119,"position":3},"title":"Assembl\u00e9e g\u00e9n\u00e9rale ordinaire","author":"chperetti","date":"13 mai 2016","format":false,"excerpt":"24 janvier 2012 - Assembl\u00e9e g\u00e9n\u00e9rale ordinaire \u00a0\u00a0 \u00a0\u00a0\u00a0\u00a0\u00a0 Le r\u00eave de tout comit\u00e9 d\u2019une association est de r\u00e9unir tous les membres pour l\u2019assembl\u00e9e g\u00e9n\u00e9rale ordinaire. Et si ce n\u2019\u00e9tait pas qu\u2019un r\u00eave, mais une r\u00e9alit\u00e9 qui se serait produite lors de l\u2019assembl\u00e9e g\u00e9n\u00e9rale organis\u00e9e en janvier par les petites\u2026","rel":"","context":"Article similaire","block_context":{"text":"Article similaire","link":""},"img":{"alt_text":"","src":"","width":0,"height":0},"classes":[]},{"id":111,"url":"https:\/\/cressy.ch\/index.php\/historique\/2012-2\/fete-de-cressy-2012\/","url_meta":{"origin":119,"position":4},"title":"F\u00eate de Cressy 2012","author":"chperetti","date":"13 mai 2016","format":false,"excerpt":"La F\u00eate de Cressy a eu les bons augures des cieux, ouf\u00a0! 24h apr\u00e8s la pluie a fait son retour\u00a0! Les fourmis orange de l\u2019AHC sont \u00e0 pied d\u2019\u0153uvre depuis 8h en ce dimanche brumeux du 23 septembre. Elles sont aid\u00e9es par des jeunes du quartier pour tout ce qui\u2026","rel":"","context":"Article similaire","block_context":{"text":"Article similaire","link":""},"img":{"alt_text":"","src":"","width":0,"height":0},"classes":[]},{"id":87,"url":"https:\/\/cressy.ch\/index.php\/historique\/2014-2\/fete-de-cressy-2014\/","url_meta":{"origin":119,"position":5},"title":"F\u00eate de Cressy 2014","author":"chperetti","date":"13 mai 2016","format":false,"excerpt":"F\u00eate de Cressy - 28 septembre 2014 Mais pourquoi donc ? Ben, ce sera la F\u00eate de Cressy, et les fourmis orange de l\u2019AHC ont \u00e0 nouveau concoct\u00e9 un beau programme ! Cette ann\u00e9e, la f\u00eate va se d\u00e9placer sur la place du terminus du bus. En effet, la proximit\u00e9\u2026","rel":"","context":"Article similaire","block_context":{"text":"Article similaire","link":""},"img":{"alt_text":"","src":"","width":0,"height":0},"classes":[]}],"_links":{"self":[{"href":"https:\/\/cressy.ch\/index.php\/wp-json\/wp\/v2\/pages\/119"}],"collection":[{"href":"https:\/\/cressy.ch\/index.php\/wp-json\/wp\/v2\/pages"}],"about":[{"href":"https:\/\/cressy.ch\/index.php\/wp-json\/wp\/v2\/types\/page"}],"author":[{"embeddable":true,"href":"https:\/\/cressy.ch\/index.php\/wp-json\/wp\/v2\/users\/1"}],"replies":[{"embeddable":true,"href":"https:\/\/cressy.ch\/index.php\/wp-json\/wp\/v2\/comments?post=119"}],"version-history":[{"count":1,"href":"https:\/\/cressy.ch\/index.php\/wp-json\/wp\/v2\/pages\/119\/revisions"}],"predecessor-version":[{"id":120,"href":"https:\/\/cressy.ch\/index.php\/wp-json\/wp\/v2\/pages\/119\/revisions\/120"}],"up":[{"embeddable":true,"href":"https:\/\/cressy.ch\/index.php\/wp-json\/wp\/v2\/pages\/49"}],"wp:attachment":[{"href":"https:\/\/cressy.ch\/index.php\/wp-json\/wp\/v2\/media?parent=119"}],"curies":[{"name":"wp","href":"https:\/\/api.w.org\/{rel}","templated":true}]}}