{"id":117,"date":"2016-05-13T13:23:44","date_gmt":"2016-05-13T11:23:44","guid":{"rendered":"http:\/\/www.cressy.ch\/?page_id=117"},"modified":"2016-05-13T13:23:44","modified_gmt":"2016-05-13T11:23:44","slug":"vide-greniers-2012","status":"publish","type":"page","link":"https:\/\/cressy.ch\/index.php\/historique\/2012-2\/vide-greniers-2012\/","title":{"rendered":"Vide greniers 2012"},"content":{"rendered":"<p>L&#8217;ouverture du &#8220;<strong>Vide-greniers<\/strong>&#8221; de Cressy approche et les fourmis orange de l\u2019AHC sont en pleine \u00e9bullition, surtout celle qui s\u2019occupe de la r\u00e9servation. Entre t\u00e9l\u00e9phones et mails, elle en perd son latin\u00a0! Elle jongle (une vraie virtuose) avec ces multiples listes\u00a0: liste d\u2019adresses, liste des membres AHC (car ils ont un prix pr\u00e9f\u00e9rentiel), liste de ceux qui ont pay\u00e9 (cette ann\u00e9e, les exposants ont pay\u00e9 leur table \u00e0 l\u2019avance), liste de ceux qui n\u2019ont pas encore pay\u00e9, liste des rappels\u2026<br \/>\nElle doit m\u00eame faire une liste d\u2019attente, car 3 semaines avant la date, les tables ont d\u00e9j\u00e0 toutes \u00e9t\u00e9 r\u00e9serv\u00e9es: <strong>170 tables<\/strong>, c\u2019est incroyable\u00a0! Nous en avions pr\u00e9vu 150, mais comme elles ont vite \u00e9t\u00e9 r\u00e9serv\u00e9es, nous en avons ajout\u00e9 20 de plus.<\/p>\n<p>Il y a surtout des habitants de Cressy, de Bernex et Confignon\u00a0; mais aussi d\u2019ailleurs.<\/p>\n<p>&nbsp;<\/p>\n<p>A c\u00f4t\u00e9 de cette t\u00e2che, il y a eu encore des tas d\u2019autres travaux \u00e0 effectuer avant le jour tant attendu\u00a0: cr\u00e9er les affiches, les imprimer, les amener \u00e0 la poste pour la distribution sur Bernex et Confignon et les mettre nous-m\u00eames dans les bo\u00eetes aux lettres du quartier de la Traille ; faire le r\u00e8glement et ceci n\u2019est pas une mince affaire\u00a0; \u00e9crire un texte d&#8217;annonce sur le vide-grenier et l\u2019envoyer dans les diff\u00e9rents journaux locaux\u00a0; faire un clich\u00e9 pour TV Lancy et Canal Onex\u00a0; \u00e9crire une lettre d\u2019invitation et l\u2019envoyer \u00e0 diff\u00e9rentes personnes\u00a0; r\u00e9server les emplacements des banderoles publicitaires et aller les poser\u00a0; r\u00e9fl\u00e9chir aux prix des aliments et boissons propos\u00e9s \u00e0 la buvette puis faire le panneau des prix\u00a0; cr\u00e9er les tickets pour la buvette\u00a0; pr\u00e9voir avec Carrefour-Rue la prise en charge des invendus\u00a0; voir avec la police municipale comment faire pour cr\u00e9er un parking sur le terminus du bus sans emp\u00eacher celui-ci de parvenir \u00e0 son arr\u00eat (comme l\u2019ann\u00e9e derni\u00e8re)\u00a0; acheter tout les aliments n\u00e9cessaires pour garnir la buvette\u00a0; faire un planning pour les t\u00e2ches des b\u00e9n\u00e9voles et du comit\u00e9\u00a0et, pour finir, faire les sandwichs et les gaufres. Les fourmis ont achet\u00e9 un gaufrier qui va \u00eatre utilis\u00e9 pour la premi\u00e8re fois, elles se sont donc senties oblig\u00e9es d\u2019en go\u00fbter quelques unes. Mais il faut l\u2019avouer, cela ne les a aucunement d\u00e9rang\u00e9\u00a0!<br \/>\nAh, et les brochettes de bonbons\u00a0? La fourmi qui les fabrique a pris aussi un malin plaisir \u00e0 go\u00fbter non pas un bonbon de chaque sorte, mais plusieurs\u00a0! Elle a fini bien s\u00fbr par \u00eatre \u00e9c\u0153ur\u00e9e et s\u2019est promis de ne plus recommencer. Mais vaine promesse\u2026 plus les ann\u00e9es passent et plus elle exag\u00e8re dans l\u2019ingestion des gommes\u00a0!<\/p>\n<p>&nbsp;<\/p>\n<p>Il est 8h, \u00e0 peine sorties des bras de Morph\u00e9e, voil\u00e0 les fourmis d\u00e9j\u00e0 en pleine action\u00a0! Mais comment vont-elles faire pour caser toutes ces tables dans le pr\u00e9au\u00a0? Heureusement, elles ont organis\u00e9 cela \u00e0 la perfection (m\u00eame si la pluie a effac\u00e9 tout le marquage au sol fait la veille\u2026).<br \/>\n32 tables seront install\u00e9es sous le pr\u00e9au couvert par leur soin, les autres par les exposant eux-m\u00eames. On sait que les fourmis portent plus que leur poids, mais l\u00e0 elles ont d\u00e9cid\u00e9 de se faire aider par les jeunes loups du BUPP junior. Malheureusement, une seule jeune fille s\u2019est point\u00e9e au rendez-vous au lieu des deux pr\u00e9vus. 8h\u2026 c\u2019\u00e9tait probablement trop t\u00f4t\u00a0(tout le monde n\u2019est pas une fourmi\u00a0)!<\/p>\n<p>Le programme est donc un peu chamboul\u00e9, mais il en faut plus que \u00e7a pour d\u00e9monter les fourmis. Quelques unes s\u2019affairent donc \u00e0 installer ces 32 tables, une autre court avec le plan pour mettre les num\u00e9ros sur ces derni\u00e8res, une s\u2019occupe d\u2019installer l\u2019\u00e9lectricit\u00e9. Eh oui&#8230; avec tous les appareils qu\u2019elles vont devoir faire fonctionner, tels que la machine \u00e0 caf\u00e9 qui va d\u2019ailleurs marcher \u00e0 plein r\u00e9gime tr\u00e8s rapidement, les machines \u00e0 hot-dogs, le gaufrier, la machine \u00e0 pop-corn, le micro-onde, la bouilloire, le frigo et la remorque r\u00e9frig\u00e9r\u00e9e, n\u2019ont pas int\u00e9r\u00eat \u00e0 se court-circuiter\u00a0! Les fourmis avaient d\u2019ailleurs oubli\u00e9 de demander au concierge de l\u2019\u00e9cole d\u2019installer le fil \u00e9lectrique \u00e0 gros amp\u00e9rage qui permet d\u2019\u00e9largir la possibilit\u00e9 des branchements. Elles ont fort heureusement r\u00e9ussi \u00e0 l\u2019atteindre la veille et il leur a promis qu\u2019il sauterait au bas du lit \u00e0 8h malgr\u00e9 le peu de sommeil qu\u2019il aura engrang\u00e9. Et \u00e0 8h tapantes, effectivement, il \u00e9tait l\u00e0\u00a0! Les yeux encore embrum\u00e9s, mais \u00e0 son affaire, ouf\u00a0! La fourmi \u00ab\u00a0\u00e9lectrique\u00a0\u00bb a aussi eu quelques heures de sommeil en moins :\u00a0ses r\u00eaves\u2026 non\u2026 ses cauchemars tournaient autours de volts, d\u2019amp\u00e8res, de prises, de stots\u2026<\/p>\n<p>&nbsp;<\/p>\n<p>Mais que fait cette fourmi \u00e0 tracer des choses par terre\u00a0? Elle n\u2019a pourtant pas une \u00e2me d\u2019artiste\u00a0! Elle essaye simplement de retracer les marques faites la veille \u00e0 la craie. Les cieux n\u2019ont pas \u00e9t\u00e9 tr\u00e8s cl\u00e9ments et ont d\u00e9vers\u00e9 quelques \u00e9normes gouttes qui ont suffit \u00e0 effacer la plupart des marques\u00a0! Ce marquage est important, car il va faciliter le travail de la fourmi \u00ab\u00a0polici\u00e8re\u00a0\u00bb. Les exposants vont poser leur tables l\u00e0 o\u00f9 c\u2019est indiqu\u00e9 et pas ailleurs. Elle va avoir malgr\u00e9 tout fort \u00e0 faire pour faire respecter le r\u00e8glement, quelques exposants moins d\u00e9licats ne comprenant pas qu\u2019ils ne sont pas les seuls \u00e0 vouloir une place\u2026et m\u00eame une place et demi\u2026 mais au final malgr\u00e9 la grande surface disponible, le pr\u00e9au est petit pour 170 tables\u00a0!<\/p>\n<p>Cette ann\u00e9e, les fourmis ont d\u00e9cid\u00e9 de se simplifier la vie. Eh oui, elles vieillissent\u00a0comme tout le monde! Elles n\u2019ont plus envie de g\u00e9rer les commandes et les stocks, ni de courir dans la cuisine de l\u2019\u00e9cole pour chercher les boissons fra\u00eeches. Pour ce faire, elles ont lou\u00e9 une camionnette r\u00e9frig\u00e9r\u00e9e qui est install\u00e9e juste \u00e0 c\u00f4t\u00e9 de la buvette. Ce super v\u00e9hicule contient aussi un grand frigo qui est pos\u00e9 l\u00e0 o\u00f9 les petites pattes n\u2019ont plus\u00a0qu\u2019\u00e0 se tendre pour sortir une bonne boisson bien fra\u00eeche.<\/p>\n<p>Il est bient\u00f4t 9h et malgr\u00e9 le temps plus qu\u2019incertain, le quartier commence \u00e0 ressembler \u00e0 une vraie fourmili\u00e8re. Les exposants arrivent gentiment pour poser leurs affaires dans le pr\u00e9au.<\/p>\n<p>Mais, que fait la fourmi qui doit installer la buvette\u00a0? Elle installe son propre stand, car son mari est au fond du lit et frise les 40\u00b0 (avec hallucinations en prime). Ouf, une autre fourmi arrive \u00e0 la rescousse\u00a0! Elles sont quand m\u00eame incroyablement solidaires ces petites b\u00eates\u00a0! Elles ont les yeux partout et accourent d\u00e8s qu\u2019un poste est en souffrance.<\/p>\n<p>&nbsp;<\/p>\n<p>Les fourmis commencent \u00e0 d\u00e9charger les chariots des tables et bancs et \u00e0 les donner contre un bon que les exposants sont all\u00e9s chercher \u00e0 la table de la caisse. Et l\u00e0, cela ne ch\u00f4me pas\u00a0! Puis les tables se garnissent de tas d\u2019objets diff\u00e9rents\u00a0: jeux, habits, bibelots, meubles, v\u00e9los, skis, bijoux, livres, CD, DVD\u2026 Et dire que la plupart de ceux-ci vont trouver une place chez d\u2019autres personnes. Il y en a qui vident et d\u2019autres qui remplissent, mais il y a aussi ceux qui reviennent avec autant d\u2019objets qu\u2019ils ont apport\u00e9s, mais cela en sont simplement des diff\u00e9rents. L\u2019appel de bonnes affaires est des fois plus fort que la raison\u00a0!<\/p>\n<p>Pour communiquer entre elles, les fourmis ont emprunt\u00e9 des talkies-walkies et de temps \u00e0 autre, les gens ont pu entendre\u00a0: \u00ab\u00a0fourmi v\u00e9loce \u00e0 fourmi endormie, j\u2019ai besoin de toi \u00e0 la buvette\u00a0\u00bb. Un m\u00e9gaphone serait aussi un outil tr\u00e8s utile, afin de pouvoir rappeler \u00e0 l\u2019ordre certains v\u00e9hicules mal gar\u00e9s ou de pouvoir faire des annonces. Les fourmis se sont rendues compte que les \u00eatres humains ont \u00e9norm\u00e9ment de difficult\u00e9s \u00e0 lire ce qui est pourtant mis en \u00e9vidence\u00a0: affiche expliquant que les invendus pourront finalement \u00eatre amen\u00e9s au camion \u00e0 16h, affiche demandant aux exposants de garder leur ticket, affiche sur le r\u00e8glement. Mais, finalement, elles ont compos\u00e9 au rythme des demandes.<\/p>\n<p>&nbsp;<\/p>\n<p>Jusqu\u2019\u00e0 13h, les nuages se sont amoncel\u00e9s, sont devenus noires puis se sont dispers\u00e9s, le soleil a m\u00eame dard\u00e9 furtivement ses petits rayons et le vent s\u2019est lev\u00e9 puis calm\u00e9. Donc tout le monde a cru que la journ\u00e9e se passerait sans averses. Et tout \u00e0 coup, la pluie a fait son apparition et elle s\u2019est m\u00eame transform\u00e9e en gr\u00ealons.<br \/>\nLes exposants les plus pr\u00e9voyants ont d\u00e9ploy\u00e9 des b\u00e2ches sur leurs affaires\u00a0; les autres ont rapidement rang\u00e9 leurs affaires et les ont mis \u00e0 l\u2019abri. Cela a \u00e9t\u00e9 le branle-bas de combat, mais tout le monde a surv\u00e9cu durant ce quart d\u2019heure de d\u00e9luge. Evidemment que la journ\u00e9e ne pouvait pas se passer sans \u00ab\u00a0couacs\u00a0\u00bb. Une table s\u2019\u00e9tant retrouv\u00e9e vide d\u2019objets a tout de suite \u00e9t\u00e9 reprise par un exposant arriv\u00e9 en retard. Mais la fourmie &#8220;polici\u00e8re&#8221; (qui voit tout!) \u00e9tait dans le coin et a r\u00e9gl\u00e9 tr\u00e8s vite le probl\u00e8me :\u00a0chacun a eu\u00a0sa table.<\/p>\n<p>Malgr\u00e9 les nuages, un deuxi\u00e8me d\u00e9luge a eu lieu \u00e0 un seul endroit dans Cressy\u00a0: juste sous les volets d\u2019a\u00e9ration de l\u2019\u00e9cole. Le b\u00e2timent a certainement eu besoin de respirer une bonne fois et du coup les volets se sont ouverts et ont d\u00e9vers\u00e9 toute l\u2019eau contenue dedans, sur les exposants qui ont eu le malheur de se trouver \u00e0 cet endroit\u2026 Toutes les affaires se sont retrouv\u00e9es quelques peu humides, voir m\u00eame compl\u00e8tement tremp\u00e9es\u00a0!<\/p>\n<p>&nbsp;<\/p>\n<p>La fourmi \u00ab\u00a0polici\u00e8re\u00a0\u00bb a encore eu \u00e0 faire dans l\u2019apr\u00e8s-midi\u00a0: des exposants s\u2019\u00e9taient install\u00e9s sauvagement avec leurs propres tables. Elle n\u2019a pas eu \u00e0 hausser le ton, ils ont \u00e9t\u00e9 \u00ab\u00a0pris les mains dans le sac\u00a0\u00bb et ont pay\u00e9 le montant \u00e9quivalent aux 4 tables, sans aucune r\u00e9sistance.<\/p>\n<p>La fin du vide-grenier a sonn\u00e9 et la valse des tables recommence. Est-ce que la table va sur le chariot de Confignon ou sur celui de Bernex\u00a0? Il ne faut surtout pas m\u00e9langer\u00a0! Les fourmis et les 4 jeunes filles du BUPP (elles sont cette fois au complet) y sont tr\u00e8s attentives. Mais malgr\u00e9 cela, des intrus se sont gliss\u00e9s dans le chariot de Confignon. Malheur de malheur, il a fallu vider trois chariots afin de comprendre d\u2019o\u00f9 venait le probl\u00e8me ! Au final, un banc de Bernex \u00e9tait de trop et il en manquait un \u00e0 Confignon.<br \/>\nExplication\u00a0: l\u2019erreur venait d\u00e9j\u00e0 avant la livraison\u00a0: un banc de Bernex avait \u00e9t\u00e9 introduit (ailleurs) parmi les bancs de Confignon (le total Bernex\/Confignon \u00e9tant tout de m\u00eame juste).<\/p>\n<p>&nbsp;<\/p>\n<p>Les exposants ont pu profiter de d\u00e9poser les invendus qu\u2019ils d\u00e9siraient donner \u00e0 l\u2019association Carrefour-Rue. La camionnette a \u00e9t\u00e9 remplie en un clin d\u2019\u0153il.<\/p>\n<p>Les fourmis ont fini de ranger toutes les affaires de la buvette, nettoy\u00e9 la cuisine et balay\u00e9 le pr\u00e9au qui est rempli de d\u00e9tritus.<\/p>\n<p>Elles sont fourbues, mais heureuses du r\u00e9sultat de cette journ\u00e9e riche en \u00e9v\u00e9nements.<\/p>\n<p>Vivement l\u2019ann\u00e9e prochaine\u00a0!<\/p>\n<p>&nbsp;<\/p>\n","protected":false},"excerpt":{"rendered":"<p>L&#8217;ouverture du &#8220;Vide-greniers&#8221; de Cressy approche et les fourmis orange de l\u2019AHC sont en pleine \u00e9bullition, surtout celle qui s\u2019occupe de la r\u00e9servation. Entre t\u00e9l\u00e9phones et mails, elle en perd son latin\u00a0! Elle jongle (une vraie virtuose) avec ces multiples listes\u00a0: liste d\u2019adresses, liste des membres AHC (car ils ont \u2026 <a class=\"continue-reading-link\" href=\"https:\/\/cressy.ch\/index.php\/historique\/2012-2\/vide-greniers-2012\/\"> Continue reading <span class=\"meta-nav\">&rarr; <\/span><\/a><\/p>\n","protected":false},"author":1,"featured_media":0,"parent":47,"menu_order":0,"comment_status":"closed","ping_status":"closed","template":"","meta":{"jetpack_post_was_ever_published":false,"footnotes":""},"jetpack_sharing_enabled":true,"jetpack_shortlink":"https:\/\/wp.me\/P7Ajlu-1T","jetpack-related-posts":[{"id":95,"url":"https:\/\/cressy.ch\/index.php\/historique\/2014-2\/vide-greniers-2014\/","url_meta":{"origin":117,"position":0},"title":"vide greniers 2014","author":"chperetti","date":"13 mai 2016","format":false,"excerpt":"Quelle journ\u00e9e ! Le 13 avril, les fourmis orange de l\u2019AHC se sont r\u00e9veill\u00e9es sous l\u2019incroyable luminosit\u00e9 provoqu\u00e9e par le soleil matinal. Elles sont soulag\u00e9es, car elles voyaient d\u00e9j\u00e0 le pr\u00e9au couvert de b\u00e2ches plastiques sous lesquelles les affaires des exposants seraient cach\u00e9es de la vue des visiteurs \u00e0 cause\u2026","rel":"","context":"Article similaire","block_context":{"text":"Article similaire","link":""},"img":{"alt_text":"","src":"","width":0,"height":0},"classes":[]},{"id":103,"url":"https:\/\/cressy.ch\/index.php\/historique\/2013-2\/vide-greniers-2013\/","url_meta":{"origin":117,"position":1},"title":"vide greniers 2013","author":"chperetti","date":"13 mai 2016","format":false,"excerpt":"Quel magnifique vide-grenier\u00a0! Avec ses 157 tables, le quartier de Cressy a \u00e9t\u00e9 envahi par les exposants et les acheteurs le dimanche 21 avril 2013. Le temps a \u00e9t\u00e9 nuageux, le soleil n\u2019a pas daign\u00e9 darder ses rayons lumineux. Mais, heureusement, le vent violent de la veille a disparu et\u2026","rel":"","context":"Article similaire","block_context":{"text":"Article similaire","link":""},"img":{"alt_text":"","src":"","width":0,"height":0},"classes":[]},{"id":81,"url":"https:\/\/cressy.ch\/index.php\/historique\/2015-2\/vide-grenier-de-cressy-2015\/","url_meta":{"origin":117,"position":2},"title":"Vide grenier de Cressy 2015","author":"chperetti","date":"13 mai 2016","format":false,"excerpt":"Le vide-grenier du 19 avril 2015 Les fourmis orange se sont d\u00e9men\u00e9es comme de beaux diables, pour transformer le vide-grenier 2015 en une belle r\u00e9ussite. Les t\u00e2ches ont \u00e9t\u00e9 multiples et vari\u00e9es, depuis plusieurs mois d\u00e9j\u00e0, entre passer la commande du mat\u00e9riel (tables, bancs, retricycles, panneaux d\u2019affichage et vaisselle compostable),\u2026","rel":"","context":"Article similaire","block_context":{"text":"Article similaire","link":""},"img":{"alt_text":"","src":"","width":0,"height":0},"classes":[]},{"id":124,"url":"https:\/\/cressy.ch\/index.php\/historique\/2011-2\/vide-greniers-2011\/","url_meta":{"origin":117,"position":3},"title":"Vide greniers 2011","author":"chperetti","date":"13 mai 2016","format":false,"excerpt":"VIDE-GRENIER 2011 \u00a0 \u00a0 \u00a0 \u00a0 \u00a0 Le vide-grenier de Cressy ne d\u00e9bute qu\u2019\u00e0 10 heures ce dimanche 10 avril, mais, \u00e0 8 heures d\u00e9j\u00e0, le pr\u00e9au de l\u2019\u00e9cole fourmille de mouvement. Les fourmis orange de l\u2019AHC s\u2019agitent autour de l\u2019installation des tables sous le pr\u00e9au couvert. Elles doivent vider\u2026","rel":"","context":"Article similaire","block_context":{"text":"Article similaire","link":""},"img":{"alt_text":"","src":"","width":0,"height":0},"classes":[]},{"id":457,"url":"https:\/\/cressy.ch\/index.php\/historique\/2017-2\/vide-grenier-de-cressy-2017\/","url_meta":{"origin":117,"position":4},"title":"vide Grenier 2017","author":"chperetti","date":"3 novembre 2017","format":false,"excerpt":"Vive le vide-grenier\u00a0! Voil\u00e0 l\u2019expression qui est venue \u00e0 l\u2019esprit des petites fourmis orange apr\u00e8s cette magnifique journ\u00e9e du 9 avril. Ce vide-grenier 2017 a eu lieu sous le signe de la convivialit\u00e9, de l\u2019amabilit\u00e9, de l\u2019entraide et de la bonne humeur. Les jeunes sous la houlette du BUPP ont\u2026","rel":"","context":"Article similaire","block_context":{"text":"Article similaire","link":""},"img":{"alt_text":"","src":"","width":0,"height":0},"classes":[]},{"id":97,"url":"https:\/\/cressy.ch\/index.php\/historique\/2013-2\/fete-de-cressy-2013\/","url_meta":{"origin":117,"position":5},"title":"F\u00eate de Cressy 2013","author":"chperetti","date":"13 mai 2016","format":false,"excerpt":"Cette ann\u00e9e la F\u00eate de Cressy s\u2019est d\u00e9roul\u00e9e sous un magnifique soleil d\u2019automne. Les fourmis orange ont eu les antennes creuses lors du choix de la date. \u00a0 La pr\u00e9paration de la f\u00eate a v\u00e9cu quelques petites anicroches qui ont furtivement mis les batteries des fourmis un peu \u00e0 plat.\u2026","rel":"","context":"Article similaire","block_context":{"text":"Article similaire","link":""},"img":{"alt_text":"","src":"","width":0,"height":0},"classes":[]}],"_links":{"self":[{"href":"https:\/\/cressy.ch\/index.php\/wp-json\/wp\/v2\/pages\/117"}],"collection":[{"href":"https:\/\/cressy.ch\/index.php\/wp-json\/wp\/v2\/pages"}],"about":[{"href":"https:\/\/cressy.ch\/index.php\/wp-json\/wp\/v2\/types\/page"}],"author":[{"embeddable":true,"href":"https:\/\/cressy.ch\/index.php\/wp-json\/wp\/v2\/users\/1"}],"replies":[{"embeddable":true,"href":"https:\/\/cressy.ch\/index.php\/wp-json\/wp\/v2\/comments?post=117"}],"version-history":[{"count":1,"href":"https:\/\/cressy.ch\/index.php\/wp-json\/wp\/v2\/pages\/117\/revisions"}],"predecessor-version":[{"id":118,"href":"https:\/\/cressy.ch\/index.php\/wp-json\/wp\/v2\/pages\/117\/revisions\/118"}],"up":[{"embeddable":true,"href":"https:\/\/cressy.ch\/index.php\/wp-json\/wp\/v2\/pages\/47"}],"wp:attachment":[{"href":"https:\/\/cressy.ch\/index.php\/wp-json\/wp\/v2\/media?parent=117"}],"curies":[{"name":"wp","href":"https:\/\/api.w.org\/{rel}","templated":true}]}}