{"id":115,"date":"2016-05-13T13:22:37","date_gmt":"2016-05-13T11:22:37","guid":{"rendered":"http:\/\/www.cressy.ch\/?page_id=115"},"modified":"2016-05-13T13:22:37","modified_gmt":"2016-05-13T11:22:37","slug":"matinee-de-nettoyage-2012","status":"publish","type":"page","link":"https:\/\/cressy.ch\/index.php\/historique\/2012-2\/matinee-de-nettoyage-2012\/","title":{"rendered":"matin\u00e9e de nettoyage 2012"},"content":{"rendered":"<p><span style=\"font-family: Times New Roman,serif;\">Cette ann\u00e9e les fourmis orange de l\u2019AHC ont quand m\u00eame d\u00e9cid\u00e9 d\u2019organiser la matin\u00e9e nettoyage de Cressy malgr\u00e9 un mois de juin bien charg\u00e9 pour elles. Eh oui, elles sont vraiment partout ces petites b\u00eates\u00a0! Elles ont particip\u00e9 \u00e0 la \u00ab\u00a0Rue aux Enfants\u00a0\u00bb \u00e0 Bernex, elles vont encha\u00eener avec la manifestation Rousseau \u00e0 Confignon et vont donner un coup de main aux promotions \u00e0 Confignon.<\/span><\/p>\n<p>&nbsp;<\/p>\n<p>A 10h pile, les petits enfants sont arriv\u00e9s en s\u2019envolant presque avec leur sac poubelle qu\u2019ils ont re\u00e7u \u00e0 l\u2019\u00e9cole. Les fourmis se transforment parfois en strat\u00e8ges\u00a0: elles ont fait distribuer les flyers (avec un sac poubelle agraf\u00e9) par les enseignants de l\u2019\u00e9cole.<\/p>\n<p>&nbsp;<\/p>\n<p>Les retrait\u00e9s sont aussi arriv\u00e9s. Il y en a m\u00eame un qui avait son pic \u00e0 glace\u2026 mais non\u2026 son b\u00e2ton \u00e0 pince qui aura pour m\u00e9rite de s\u00fbrement repousser l\u2019\u00e9ch\u00e9ance d\u2019une op\u00e9ration de ses genoux ou des hanches.<\/p>\n<p>&nbsp;<\/p>\n<p>Les promeneurs de chiens sont aussi de la partie. Est-ce que les chiens vont les aider \u00e0 d\u00e9nicher l\u2019article insolite qui se cache dans le quartier\u00a0plut\u00f4t que de d\u00e9poser \u00ab\u00a0d\u00e9licatement\u00a0\u00bb ses d\u00e9jections sur les coins herbeux? Mais y en a-t-il vraiment des objets\u00a0qui sortent de l\u2019ordinaire? Eh oui\u00a0! Les nettoyeurs vont trouver une chaise, des planches et m\u00eame une batterie de scooter jet\u00e9e dans le petit bosquet.<\/p>\n<p>&nbsp;<\/p>\n<p>Il ne manque plus que les adolescents pour faire un tour complet des diff\u00e9rentes g\u00e9n\u00e9rations. Mais il est vrai que c\u2019est peut-\u00eatre trop t\u00f4t pour eux, m\u00eame si des croissants leur sont offerts.<\/p>\n<p>&nbsp;<\/p>\n<p>Au final, qu\u2019ont d\u00e9nich\u00e9 ces braves et courageux nettoyeurs\u00a0? En premier lieu beaucoup de papiers de bonbons. Eh oui, nos enfants en raffolent de ces friandises, ce qui fait la joie des dentistes probablement !<\/p>\n<p>En deuxi\u00e8me place, ils ont trouv\u00e9 \u00e9norm\u00e9ment de bo\u00eetes de boissons en alu. Les fourmis se demandent si les SI ne vont pas faire faillite avec tous ces buveurs de boissons sucr\u00e9es\u00a0! L\u2019eau va tomber en d\u00e9su\u00e9tude\u00a0!<\/p>\n<p>Au troisi\u00e8me rang se trouve le verre. On en trouve sous diff\u00e9rentes formes\u00a0: bouteilles encore enti\u00e8res, petits bouts bien coupants et encore minuscules fragments. Pourtant le quartier est dot\u00e9 de nombreux terriers pouvant contenir diff\u00e9rents d\u00e9chets\u00a0! Il est vrai que les gens doivent faire quelques pas de plus. Des pas qui doivent s\u00fbrement les faire d\u00e9vier de leur trajectoire pr\u00e9vue\u2026<\/p>\n<p>Attention, attention, les fourmis tirent la sonnette d\u2019alarme\u00a0! L\u2019ob\u00e9sit\u00e9 se tapit derri\u00e8re les terriers et se rit de toutes ces choses sucr\u00e9es ing\u00e9r\u00e9es\u00a0!<\/p>\n<p>&nbsp;<\/p>\n<p>Mais voil\u00e0, c\u2019est la vie moderne et les fourmis en \u00ab\u00a0rajoutent\u00a0\u00bb une couche en proposant une collation apr\u00e8s l\u2019effort. Et de quoi est constitu\u00e9e la collation\u00a0? D\u2019excellents croissants venant du tea-room de Cressy, de branches de chocolat (car rien ne vaut un croissant \u00e0 la branche Cailler), de th\u00e9 froid, coca, sirop, jus d\u2019orange et de caf\u00e9. Mais heureusement, les fourmis aident les nettoyeurs \u00e0 penser \u00e0 leurs 5 fruits ou l\u00e9gumes par jour en leur proposant aussi de succulentes pommes. Malheureusement, il faut avouer qu\u2019elles ont moins de succ\u00e8s que le reste\u00a0!<\/p>\n<p>&nbsp;<\/p>\n<p>Et voil\u00e0 le quartier brille comme un sou neuf gr\u00e2ce \u00e0 une cinquantaine de personnes.<\/p>\n<p>Et\u2026raison de satisfaction\u00a0: cette ann\u00e9e nous avons ramass\u00e9 moins de d\u00e9chets\u00a0! C\u2019\u00e9tait d\u00e9j\u00e0 le cas il y a 2 ann\u00e9e par rapport \u00e0 la pr\u00e9c\u00e9dente\u00a0!<\/p>\n<p>Bien entendu que notre but n\u2019est pas de remplacer les employ\u00e9s de la Mairie\u2026 mais uniquement de contribuer \u00e0 la sensibilisation de petits et grands\u2026 Ce serait si bien, si chacun pensait, tout le temps, \u00e0 ne rien jeter en dehors des poubelles pr\u00e9vues \u00e0 cet effet\u00a0!!!<br \/>\nC\u2019est vrai que nous pouvons (pour le moment) \u00eatre fiers de l\u2019\u00e9tat g\u00e9n\u00e9ral de notre si beau quartier, mais ce serait encore mieux si chacun y pensait tout le temps.<\/p>\n<p>C\u2019est peut-\u00eatre un peu trop tard pour certains adultes, mais nous ne doutons pas que les parents, enseignants de notre \u00e9cole ne manqueront pas de travailler souvent le sujet envers les enfants. Ainsi, un jour tout le monde sera sensibilis\u00e9 \u00e0 un environnement propre.<\/p>\n<p>&nbsp;<\/p>\n<p>Alors, attention aux \u00ab\u00a0salisseurs\u00a0\u00bb, les fourmis orange veillent au grain\u00a0!<\/p>\n<p>&nbsp;<\/p>\n<p>&nbsp;<\/p>\n<p align=\"CENTER\">Le comit\u00e9<\/p>\n","protected":false},"excerpt":{"rendered":"<p>Cette ann\u00e9e les fourmis orange de l\u2019AHC ont quand m\u00eame d\u00e9cid\u00e9 d\u2019organiser la matin\u00e9e nettoyage de Cressy malgr\u00e9 un mois de juin bien charg\u00e9 pour elles. Eh oui, elles sont vraiment partout ces petites b\u00eates\u00a0! Elles ont particip\u00e9 \u00e0 la \u00ab\u00a0Rue aux Enfants\u00a0\u00bb \u00e0 Bernex, elles vont encha\u00eener avec la \u2026 <a class=\"continue-reading-link\" href=\"https:\/\/cressy.ch\/index.php\/historique\/2012-2\/matinee-de-nettoyage-2012\/\"> Continue reading <span class=\"meta-nav\">&rarr; <\/span><\/a><\/p>\n","protected":false},"author":1,"featured_media":0,"parent":47,"menu_order":0,"comment_status":"closed","ping_status":"closed","template":"","meta":{"jetpack_post_was_ever_published":false,"footnotes":""},"jetpack_sharing_enabled":true,"jetpack_shortlink":"https:\/\/wp.me\/P7Ajlu-1R","jetpack-related-posts":[{"id":459,"url":"https:\/\/cressy.ch\/index.php\/historique\/2017-2\/matinee-de-nettoyage-2017\/","url_meta":{"origin":115,"position":0},"title":"Matin\u00e9e de Nettoyage 2017","author":"chperetti","date":"3 novembre 2017","format":false,"excerpt":"Le jour de la F\u00eate des M\u00e8res, le 14 mai, les fourmis orange ont \u00e9t\u00e9 prises de fr\u00e9n\u00e9sie et ont tout mis en place pour la matin\u00e9e nettoyage. Mais qu\u2019est-ce qui leur a pris\u00a0? Elles auraient d\u00fb \u00eatre en train d\u2019appr\u00e9cier un bon petit-d\u00e9jeuner pr\u00e9par\u00e9 par leurs enfants. Mais comme\u2026","rel":"","context":"Article similaire","block_context":{"text":"Article similaire","link":""},"img":{"alt_text":"","src":"","width":0,"height":0},"classes":[]},{"id":93,"url":"https:\/\/cressy.ch\/index.php\/historique\/2014-2\/matinee-de-nettoyage-2014\/","url_meta":{"origin":115,"position":1},"title":"Matin\u00e9e de nettoyage 2014","author":"chperetti","date":"13 mai 2016","format":false,"excerpt":"Le quartier de Cressy s\u2019est r\u00e9veill\u00e9 le dimanche 18 mai sous un magnifique soleil et une absence de bise, ouf\u2026 car cette ann\u00e9e le d\u00e9but du mois de mai a \u00e9t\u00e9 riche en vents. Les fourmis de l\u2019AHC sont pr\u00eates \u00e0 accueillir les habitants pour la matin\u00e9e nettoyage. A 10h,\u2026","rel":"","context":"Article similaire","block_context":{"text":"Article similaire","link":""},"img":{"alt_text":"","src":"","width":0,"height":0},"classes":[]},{"id":79,"url":"https:\/\/cressy.ch\/index.php\/historique\/2015-2\/matinee-de-nettoyage-2015\/","url_meta":{"origin":115,"position":2},"title":"Matin\u00e9e de nettoyage 2015","author":"chperetti","date":"13 mai 2016","format":false,"excerpt":"La matin\u00e9e nettoyage de Cressy du 10 mai 2015 a eu un franc succ\u00e8s, malgr\u00e9 la date choisie qui tombait sur la F\u00eate des M\u00e8res. Beaucoup de familles avec des enfants entre 4 et 8 ans se sont jointes aux petites fourmis orange. C\u2019est s\u00fbrement gr\u00e2ce aux flyers avec un\u2026","rel":"","context":"Article similaire","block_context":{"text":"Article similaire","link":""},"img":{"alt_text":"","src":"","width":0,"height":0},"classes":[]},{"id":101,"url":"https:\/\/cressy.ch\/index.php\/historique\/2013-2\/matinee-de-nettoyage-2013\/","url_meta":{"origin":115,"position":3},"title":"Matin\u00e9e de nettoyage 2013","author":"chperetti","date":"13 mai 2016","format":false,"excerpt":"Il est d\u00e9j\u00e0 fin mai et le printemps peine \u00e0 s\u2019installer en cette ann\u00e9e 2013. \u00a0 Les fourmis ne se sont pas d\u00e9courag\u00e9es pour autant et ont organis\u00e9 la matin\u00e9e nettoyage du quartier de Cressy. Malheureusement le week-end choisi a co\u00efncid\u00e9 avec d\u2019autres activit\u00e9s\u00a0: la course de caisses \u00e0 savon\u2026","rel":"","context":"Article similaire","block_context":{"text":"Article similaire","link":""},"img":{"alt_text":"","src":"","width":0,"height":0},"classes":[]},{"id":97,"url":"https:\/\/cressy.ch\/index.php\/historique\/2013-2\/fete-de-cressy-2013\/","url_meta":{"origin":115,"position":4},"title":"F\u00eate de Cressy 2013","author":"chperetti","date":"13 mai 2016","format":false,"excerpt":"Cette ann\u00e9e la F\u00eate de Cressy s\u2019est d\u00e9roul\u00e9e sous un magnifique soleil d\u2019automne. Les fourmis orange ont eu les antennes creuses lors du choix de la date. \u00a0 La pr\u00e9paration de la f\u00eate a v\u00e9cu quelques petites anicroches qui ont furtivement mis les batteries des fourmis un peu \u00e0 plat.\u2026","rel":"","context":"Article similaire","block_context":{"text":"Article similaire","link":""},"img":{"alt_text":"","src":"","width":0,"height":0},"classes":[]},{"id":380,"url":"https:\/\/cressy.ch\/index.php\/historique\/2016-2\/la-matinee-de-nettoyage-a-eu-lieu\/","url_meta":{"origin":115,"position":5},"title":"La matin\u00e9e de nettoyage a eu lieu","author":"chperetti","date":"1 novembre 2016","format":false,"excerpt":"LA MATINEE NETTOYAGE A EU LIEU Quelle belle matin\u00e9e ! Ceci gr\u00e2ce au magnifique soleil qui a daign\u00e9 pointer ses rayons de chaleur et de lumi\u00e8re et gr\u00e2ce aux habitants venus aider les fourmis \u00e0 rendre leur quartier propre et sans d\u00e9chets. Tous les \u00e2ges ont \u00e9t\u00e9 repr\u00e9sent\u00e9s, il ne\u2026","rel":"","context":"Article similaire","block_context":{"text":"Article similaire","link":""},"img":{"alt_text":"","src":"https:\/\/i0.wp.com\/www.cressy.ch\/wp-content\/uploads\/2016\/06\/JourNet_2016_3-300x200.jpg?resize=350%2C200","width":350,"height":200},"classes":[]}],"_links":{"self":[{"href":"https:\/\/cressy.ch\/index.php\/wp-json\/wp\/v2\/pages\/115"}],"collection":[{"href":"https:\/\/cressy.ch\/index.php\/wp-json\/wp\/v2\/pages"}],"about":[{"href":"https:\/\/cressy.ch\/index.php\/wp-json\/wp\/v2\/types\/page"}],"author":[{"embeddable":true,"href":"https:\/\/cressy.ch\/index.php\/wp-json\/wp\/v2\/users\/1"}],"replies":[{"embeddable":true,"href":"https:\/\/cressy.ch\/index.php\/wp-json\/wp\/v2\/comments?post=115"}],"version-history":[{"count":1,"href":"https:\/\/cressy.ch\/index.php\/wp-json\/wp\/v2\/pages\/115\/revisions"}],"predecessor-version":[{"id":116,"href":"https:\/\/cressy.ch\/index.php\/wp-json\/wp\/v2\/pages\/115\/revisions\/116"}],"up":[{"embeddable":true,"href":"https:\/\/cressy.ch\/index.php\/wp-json\/wp\/v2\/pages\/47"}],"wp:attachment":[{"href":"https:\/\/cressy.ch\/index.php\/wp-json\/wp\/v2\/media?parent=115"}],"curies":[{"name":"wp","href":"https:\/\/api.w.org\/{rel}","templated":true}]}}