{"id":111,"date":"2016-05-13T13:20:07","date_gmt":"2016-05-13T11:20:07","guid":{"rendered":"http:\/\/www.cressy.ch\/?page_id=111"},"modified":"2016-05-13T13:20:07","modified_gmt":"2016-05-13T11:20:07","slug":"fete-de-cressy-2012","status":"publish","type":"page","link":"https:\/\/cressy.ch\/index.php\/historique\/2012-2\/fete-de-cressy-2012\/","title":{"rendered":"F\u00eate de Cressy 2012"},"content":{"rendered":"<p><span style=\"font-family: Times New Roman,serif;\">La F\u00eate de Cressy a eu les bons augures des cieux, ouf\u00a0! 24h apr\u00e8s la pluie a fait son retour\u00a0!<\/span><\/p>\n<p>Les fourmis orange de l\u2019AHC sont \u00e0 pied d\u2019\u0153uvre depuis 8h en ce dimanche brumeux du 23 septembre. Elles sont aid\u00e9es par des jeunes du quartier pour tout ce qui a trait \u00e0 la manutention lourde. Eh oui, elles vieillissent ces petites b\u00eates\u00a0! Etant donn\u00e9 qu\u2019elles ont envie de tenir dans la dur\u00e9e, elles ont d\u00fb\u00a0trouver des solutions pour prot\u00e9ger leur dos et articulations diverses. Mais cette solution n\u2019est pas gratuite, car les jeunes re\u00e7oivent des petits sous en contrepartie. Comme tout le monde le sait, la pr\u00e9vention a souvent du bon; c\u2019est pour cela qu\u2019elles ont opt\u00e9 pour cette pratique.<\/p>\n<p>&nbsp;<\/p>\n<p>La fourmi \u00e9lectricienne est partie voguer sur les mers et oc\u00e9ans de notre si belle plan\u00e8te, la veinarde\u00a0! Elle a bien s\u00fbr laiss\u00e9 explications et instructions. Mais tous ces fils \u00e9lectriques, des orange, des bleu, des rouge, qui sortent des diff\u00e9rentes salles de l\u2019\u00e9cole ainsi que des diff\u00e9rents b\u00e2timents\u2026 il faut s\u2019y retrouver et surtout ne pas\u00a0tirer trop d\u2019amp\u00e9rage\u00a0de la m\u00eame prise. Et l\u00e0\u2026 ben\u2026 il faut r\u00e9fl\u00e9chir.<br \/>\nAllez, nous allons quand m\u00eame le dire\u00a0: la fourmi rempla\u00e7ante a \u00e9t\u00e9 trop top. Rien n\u2019a saut\u00e9\u00a0!<br \/>\nMais il faut quand m\u00eame l\u2019avouer\u00a0: elles se sont mises \u00e0 deux pour arriver \u00e0 ce r\u00e9sultat\u00a0!<\/p>\n<p>Les ballons se gonflent avec de temps \u00e0 autre un gros \u00ab\u00a0poum\u00a0\u00bb, la buvette se remplit de bonnes choses, la table de l\u2019ap\u00e9ritif se pare de boissons et cacahu\u00e8tes, la tombola se garnit de magnifiques lots, les tables autour desquelles les gens iront s\u2019asseoir se nettoient\u2026 Les fourmis font m\u00eame un pas de danse avec la tente rouge. Elles doivent aller sur la route et passer la tente au-dessus d\u2019une barri\u00e8re en \u00e9vitant un arbre, les terriers et la camionnette r\u00e9frig\u00e9r\u00e9e qu\u2019elles ont lou\u00e9e. Heureusement qu\u2019aucune voiture n\u2019est pass\u00e9e \u00e0 ce moment, car elles ne sont pas tr\u00e8s disciplin\u00e9es les fourmis\u00a0! Elles n\u2019ont pas regard\u00e9 \u00e0 droite puis \u00e0 gauche, non \u00e0 gauche puis \u00e0 droite. Gasp, je ne sais plus\u00a0!!!<\/p>\n<p>&nbsp;<\/p>\n<p>Les stands animations se montent aussi\u00a0: le man\u00e8ge \u00e0 p\u00e9dale, le rod\u00e9o, la sono et les pompiers. Ces derniers ont commenc\u00e9 \u00e0 d\u00e9charger leur mat\u00e9riel sur la place du terminus du bus en se disant\u00a0: \u00ab\u00a0qu\u2019est-ce que ces fourmis sont g\u00e9niales, elles ont d\u00e9j\u00e0 tout balis\u00e9 avec les vaubans\u00a0\u00bb\u00a0! Eh non, ceci est le parking\u00a0! Mais ils sont tellement forts qu\u2019ils ont tout d\u00e9plac\u00e9 en un \u00e9clair sur le haut du pr\u00e9au et avec le sourire en plus.<\/p>\n<p>&nbsp;<\/p>\n<p>Les gens commencent \u00e0 arriver dans le pr\u00e9au tr\u00e8s discr\u00e8tement, ils n\u2019osent pas trop s\u2019approcher. Pour leur faciliter la t\u00e2che, le micro commence \u00e0 gr\u00e9siller puis une belle voix en sort pour les inviter \u00e0 venir se servir en boissons et cacahu\u00e8tes. L\u00e0, aupr\u00e8s de deux assiettes remplies de cacahu\u00e8tes, nous pouvons voir deux frimousses qui ont les yeux \u00e0 leurs hauteurs, remonter leurs mains et se servir inlassablement de ces si bonnes choses\u00a0!<\/p>\n<p>Les ballons trouvent des acqu\u00e9reurs et pas seulement des enfants. Quelques Conseillers Municipaux et Administratifs se pr\u00eatent au jeu et mettent la petite ficelle autour du poignet en attendant le feu vert pour les lancer. Cette ann\u00e9e le l\u00e2cher de ballons va se faire en plusieurs \u00e9tapes\u00a0: d\u2019abord les oranges et les jaunes, puis les verts et violets\u2026<br \/>\nIl faut dire que la fourmi secr\u00e9taire regarde ce l\u00e2cher de ballons avec quelques craintes, car l\u2019autorisation n\u2019a pas encore atteint sa bo\u00eete aux lettres. Sa nuit a \u00e9t\u00e9 quelque peu mouvement\u00e9e entre voiture de police gyrophare hurlant, avion s\u2019\u00e9crasant sur le quartier et on en passe des pires et des meilleures. Ce que l\u2019esprit peut \u00eatre inventif parfois\u00a0!<br \/>\nHeureusement que la fourmi pr\u00e9sentatrice n\u2019a rien dit sur l\u2019h\u00e9licopt\u00e8re survolant le quartier tr\u00e8s peu de temps apr\u00e8s que les ballons aient pris leur envol, elle en aurait s\u00fbrement fait une crise cardiaque\u00a0! Les pompiers auraient \u00e9t\u00e9 utiles\u00a0! D\u2019ailleurs ils l\u2019ont \u00e9t\u00e9, ils ont d\u00fb appeler une ambulance dans l\u2019apr\u00e8s-midi pour quelqu\u2019un qui a chut\u00e9 sur le gravier.<\/p>\n<p>Les ventres commencent \u00e0 crier famine et les habitants du quartier commencent \u00e0 choisir ce qu\u2019ils ont envie de manger\u00a0: un bon hot-dog rempli de moutarde, voire de ketchup ou encore de mayonnaise\u00a0; bien s\u00fbr ils peuvent aussi prendre les trois ingr\u00e9dients. Ils peuvent opter pour un sandwich pr\u00e9par\u00e9 avec amour par les fourmis. Ils ont aussi la possibilit\u00e9 de manger plus sainement en pr\u00e9f\u00e9rant le taboul\u00e9 compos\u00e9 par les fourmis cuisini\u00e8res, voire les lasagnes ou les aubergines farcies pr\u00e9par\u00e9es par le tea-room de Cressy.<br \/>\nPuis, la gourmandise \u00e9tant probablement trop forte, ils viendront prendre une gaufre, des pop-corn ou encore une brochette de bonbons\u00a0; eh oui, il n\u2019y a pas que les enfants qui aiment les sucreries\u00a0! Mais les fourmis ont aussi pens\u00e9 \u00e0 la ligne des gens en leur proposant des bonnes pommes fra\u00eeches.<\/p>\n<p>La musique jou\u00e9e par les \u00ab\u00a0Anjos da Noite\u00a0\u00bb retentit dans le quartier. Quelques personnes font m\u00eame quelques pas de danse avant d\u2019\u00eatre pris par la tourmente de la salsa, du merengue et de la bachata de Carlito Macumba. Il a r\u00e9ussi \u00e0 entra\u00eener derri\u00e8re lui une trentaine d\u2019enfants et d\u2019adultes qui se tr\u00e9moussent en essayant de faire comme lui. Quelle ambiance\u00a0! Cela aura s\u00fbrement donn\u00e9 des envies \u00e0 certaines, nous ne disons pas certains, car les hommes ont pr\u00e9f\u00e9r\u00e9 \u00eatre spectateurs que acteurs. Etes-vous \u00e9tonn\u00e9\u00a0?<\/p>\n<p>Pendant ce temps, le feu que les sapeurs-pompiers de Bernex ont fait a enfin pris. Vu la pluie de ces derniers jours, le bois est quelque peu tremp\u00e9. Mais gr\u00e2ce \u00e0 leur t\u00e9nacit\u00e9 les gens ont pu tenter d\u2019\u00e9teindre le feu avec les extincteurs. Une fille est rest\u00e9e un long moment devant une casserole en feu. Elle veut l\u2019\u00e9teindre avec un linge. Elle ne doit pas le lancer mais le placer sur ses avant-bras puis avancer pour le poser sur le feu. L\u2019angoisse transparait dans ses yeux\u2026 elle a fini par oser et l\u00e0\u2026 quelle fiert\u00e9\u00a0! Elle s\u2019est tourn\u00e9e vers ses parents avec le regard cette fois brillant de joie\u00a0!<br \/>\nLes sapeurs-pompiers ont partag\u00e9 leur passion avec un tel bonheur que cela va peut-\u00eatre \u00e9veiller de futures vocations.<\/p>\n<p>Le rod\u00e9o n\u2019a pas d\u00e9sempli. Qui va tenir le plus longtemps sur le taureau\u00a0? L\u2019adulte, l\u2019enfant ou l\u2019adolescent\u00a0? Il faut les voir, \u00e0 tout \u00e2ge ils auront essay\u00e9 de r\u00e9sister \u00e0 la force centrifuge, non centrip\u00e8te\u2026 oh, l\u00e0, l\u00e0, les cours de physique sont bien loin pour les fourmis\u00a0! Mais elles, ont-elles essay\u00e9\u00a0? Eh non, elles n\u2019en ont malheureusement pas le temps\u00a0!<br \/>\nMalgr\u00e9 l\u2019aide apport\u00e9e par les membres de l\u2019association, les fourmis sont utiles et indispensables partout et d\u00e8s qu\u2019elles ont un petit moment, elles vont le passer avec leur famille.<\/p>\n<p>Le man\u00e8ge \u00e0 p\u00e9dale est un vrai r\u00e9gal pour les yeux. Tout a \u00e9t\u00e9 cr\u00e9\u00e9 par leurs propri\u00e9taires. Les chaises en bois sur lesquelles les petites fesses rebondies des enfants vont s\u2019asseoir ont toutes un animal comme embl\u00e8me. Des guirlandes color\u00e9es faites de divers objets tels que bouchons, fils, tissus, alu, autres bo\u00eetes\u2026 entourent le man\u00e8ge. Des vases remplis de fleurs en bois ornent le carrousel. Mais ce qui est le plus fabuleux, c\u2019est l\u2019accueil des enfants par les deux personnages haut en couleurs. Ils installent les bambins avec d\u00e9licatesse tout en ayant pour chacun un petit mot gentil. Une fois tout le monde plac\u00e9 dans les si\u00e8ges, c\u2019est au tour des parents, car c\u2019est eux qui vont faire tourner le man\u00e8ge \u00e0 la force de leurs gambettes.<\/p>\n<p>D\u2019autres enfants vont aussi faire fonctionner leurs gambettes aux mini-v\u00e9los. Pour les adultes c\u2019est soit vous \u00eates tr\u00e8s souple soit vous vous retrouvez par terre\u00a0! Autant dire que c\u2019est impossible m\u00eame les fourmis ne s\u2019y sont pas risqu\u00e9es.<\/p>\n<p>La tombola ne d\u00e9sempli pas. Le but des enfants qui reviennent inlassablement c\u2019est de gagner le mini baby-foot. Il a finalement \u00e9t\u00e9 acquis en fin de journ\u00e9e.<\/p>\n<p>Le maquillage fait aussi fureur. Il\u00a0y a m\u00eame des mini-fourmis qui se sont transform\u00e9es en maquilleuses. Elles font cela avec une minutie et un tel plaisir que cela est un bonheur de les voir. Les enfants fard\u00e9s repartent tout content.<\/p>\n<p>La course de gar\u00e7ons de caf\u00e9 n\u2019attire pas foule. C\u2019est vrai que la chaleur n\u2019incite pas les gens \u00e0 se d\u00e9penser. Il y en a qui pr\u00e9f\u00e8rent poser leur post\u00e9rieur sur le dos d\u2019un poney. Par contre le ch\u00e2teau gonflable se plie sous les sauts des petiots et la salle de gymnastique r\u00e9sonne du bruit du ballon qui s\u2019envole dans le but.<\/p>\n<p>La journ\u00e9e touche \u00e0 sa fin et les fourmis vont bient\u00f4t devoir tout ranger. La fourmi-speakerine n\u2019a bient\u00f4t plus de voix \u00e0 force de parler. Mais ce n\u2019est pas encore fini pour elle, elle doit annoncer qui a gagn\u00e9 le poids du panier garni. Les estimations ont \u00e9t\u00e9 tr\u00e8s larges, elles allaient de 4,5 kilos \u00e0 25. Le poids exact \u00e9tait de 7,8 kilos. Il a \u00e9t\u00e9 emport\u00e9 par une adolescente du quartier.<\/p>\n<p>Les fourmis sont fourbues mais heureuses de cette belle journ\u00e9e qui a anim\u00e9 le quartier. Elles mangent les quelques restes tels que les sandwichs, les pommes, mais surtout les gaufres. Ah, ce qu\u2019elles sont gourmandes\u00a0!<\/p>\n<p>Elles prennent donc des forces et vont s\u2019attaquer au rangement tout en r\u00eavant de reposer leurs pattes et r\u00e9fl\u00e9chissant d\u00e9j\u00e0 \u00e0 la F\u00eate de Cressy 2013\u00a0!<\/p>\n<p>&nbsp;<\/p>\n<p>&nbsp;<\/p>\n<p align=\"CENTER\">Le comit\u00e9 de l\u2019AHC<\/p>\n","protected":false},"excerpt":{"rendered":"<p>La F\u00eate de Cressy a eu les bons augures des cieux, ouf\u00a0! 24h apr\u00e8s la pluie a fait son retour\u00a0! Les fourmis orange de l\u2019AHC sont \u00e0 pied d\u2019\u0153uvre depuis 8h en ce dimanche brumeux du 23 septembre. Elles sont aid\u00e9es par des jeunes du quartier pour tout ce qui \u2026 <a class=\"continue-reading-link\" href=\"https:\/\/cressy.ch\/index.php\/historique\/2012-2\/fete-de-cressy-2012\/\"> Continue reading <span class=\"meta-nav\">&rarr; <\/span><\/a><\/p>\n","protected":false},"author":1,"featured_media":0,"parent":47,"menu_order":0,"comment_status":"closed","ping_status":"closed","template":"","meta":{"jetpack_post_was_ever_published":false,"footnotes":""},"jetpack_sharing_enabled":true,"jetpack_shortlink":"https:\/\/wp.me\/P7Ajlu-1N","jetpack-related-posts":[{"id":97,"url":"https:\/\/cressy.ch\/index.php\/historique\/2013-2\/fete-de-cressy-2013\/","url_meta":{"origin":111,"position":0},"title":"F\u00eate de Cressy 2013","author":"chperetti","date":"13 mai 2016","format":false,"excerpt":"Cette ann\u00e9e la F\u00eate de Cressy s\u2019est d\u00e9roul\u00e9e sous un magnifique soleil d\u2019automne. Les fourmis orange ont eu les antennes creuses lors du choix de la date. \u00a0 La pr\u00e9paration de la f\u00eate a v\u00e9cu quelques petites anicroches qui ont furtivement mis les batteries des fourmis un peu \u00e0 plat.\u2026","rel":"","context":"Article similaire","block_context":{"text":"Article similaire","link":""},"img":{"alt_text":"","src":"","width":0,"height":0},"classes":[]},{"id":87,"url":"https:\/\/cressy.ch\/index.php\/historique\/2014-2\/fete-de-cressy-2014\/","url_meta":{"origin":111,"position":1},"title":"F\u00eate de Cressy 2014","author":"chperetti","date":"13 mai 2016","format":false,"excerpt":"F\u00eate de Cressy - 28 septembre 2014 Mais pourquoi donc ? Ben, ce sera la F\u00eate de Cressy, et les fourmis orange de l\u2019AHC ont \u00e0 nouveau concoct\u00e9 un beau programme ! Cette ann\u00e9e, la f\u00eate va se d\u00e9placer sur la place du terminus du bus. En effet, la proximit\u00e9\u2026","rel":"","context":"Article similaire","block_context":{"text":"Article similaire","link":""},"img":{"alt_text":"","src":"","width":0,"height":0},"classes":[]},{"id":377,"url":"https:\/\/cressy.ch\/index.php\/historique\/2016-2\/est-2016\/","url_meta":{"origin":111,"position":2},"title":"La f\u00eate de Cressy a eu lieu","author":"chperetti","date":"1 novembre 2016","format":false,"excerpt":"Le 25 septembre, les fourmis orange ont trim\u00e9 depuis 7h30 pour mettre en place la F\u00eate Cressy. Elles \u00e9taient encore toute endormies. Certaines \u00e9taient d\u00e9j\u00e0 en habit d\u2019\u00e9t\u00e9, car le temps annonc\u00e9 \u00e9tait au beau et chaud et d\u2019autres \u00e9taient habill\u00e9es comme en hiver. Elles devaient encore s\u2019imaginer au chaud\u2026","rel":"","context":"Article similaire","block_context":{"text":"Article similaire","link":""},"img":{"alt_text":"","src":"","width":0,"height":0},"classes":[]},{"id":107,"url":"https:\/\/cressy.ch\/index.php\/historique\/2012-2\/ahc-fete-ses-benevoles\/","url_meta":{"origin":111,"position":3},"title":"AHC f\u00eate ses b\u00e9n\u00e9voles","author":"chperetti","date":"13 mai 2016","format":false,"excerpt":"\u00a0\u00a0\u00a0\u00a0\u00a0\u00a0\u00a0 \u00a0\u00a0\u00a0\u00a0 \u00a0 \u00a0 L\u2019AHC FETE SES BENEVOLES Il est 19h en ce 17 janvier 2012. L\u2019ombre de Sherlock Holmes, bien curieuse, traverse Cressy\u2026 et se pose des questions. La lumi\u00e8re dans le tea-room brille encore de tous ces feux. Des gens habill\u00e9s bien chaudement osent p\u00e9n\u00e9trer en faisant tinter\u2026","rel":"","context":"Article similaire","block_context":{"text":"Article similaire","link":""},"img":{"alt_text":"","src":"","width":0,"height":0},"classes":[]},{"id":83,"url":"https:\/\/cressy.ch\/index.php\/historique\/2015-2\/fete-de-cressy-2015\/","url_meta":{"origin":111,"position":4},"title":"F\u00eate de Cressy 2015","author":"chperetti","date":"13 mai 2016","format":false,"excerpt":"Les fourmis orange de l\u2019AHC ont fait un r\u00eave pour cette ann\u00e9e exceptionnelle qui comm\u00e9more les 10 ans de sa cr\u00e9ation : que tout se passe bien pour l\u2019organisation de la F\u00eate de Cressy, que la manifestation soit appr\u00e9ci\u00e9e, que les gens apportent spontan\u00e9ment leur aide, que la pluie ne\u2026","rel":"","context":"Article similaire","block_context":{"text":"Article similaire","link":""},"img":{"alt_text":"","src":"","width":0,"height":0},"classes":[]},{"id":457,"url":"https:\/\/cressy.ch\/index.php\/historique\/2017-2\/vide-grenier-de-cressy-2017\/","url_meta":{"origin":111,"position":5},"title":"vide Grenier 2017","author":"chperetti","date":"3 novembre 2017","format":false,"excerpt":"Vive le vide-grenier\u00a0! Voil\u00e0 l\u2019expression qui est venue \u00e0 l\u2019esprit des petites fourmis orange apr\u00e8s cette magnifique journ\u00e9e du 9 avril. Ce vide-grenier 2017 a eu lieu sous le signe de la convivialit\u00e9, de l\u2019amabilit\u00e9, de l\u2019entraide et de la bonne humeur. Les jeunes sous la houlette du BUPP ont\u2026","rel":"","context":"Article similaire","block_context":{"text":"Article similaire","link":""},"img":{"alt_text":"","src":"","width":0,"height":0},"classes":[]}],"_links":{"self":[{"href":"https:\/\/cressy.ch\/index.php\/wp-json\/wp\/v2\/pages\/111"}],"collection":[{"href":"https:\/\/cressy.ch\/index.php\/wp-json\/wp\/v2\/pages"}],"about":[{"href":"https:\/\/cressy.ch\/index.php\/wp-json\/wp\/v2\/types\/page"}],"author":[{"embeddable":true,"href":"https:\/\/cressy.ch\/index.php\/wp-json\/wp\/v2\/users\/1"}],"replies":[{"embeddable":true,"href":"https:\/\/cressy.ch\/index.php\/wp-json\/wp\/v2\/comments?post=111"}],"version-history":[{"count":1,"href":"https:\/\/cressy.ch\/index.php\/wp-json\/wp\/v2\/pages\/111\/revisions"}],"predecessor-version":[{"id":112,"href":"https:\/\/cressy.ch\/index.php\/wp-json\/wp\/v2\/pages\/111\/revisions\/112"}],"up":[{"embeddable":true,"href":"https:\/\/cressy.ch\/index.php\/wp-json\/wp\/v2\/pages\/47"}],"wp:attachment":[{"href":"https:\/\/cressy.ch\/index.php\/wp-json\/wp\/v2\/media?parent=111"}],"curies":[{"name":"wp","href":"https:\/\/api.w.org\/{rel}","templated":true}]}}