{"id":109,"date":"2016-05-13T13:17:56","date_gmt":"2016-05-13T11:17:56","guid":{"rendered":"http:\/\/www.cressy.ch\/?page_id=109"},"modified":"2016-05-13T13:17:56","modified_gmt":"2016-05-13T11:17:56","slug":"assemblee-generale-ordinaire","status":"publish","type":"page","link":"https:\/\/cressy.ch\/index.php\/historique\/2012-2\/assemblee-generale-ordinaire\/","title":{"rendered":"Assembl\u00e9e g\u00e9n\u00e9rale ordinaire"},"content":{"rendered":"<div>\n<h2>24 janvier 2012 &#8211; Assembl\u00e9e g\u00e9n\u00e9rale ordinaire<\/h2>\n<p><strong><em><img decoding=\"async\" src=\"https:\/\/i0.wp.com\/lh4.ggpht.com\/-JKwqf27UspQ\/TyLJiWoo0gI\/AAAAAAAAEbk\/6DJ_VwlYxsg\/DSC_1223.JPG?w=800\" alt=\"\" data-recalc-dims=\"1\" \/>\u00a0\u00a0 <img decoding=\"async\" src=\"https:\/\/i0.wp.com\/lh5.ggpht.com\/-qRRlcVpWJR0\/TyLJmSCNE_I\/AAAAAAAAEcI\/a5oRjM0eyVk\/DSC_1227.JPG?w=800\" alt=\"\" data-recalc-dims=\"1\" \/>\u00a0\u00a0\u00a0<img decoding=\"async\" src=\"https:\/\/i0.wp.com\/lh6.ggpht.com\/-oI3oeRNbwxo\/TyLJnqxlOMI\/AAAAAAAAEcQ\/cfKspoUCxaY\/DSC_1228.JPG?w=800\" alt=\"\" data-recalc-dims=\"1\" \/>\u00a0\u00a0 <\/em><\/strong><\/p>\n<\/div>\n<div><\/div>\n<div>Le r\u00eave de tout comit\u00e9 d\u2019une association est de r\u00e9unir tous les membres pour l\u2019assembl\u00e9e g\u00e9n\u00e9rale ordinaire.<\/div>\n<div><\/div>\n<div>Et si ce n\u2019\u00e9tait pas qu\u2019un r\u00eave, mais une r\u00e9alit\u00e9 qui se serait produite lors de l\u2019assembl\u00e9e g\u00e9n\u00e9rale organis\u00e9e en janvier par les petites fourmis orange de l\u2019AHC\u2026<\/div>\n<div>100 membres sur les 110 \u00e9tant affili\u00e9s \u00e0 l\u2019AHC sont arriv\u00e9s petit \u00e0 petit. Mais il y a quand m\u00eame eu la cohue \u00e0 l\u2019entr\u00e9e de la salle pour signer la feuille de pr\u00e9sence et payer la cotisation annuelle, qui est de 10Fr par ann\u00e9e. Puis les gens se sont mis \u00e0 discuter entre eux. Il a fallu imposer le silence\u00a0!<\/div>\n<div><\/div>\n<div>Une des fourmis co-pr\u00e9sidente a excus\u00e9 les membres absents tout en se disant honor\u00e9 de la pr\u00e9sence de tant de monde\u2026 et d\u2019une des Conseill\u00e8re Administrative de Confignon. Puis il a expliqu\u00e9 le d\u00e9roulement de la soir\u00e9e et a pass\u00e9 en revue l\u2019ordre du jour. Ceci a \u00e9t\u00e9 tr\u00e8s protocolaire, mais indispensable \u00e0 la validit\u00e9 l\u00e9gale de l\u2019assembl\u00e9e g\u00e9n\u00e9rale.<\/div>\n<div><\/div>\n<div>Chacune des fourmis a envie de prendre la parole et l\u2019autre co-pr\u00e9sident s\u2019est pr\u00e9cipit\u00e9 dans la br\u00e8che laiss\u00e9e ouverte par la fourmi ayant pris la parole en premier.<br \/>\nIl a pass\u00e9 en revue les lieux o\u00f9 les fourmis courageuses et travailleuses ont repr\u00e9sent\u00e9 leur association f\u00e9tiche durant l\u2019ann\u00e9e 2011\u00a0: l\u2019ap\u00e9ritif communal de Confignon, la soir\u00e9e des M\u00e9rites Bern\u00e9siens, les r\u00e9unions de pr\u00e9paration de la Rue aux enfants, des Rencontres Musicales et des brochettes bern\u00e9siennes ainsi que leur r\u00e9union de bilan, la s\u00e9ance de bilan sur l\u2019action \u00ab\u00a0pr\u00e9vention alcool\u00a0\u00bb pour les organisateurs de manifestations de Confignon et Bernex, la soir\u00e9e \u00e0 Confignon en l\u2019honneur du d\u00e9part de Mme Joliat et M. Dreier, la soir\u00e9e pour l\u2019anniversaire de l\u2019AIC, la r\u00e9union de pr\u00e9paration pour le 300<sup>\u00e8me<\/sup> anniversaire de Rousseau, les grillades et la pi\u00e8ce de th\u00e9\u00e2tre \u00e0 Confignon en \u00e9t\u00e9, l\u2019inauguration de la Coop\u00e9rative Equilibre et celles des locaux du BUPP au Forum \u00e0 Bernex, la r\u00e9union des associations de Confignon avec le repas cuisin\u00e9 et servi par les Conseillers Administratifs, la soir\u00e9e de l\u2019AIC pour remerciements de l\u2019aide apport\u00e9e par les fourmis, la r\u00e9union des associations de Bernex et pour finir la soir\u00e9e sur l\u2019exposition des photos et la projection du film sur le projet Togo 2011 men\u00e9 par le BUPP et l\u2019association Pro Education.<\/div>\n<div><\/div>\n<div>Waouh, mais elles sont partout ces fourmis\u00a0! Et ce n\u2019est pas fini\u00a0!<\/div>\n<div><\/div>\n<div>La fourmi co-pr\u00e9sidente a continu\u00e9 sur sa lanc\u00e9e et a parl\u00e9 des actions entreprises par le comit\u00e9\u00a0: la lettre de protestation sur l\u2019annulation de la d\u00e9marche participative concernant la place du terminus du bus, les r\u00e9ponses aux lettres des partis politiques qui ont invit\u00e9 l\u2019AHC \u00e0 participer \u00e0 leurs d\u00e9bats lors de la p\u00e9riode \u00e9lectorale (mais les fourmis sont apolitiques\u00a0!), la lettre aux communes sur les probl\u00e8mes de parking lors du vide-grenier, la rencontre avec la Directrice des \u00e9tablissements scolaires Cressy-Confignon afin de cr\u00e9er un partenariat dont le premier a \u00e9t\u00e9 la buvette de l\u2019AHC lors du 5<sup>\u00e8m <\/sup>anniversaire de l\u2019\u00e9cole, la r\u00e9union avec les TSHM pour la F\u00eate de Cressy, la demande de soutien financier aux communes pour la F\u00eate de Cressy puis les remerciements pour leur soutien financier, la lettre de r\u00e9clamation \u00e0 Confignon sur la subvention qui avait \u00e9t\u00e9 promise d\u2019un certain montant par ann\u00e9e (depuis 2010) et qui est pass\u00e9e \u00e0 moiti\u00e9 d\u00e9j\u00e0 la 2<sup>\u00e8me<\/sup> ann\u00e9e, la participation \u00e0 la f\u00eate de l\u2019AIC en ayant tenu un stand maquillage, la participation \u00e0 la Rue aux enfants, aux Rencontres Musicales et aux brochettes bern\u00e9siennes, l\u2019aide apport\u00e9e \u00e0 l\u2019AIC pour le 1<sup>er<\/sup> ao\u00fbt et la F\u00eate de No\u00ebl et pour finir une lettre aux Conseillers Administratifs de Confignon et de Bernex pour demander une subvention annuelle plus importante (en rapport avec l\u2019activit\u00e9 et les objectifs de l\u2019AHC).<\/div>\n<div>Et encore, sans parler de tous les contacts et r\u00e9ponses aux appels t\u00e9l\u00e9phoniques durant toute l\u2019ann\u00e9e, ainsi que les s\u00e9ances et d\u00e9marches pour assurer la vie de l\u2019association.<\/div>\n<div><\/div>\n<div>Quand on dit que les fourmis sont travailleuses, nous voyons bien que c\u2019est la r\u00e9alit\u00e9\u00a0!<\/div>\n<div><\/div>\n<div>Mais qu\u2019en est-il des manifestations qui sont n\u00e9es de leur cerveau toujours en \u00e9bullition\u00a0!<\/div>\n<div>Il y a eu le vide-grenier qui a attir\u00e9 un monde fou avec ces 137 tables expos\u00e9es, la F\u00eate de Cressy qui a vu grand cette ann\u00e9e pour les 10 ans du quartier avec des tas d\u2019activit\u00e9s et de spectacles pour petits et grands, puis la F\u00eate du Sapin o\u00f9 les fourmis ont offert la raclette et le vin chaud aux habitants.<\/div>\n<div><\/div>\n<div>Et que vont-elles pr\u00e9voir pour l\u2019ann\u00e9e 2012 en plus de leurs manifestations qui rythment la vie du\u00a0quartier\u00a0? Peut-\u00eatre une f\u00eate des voisins ouverte \u00e0 tous, une promenade piquenique au bord de l\u2019Aire ou du Rh\u00f4ne, ou toute autre id\u00e9e. Qui vivra verra\u00a0!<\/div>\n<div><\/div>\n<div>Puis, la fourmi tr\u00e9sori\u00e8re a expliqu\u00e9 par A+B les chiffres de l\u2019exercice 2011 et le budget pour l\u2019ann\u00e9e en cours. Cela donne le vertige\u00a0! Est-ce que tout le monde a fait semblant de comprendre ou est-ce que cela a \u00e9t\u00e9 clair et limpide\u00a0?<\/div>\n<div><\/div>\n<div>Tous ces expos\u00e9s ont \u00e9t\u00e9 accompagn\u00e9s d\u2019une projection avec photos et textes accompagnant les paroles de l\u2019orateur, pr\u00e9par\u00e9s par la fourmi bien ordonn\u00e9e, en charge de toutes la \u00ab\u00a0paperasserie\u00a0\u00bb.<\/div>\n","protected":false},"excerpt":{"rendered":"<p>24 janvier 2012 &#8211; Assembl\u00e9e g\u00e9n\u00e9rale ordinaire \u00a0\u00a0 \u00a0\u00a0\u00a0\u00a0\u00a0 Le r\u00eave de tout comit\u00e9 d\u2019une association est de r\u00e9unir tous les membres pour l\u2019assembl\u00e9e g\u00e9n\u00e9rale ordinaire. Et si ce n\u2019\u00e9tait pas qu\u2019un r\u00eave, mais une r\u00e9alit\u00e9 qui se serait produite lors de l\u2019assembl\u00e9e g\u00e9n\u00e9rale organis\u00e9e en janvier par les petites \u2026 <a class=\"continue-reading-link\" href=\"https:\/\/cressy.ch\/index.php\/historique\/2012-2\/assemblee-generale-ordinaire\/\"> Continue reading <span class=\"meta-nav\">&rarr; <\/span><\/a><\/p>\n","protected":false},"author":1,"featured_media":0,"parent":47,"menu_order":0,"comment_status":"closed","ping_status":"closed","template":"","meta":{"jetpack_post_was_ever_published":false,"footnotes":""},"jetpack_sharing_enabled":true,"jetpack_shortlink":"https:\/\/wp.me\/P7Ajlu-1L","jetpack-related-posts":[{"id":124,"url":"https:\/\/cressy.ch\/index.php\/historique\/2011-2\/vide-greniers-2011\/","url_meta":{"origin":109,"position":0},"title":"Vide greniers 2011","author":"chperetti","date":"13 mai 2016","format":false,"excerpt":"VIDE-GRENIER 2011 \u00a0 \u00a0 \u00a0 \u00a0 \u00a0 Le vide-grenier de Cressy ne d\u00e9bute qu\u2019\u00e0 10 heures ce dimanche 10 avril, mais, \u00e0 8 heures d\u00e9j\u00e0, le pr\u00e9au de l\u2019\u00e9cole fourmille de mouvement. Les fourmis orange de l\u2019AHC s\u2019agitent autour de l\u2019installation des tables sous le pr\u00e9au couvert. Elles doivent vider\u2026","rel":"","context":"Article similaire","block_context":{"text":"Article similaire","link":""},"img":{"alt_text":"","src":"","width":0,"height":0},"classes":[]},{"id":119,"url":"https:\/\/cressy.ch\/index.php\/historique\/2011-2\/fete-des-10-ans-de-lahc\/","url_meta":{"origin":109,"position":1},"title":"F\u00eate des 10 ans de l&#8217;AHC","author":"chperetti","date":"13 mai 2016","format":false,"excerpt":"Nous sommes la veille du 25 septembre et les fourmis orange de l\u2019AHC (Association des Habitants de Cressy) sont en pleine \u00e9bullition ! Mais pourquoi donc agitent-elles leurs pattes avant \u00e0 faire de bons petits sandwichs, leurs pattes arri\u00e8re \u00e0 monter et descendre les escaliers afin d\u2019amener tout plein d\u2019affaires\u2026","rel":"","context":"Article similaire","block_context":{"text":"Article similaire","link":""},"img":{"alt_text":"","src":"","width":0,"height":0},"classes":[]},{"id":83,"url":"https:\/\/cressy.ch\/index.php\/historique\/2015-2\/fete-de-cressy-2015\/","url_meta":{"origin":109,"position":2},"title":"F\u00eate de Cressy 2015","author":"chperetti","date":"13 mai 2016","format":false,"excerpt":"Les fourmis orange de l\u2019AHC ont fait un r\u00eave pour cette ann\u00e9e exceptionnelle qui comm\u00e9more les 10 ans de sa cr\u00e9ation : que tout se passe bien pour l\u2019organisation de la F\u00eate de Cressy, que la manifestation soit appr\u00e9ci\u00e9e, que les gens apportent spontan\u00e9ment leur aide, que la pluie ne\u2026","rel":"","context":"Article similaire","block_context":{"text":"Article similaire","link":""},"img":{"alt_text":"","src":"","width":0,"height":0},"classes":[]},{"id":107,"url":"https:\/\/cressy.ch\/index.php\/historique\/2012-2\/ahc-fete-ses-benevoles\/","url_meta":{"origin":109,"position":3},"title":"AHC f\u00eate ses b\u00e9n\u00e9voles","author":"chperetti","date":"13 mai 2016","format":false,"excerpt":"\u00a0\u00a0\u00a0\u00a0\u00a0\u00a0\u00a0 \u00a0\u00a0\u00a0\u00a0 \u00a0 \u00a0 L\u2019AHC FETE SES BENEVOLES Il est 19h en ce 17 janvier 2012. L\u2019ombre de Sherlock Holmes, bien curieuse, traverse Cressy\u2026 et se pose des questions. La lumi\u00e8re dans le tea-room brille encore de tous ces feux. Des gens habill\u00e9s bien chaudement osent p\u00e9n\u00e9trer en faisant tinter\u2026","rel":"","context":"Article similaire","block_context":{"text":"Article similaire","link":""},"img":{"alt_text":"","src":"","width":0,"height":0},"classes":[]},{"id":121,"url":"https:\/\/cressy.ch\/index.php\/historique\/2011-2\/fete-du-sapin-2011\/","url_meta":{"origin":109,"position":4},"title":"F\u00eate du sapin 2011","author":"chperetti","date":"13 mai 2016","format":false,"excerpt":"\u00a0 cliquez\u00a0\u00a0 ici\u00a0\u00a0 pour voir toutes\u00a0les photos\u00a0\u00a0\u00a0\u00a0\u00a0\u00a0\u00a0\u00a0\u00a0\u00a0\u00a0\u00a0\u00a0\u00a0\u00a0\u00a0\u00a0\u00a0\u00a0\u00a0\u00a0\u00a0\u00a0\u00a0\u00a0\u00a0\u00a0\u00a0\u00a0\u00a0\u00a0\u00a0\u00a0\u00a0\u00a0\u00a0\u00a0\u00a0\u00a0\u00a0\u00a0 La F\u00eate du Sapin \u00e0 Cressy Les lutins de l\u2019AHC (association des habitants de Cressy) se sont \u00e9vertu\u00e9s \u00e0 cr\u00e9er une jolie ambiance de pr\u00e9-f\u00eate pour la F\u00eate du Sapin \u00e0 Cressy, le dimanche 18 d\u00e9cembre. Au vu du monde pr\u00e9sent et malgr\u00e9\u2026","rel":"","context":"Article similaire","block_context":{"text":"Article similaire","link":""},"img":{"alt_text":"","src":"","width":0,"height":0},"classes":[]},{"id":55,"url":"https:\/\/cressy.ch\/index.php\/questions\/","url_meta":{"origin":109,"position":5},"title":"Questions","author":"Nad\u00e8ge Pittet","date":"11 mai 2016","format":false,"excerpt":"Questions fr\u00e9quentes sur l'AHC Comment sont utilis\u00e9s les 15 francs de cotisation \u00e0 l'AHC ? Ils servent \u00e0 payer nos frais de fonctionnement, l'h\u00e9bergement de notre site internet, les verr\u00e9es et \u00e0 avancer certaines d\u00e9penses pour les activit\u00e9s que nous organisons. L'AHC est une association \u00e0 but non lucratif. Comment\u2026","rel":"","context":"Article similaire","block_context":{"text":"Article similaire","link":""},"img":{"alt_text":"","src":"","width":0,"height":0},"classes":[]}],"_links":{"self":[{"href":"https:\/\/cressy.ch\/index.php\/wp-json\/wp\/v2\/pages\/109"}],"collection":[{"href":"https:\/\/cressy.ch\/index.php\/wp-json\/wp\/v2\/pages"}],"about":[{"href":"https:\/\/cressy.ch\/index.php\/wp-json\/wp\/v2\/types\/page"}],"author":[{"embeddable":true,"href":"https:\/\/cressy.ch\/index.php\/wp-json\/wp\/v2\/users\/1"}],"replies":[{"embeddable":true,"href":"https:\/\/cressy.ch\/index.php\/wp-json\/wp\/v2\/comments?post=109"}],"version-history":[{"count":1,"href":"https:\/\/cressy.ch\/index.php\/wp-json\/wp\/v2\/pages\/109\/revisions"}],"predecessor-version":[{"id":110,"href":"https:\/\/cressy.ch\/index.php\/wp-json\/wp\/v2\/pages\/109\/revisions\/110"}],"up":[{"embeddable":true,"href":"https:\/\/cressy.ch\/index.php\/wp-json\/wp\/v2\/pages\/47"}],"wp:attachment":[{"href":"https:\/\/cressy.ch\/index.php\/wp-json\/wp\/v2\/media?parent=109"}],"curies":[{"name":"wp","href":"https:\/\/api.w.org\/{rel}","templated":true}]}}