{"id":103,"date":"2016-05-13T13:15:34","date_gmt":"2016-05-13T11:15:34","guid":{"rendered":"http:\/\/www.cressy.ch\/?page_id=103"},"modified":"2016-05-13T13:15:34","modified_gmt":"2016-05-13T11:15:34","slug":"vide-greniers-2013","status":"publish","type":"page","link":"https:\/\/cressy.ch\/index.php\/historique\/2013-2\/vide-greniers-2013\/","title":{"rendered":"vide greniers 2013"},"content":{"rendered":"<div class=\"content\">\n<div>\n<div id=\"node-176\" class=\"node\"><\/div>\n<\/div>\n<div><\/div>\n<div>Quel magnifique vide-grenier\u00a0!<\/div>\n<\/div>\n<div><\/div>\n<div class=\"content\">\n<div>Avec ses 157 tables, le quartier de Cressy a \u00e9t\u00e9 envahi par les exposants et les acheteurs le dimanche 21 avril 2013. Le temps a \u00e9t\u00e9 nuageux, le soleil n\u2019a pas daign\u00e9 darder ses rayons lumineux. Mais, heureusement, le vent violent de la veille a disparu et la pluie n\u2019est pas apparue non plus.<\/div>\n<div>Les exposants ont commenc\u00e9 \u00e0 affluer vers le pr\u00e9au d\u00e8s 7h30 m\u00eame si la mise \u00e0 disposition des tables commen\u00e7ait \u00e0 9h. Au final, ce n\u2019\u00e9tait pas plus mal cela a emp\u00each\u00e9 de trop gros bouchons sur la rue Edouard-Vallet. La valse des voitures a \u00e9t\u00e9 plus \u00e9tal\u00e9e sur le temps.<\/div>\n<div>Les fourmis orange, elles, sont arriv\u00e9es \u00e0 8h tapantes en m\u00eame temps que les jeunes du quartier qu\u2019elles ont engag\u00e9 pour nous aider \u00e0 l\u2019installation des tables sous le pr\u00e9au couvert. Ces manipulations se sont av\u00e9r\u00e9es \u00eatre dangereuses pour une des jeunes\u00a0! Les fourmis avaient d\u00e9j\u00e0 subi dans le pass\u00e9 quelques h\u00e9matomes et blessures. L\u00e0, en voulant prendre une table sur le pont des chariots, pas seulement un banc mais deux ont \u00e9chapp\u00e9 de leurs rang\u00e9es et se sont \u00e9cras\u00e9es sur ses petits \u00ab\u00a0petons\u00a0\u00bb. Gros saignement, gros h\u00e9matome et grosses douleurs ont mis la fourmi-infirmi\u00e8re \u00e0 l\u2019\u0153uvre\u00a0: d\u00e9sinfection, glace et transport \u00e0 la permanence. Heureusement, les os des orteils ont tenu bon\u00a0!<\/div>\n<div>Avec cet incident, la d\u00e9sorganisation a d\u00e9j\u00e0 commenc\u00e9 dans les rangs des fourmis\u00a0!<\/div>\n<div>La fourmi-infirmi\u00e8re avait comme mission de mettre des ficelles aux pieds des tables et bancs de Confignon. La quantit\u00e9 du mat\u00e9riel demand\u00e9e n\u2019a pas pu \u00eatre livr\u00e9e par une seule commune. Alors pour faciliter la t\u00e2che des fourmis-rangeuses afin qu\u2019il n\u2019y ait pas d\u2019erreurs de \u00abdispatchage\u00bb, cette m\u00e9thode est sortie du cerveau de la fourmi-inventeuse. Mais elle s\u2019est av\u00e9r\u00e9e assez rapidement inutile, car il y avait d\u00e9j\u00e0 des tables intruses dans les ponts livr\u00e9s.<\/div>\n<div>A 9h pile, les exposants se sont mis \u00e0 la queue-leu-leu et les fourmis leur ont donn\u00e9 le s\u00e9same pour la table r\u00e9serv\u00e9e au pr\u00e9alable. Gr\u00e2ce au travail de fourmi fait en amont par la fourmi en charge des r\u00e9servations, la queue a \u00e9t\u00e9 \u00ab\u00a0liquid\u00e9e-poutz\u00e9e\u00a0\u00bb en une demi-heure.<\/div>\n<div>Il n\u2019est rest\u00e9 qu\u2019une exposante qui pensait avoir r\u00e9serv\u00e9, mais qui n\u2019avait pas fait les d\u00e9marches correctement. Pour finir, elle a quand m\u00eame pu avoir une table. Ouf, les fourmis n\u2019ont pas fait de malheureux et surtout il n\u2019y a pas eu de \u00ab\u00a0couacs\u00a0\u00bb\u00a0!<\/div>\n<div>Pendant ce temps, la buvette a commenc\u00e9 \u00e0 se remplir de bonnes choses\u00a0: croissants, g\u00e2teaux, sandwichs, pop-corn, brochettes de bonbons, gaufres, pommes, taboul\u00e9, pizzas, hot-dogs et boissons. Ces derni\u00e8res sont arriv\u00e9es avec du retard. La fourmi qui s\u2019est occup\u00e9e de r\u00e9server la camionnette r\u00e9frig\u00e9r\u00e9e a eu un sacr\u00e9 coup de stress\u00a0!<\/div>\n<div>La fourmi-surveillante a travaill\u00e9 dur. Elle a d\u00fb parlementer, expliquer voir m\u00eame exiger. Elle en a eu la gorge toute \u00e9raill\u00e9e, mais a \u00e9t\u00e9 d\u2019une patience d\u2019ange. Faire d\u00e9placer une table \u00e0 un exposant qui n\u2019en avait pas du tout envie a \u00e9t\u00e9 une vraie gageure, faire diminuer la surface d\u2019\u00e9talage des affaires au sol a \u00e9t\u00e9 un sacr\u00e9 challenge, faire enlever les bonbons dans un stand a \u00e9t\u00e9 une vraie difficult\u00e9, faire payer une table personnelle que les exposants ont rajout\u00e9 a \u00e9t\u00e9 une r\u00e9elle gal\u00e8re, refuser \u00e0 des gens non inscrits de venir s\u2019installer a \u00e9t\u00e9 tr\u00e8s compliqu\u00e9. Mais, heureusement, la fourmi-surveillante avait le r\u00e8glement derri\u00e8re elle.<\/div>\n<div>Ce r\u00e8glement qui se peaufine ann\u00e9e apr\u00e8s ann\u00e9e et qui suscite \u00e0 chaque fois beaucoup de discussion au sein du comit\u00e9 organisateur.<\/div>\n<div>Mais malgr\u00e9 l\u2019esprit anticipateur des fourmis, elles se sont trouv\u00e9es confront\u00e9es \u00e0 plus malin qu\u2019elles. Une exposante achetait des affaires \u00e0 un stand et les revendait plus chers sous les yeux \u00e9bahis des enfants qui reconnaissaient leurs affaires qu\u2019ils avaient vendues un peu plus t\u00f4t.<\/div>\n<div>Pour finir, apr\u00e8s un balai de voitures d\u00e9chargeant les affaires, les exposants ont \u00e9t\u00e9 fin pr\u00eats pour accueillir les visiteurs, qui se bousculaient d\u00e9j\u00e0 devant les stands.<\/div>\n<div>Mais qu\u2019est-ce qui peut bien attirer\u00a0tous ces gens\u00a0? Il y a eu tant de choses diff\u00e9rentes \u00e0 acheter qui ont content\u00e9 les enfants \u00e0 la recherche de jeux, les parents ayant besoin d\u2019habits pour leurs bouts de chou, les chineurs \u00e0 la recherche de l\u2019objet rare qu\u2019ils n\u2019ont pas encore dans leur collection, les futurs parents voulant d\u00e9nicher l\u2019objet qu\u2019ils n\u2019ont pas encore achet\u00e9 ou auquel ils n\u2019avaient pas encore pens\u00e9, les grands-parents voulant contenter leurs petits-enfants et les lecteurs \u00e0 la recherche du livre qu\u2019ils n\u2019ont pas encore lu.<\/div>\n<div>Les n\u00e9gociations et marchandages ont commenc\u00e9 \u00e0 10h pour finir \u00e0 16h. Et cela n\u2019a pas arr\u00eat\u00e9 de la journ\u00e9e. Par moment, le passage entre les tables \u00e9tait serr\u00e9 au vu du nombre de gens circulant sur le p\u00e9rim\u00e8tre du pr\u00e9au de l\u2019\u00e9cole.<\/div>\n<div>Le balai de voitures pour trouver des places de parking dans le quartier a \u00e9t\u00e9 intense toute la journ\u00e9e. Le parking pr\u00e9vu aux Evaux n\u2019a pas pu \u00eatre ouvert au vu de la pluie qui avait inond\u00e9 les sols les jours pr\u00e9c\u00e9dents.<\/div>\n<div>Cet \u00e9l\u00e9ment a contribu\u00e9 \u00e0 la 2<sup>\u00e8me<\/sup> d\u00e9sorganisation du planning des fourmis.<\/div>\n<div>Elles se sont rendues compte que malgr\u00e9 la d\u00e9limitation claire entre le parking et le passage des bus mis en place par les agents de la Police Municipale, des visiteurs ont trouv\u00e9 la boucle du terminus du bus tr\u00e8s attirante comme parking. Elles ont donc d\u00fb rester sur place et emp\u00eacher les gens de s\u2019y garer. Malheureusement, il a fallu que la fourmi s\u2019absente quelques minutes pour qu\u2019une voiture vienne se garer sur le chemin Carabot, mais d\u2019une telle mani\u00e8re que le bus ne pouvait plus s\u2019engager sur la place. Une heure plus tard, apr\u00e8s avoir fait d\u00e9tourner les bus au rond point de la route de Lo\u00ebx, la circulation a \u00e9t\u00e9 r\u00e9tablie.<\/div>\n<div>Mais pour qui va \u00eatre la facture\u00a0? Arggh, pour les fourmis\u00a0! Et elle s\u2019av\u00e8re \u00eatre tr\u00e8s sal\u00e9e\u00a0! Eh oui, l\u2019organisateur est responsable m\u00eame si les gens font des \u00ab\u00a0b\u00eatises\u00a0\u00bb. La voiture appartenait \u00e0 une charmante vieille dame qui n\u2019a pas du tout imagin\u00e9 que sa voiture pourrait \u00eatre une g\u00eane.<\/div>\n<div>Les exposants ont eu faim et soif tr\u00e8s rapidement, les fourmis se sont donc activ\u00e9es vivement \u00e0 chauffer les pizzas, pr\u00e9parer les hot-dogs, cuire les gaufres, faire sauter les pop-corn, remplir le frigo de boissons, faire couler le caf\u00e9 et encore tant de choses. Heureusement, 6 membres de l\u2019AIC sont venus pr\u00eater mains fortes aux fourmis. Vive l\u2019entraide entre associations, c\u2019est une sacr\u00e9e chance de pouvoir le faire.<\/div>\n<div>D\u2019ailleurs, ils ont besoin d\u2019aide pour la F\u00eate des Promotions le 27 juin et pour la F\u00eate Nationale le 1 ao\u00fbt.<\/div>\n<div>Les yeux des enfants ont brill\u00e9 de plaisir de pouvoir acheter des nouveaux objets avec les sous qu\u2019ils avaient r\u00e9cup\u00e9r\u00e9s de leur vente.<\/div>\n<div>Le temps passe tellement vite quand on est occup\u00e9, que \u00a016h sonne sans que les gens se soient ennuy\u00e9s.<\/div>\n<div>Les tables se croisent et se recroisent quand les exposants se trompent de ponts de rangements, les fourmis veillent au grain\u00a0!<\/div>\n<div>Elles ont mis les bouch\u00e9es doubles afin de faire un travail parfait. Mais comment rendre des ponts correctement rang\u00e9s si au d\u00e9part il y avait d\u00e9j\u00e0 quelques m\u00e9langes\u00a0? Les fourmis se sont escrim\u00e9es \u00e0 mettre les tables et bancs Confignon sur le pont de la m\u00eame commune et les tables et bancs Bernex chez Bernex. Et bien s\u00fbr il y a eu un banc de trop chez Confignon et une table de trop chez Bernex ainsi qu\u2019un manque de 3 bancs.<\/div>\n<div>Les fourmis ne sont pas couturi\u00e8res. Elles n\u2019ont malheureusement pas la capacit\u00e9 de raccommoder les choses d\u00e9faites.<\/div>\n<div>Le quartier a connu une journ\u00e9e de folie. Ceux qui trouvent que c\u2019est un endroit mort ne peuvent que r\u00e9aliser que c\u2019est faux\u00a0!<\/div>\n<div>En tout cas les fourmis veillent au grain et continueront \u00e0 l\u2019animer malgr\u00e9 les difficult\u00e9s qui surgissent sur leurs chemins.<\/div>\n<\/div>\n<div class=\"clear-block clear\"><\/div>\n","protected":false},"excerpt":{"rendered":"<p>Quel magnifique vide-grenier\u00a0! Avec ses 157 tables, le quartier de Cressy a \u00e9t\u00e9 envahi par les exposants et les acheteurs le dimanche 21 avril 2013. Le temps a \u00e9t\u00e9 nuageux, le soleil n\u2019a pas daign\u00e9 darder ses rayons lumineux. Mais, heureusement, le vent violent de la veille a disparu et \u2026 <a class=\"continue-reading-link\" href=\"https:\/\/cressy.ch\/index.php\/historique\/2013-2\/vide-greniers-2013\/\"> Continue reading <span class=\"meta-nav\">&rarr; <\/span><\/a><\/p>\n","protected":false},"author":1,"featured_media":0,"parent":45,"menu_order":0,"comment_status":"closed","ping_status":"closed","template":"","meta":{"jetpack_post_was_ever_published":false,"footnotes":""},"jetpack_sharing_enabled":true,"jetpack_shortlink":"https:\/\/wp.me\/P7Ajlu-1F","jetpack-related-posts":[{"id":95,"url":"https:\/\/cressy.ch\/index.php\/historique\/2014-2\/vide-greniers-2014\/","url_meta":{"origin":103,"position":0},"title":"vide greniers 2014","author":"chperetti","date":"13 mai 2016","format":false,"excerpt":"Quelle journ\u00e9e ! Le 13 avril, les fourmis orange de l\u2019AHC se sont r\u00e9veill\u00e9es sous l\u2019incroyable luminosit\u00e9 provoqu\u00e9e par le soleil matinal. Elles sont soulag\u00e9es, car elles voyaient d\u00e9j\u00e0 le pr\u00e9au couvert de b\u00e2ches plastiques sous lesquelles les affaires des exposants seraient cach\u00e9es de la vue des visiteurs \u00e0 cause\u2026","rel":"","context":"Article similaire","block_context":{"text":"Article similaire","link":""},"img":{"alt_text":"","src":"","width":0,"height":0},"classes":[]},{"id":117,"url":"https:\/\/cressy.ch\/index.php\/historique\/2012-2\/vide-greniers-2012\/","url_meta":{"origin":103,"position":1},"title":"Vide greniers 2012","author":"chperetti","date":"13 mai 2016","format":false,"excerpt":"L'ouverture du \"Vide-greniers\" de Cressy approche et les fourmis orange de l\u2019AHC sont en pleine \u00e9bullition, surtout celle qui s\u2019occupe de la r\u00e9servation. Entre t\u00e9l\u00e9phones et mails, elle en perd son latin\u00a0! Elle jongle (une vraie virtuose) avec ces multiples listes\u00a0: liste d\u2019adresses, liste des membres AHC (car ils ont\u2026","rel":"","context":"Article similaire","block_context":{"text":"Article similaire","link":""},"img":{"alt_text":"","src":"","width":0,"height":0},"classes":[]},{"id":81,"url":"https:\/\/cressy.ch\/index.php\/historique\/2015-2\/vide-grenier-de-cressy-2015\/","url_meta":{"origin":103,"position":2},"title":"Vide grenier de Cressy 2015","author":"chperetti","date":"13 mai 2016","format":false,"excerpt":"Le vide-grenier du 19 avril 2015 Les fourmis orange se sont d\u00e9men\u00e9es comme de beaux diables, pour transformer le vide-grenier 2015 en une belle r\u00e9ussite. Les t\u00e2ches ont \u00e9t\u00e9 multiples et vari\u00e9es, depuis plusieurs mois d\u00e9j\u00e0, entre passer la commande du mat\u00e9riel (tables, bancs, retricycles, panneaux d\u2019affichage et vaisselle compostable),\u2026","rel":"","context":"Article similaire","block_context":{"text":"Article similaire","link":""},"img":{"alt_text":"","src":"","width":0,"height":0},"classes":[]},{"id":457,"url":"https:\/\/cressy.ch\/index.php\/historique\/2017-2\/vide-grenier-de-cressy-2017\/","url_meta":{"origin":103,"position":3},"title":"vide Grenier 2017","author":"chperetti","date":"3 novembre 2017","format":false,"excerpt":"Vive le vide-grenier\u00a0! Voil\u00e0 l\u2019expression qui est venue \u00e0 l\u2019esprit des petites fourmis orange apr\u00e8s cette magnifique journ\u00e9e du 9 avril. Ce vide-grenier 2017 a eu lieu sous le signe de la convivialit\u00e9, de l\u2019amabilit\u00e9, de l\u2019entraide et de la bonne humeur. Les jeunes sous la houlette du BUPP ont\u2026","rel":"","context":"Article similaire","block_context":{"text":"Article similaire","link":""},"img":{"alt_text":"","src":"","width":0,"height":0},"classes":[]},{"id":124,"url":"https:\/\/cressy.ch\/index.php\/historique\/2011-2\/vide-greniers-2011\/","url_meta":{"origin":103,"position":4},"title":"Vide greniers 2011","author":"chperetti","date":"13 mai 2016","format":false,"excerpt":"VIDE-GRENIER 2011 \u00a0 \u00a0 \u00a0 \u00a0 \u00a0 Le vide-grenier de Cressy ne d\u00e9bute qu\u2019\u00e0 10 heures ce dimanche 10 avril, mais, \u00e0 8 heures d\u00e9j\u00e0, le pr\u00e9au de l\u2019\u00e9cole fourmille de mouvement. Les fourmis orange de l\u2019AHC s\u2019agitent autour de l\u2019installation des tables sous le pr\u00e9au couvert. Elles doivent vider\u2026","rel":"","context":"Article similaire","block_context":{"text":"Article similaire","link":""},"img":{"alt_text":"","src":"","width":0,"height":0},"classes":[]},{"id":97,"url":"https:\/\/cressy.ch\/index.php\/historique\/2013-2\/fete-de-cressy-2013\/","url_meta":{"origin":103,"position":5},"title":"F\u00eate de Cressy 2013","author":"chperetti","date":"13 mai 2016","format":false,"excerpt":"Cette ann\u00e9e la F\u00eate de Cressy s\u2019est d\u00e9roul\u00e9e sous un magnifique soleil d\u2019automne. Les fourmis orange ont eu les antennes creuses lors du choix de la date. \u00a0 La pr\u00e9paration de la f\u00eate a v\u00e9cu quelques petites anicroches qui ont furtivement mis les batteries des fourmis un peu \u00e0 plat.\u2026","rel":"","context":"Article similaire","block_context":{"text":"Article similaire","link":""},"img":{"alt_text":"","src":"","width":0,"height":0},"classes":[]}],"_links":{"self":[{"href":"https:\/\/cressy.ch\/index.php\/wp-json\/wp\/v2\/pages\/103"}],"collection":[{"href":"https:\/\/cressy.ch\/index.php\/wp-json\/wp\/v2\/pages"}],"about":[{"href":"https:\/\/cressy.ch\/index.php\/wp-json\/wp\/v2\/types\/page"}],"author":[{"embeddable":true,"href":"https:\/\/cressy.ch\/index.php\/wp-json\/wp\/v2\/users\/1"}],"replies":[{"embeddable":true,"href":"https:\/\/cressy.ch\/index.php\/wp-json\/wp\/v2\/comments?post=103"}],"version-history":[{"count":1,"href":"https:\/\/cressy.ch\/index.php\/wp-json\/wp\/v2\/pages\/103\/revisions"}],"predecessor-version":[{"id":104,"href":"https:\/\/cressy.ch\/index.php\/wp-json\/wp\/v2\/pages\/103\/revisions\/104"}],"up":[{"embeddable":true,"href":"https:\/\/cressy.ch\/index.php\/wp-json\/wp\/v2\/pages\/45"}],"wp:attachment":[{"href":"https:\/\/cressy.ch\/index.php\/wp-json\/wp\/v2\/media?parent=103"}],"curies":[{"name":"wp","href":"https:\/\/api.w.org\/{rel}","templated":true}]}}